{"id":2646,"date":"2019-10-10T09:41:48","date_gmt":"2019-10-10T09:41:48","guid":{"rendered":"https:\/\/cacauet.net\/pucheros-y-cazuelas"},"modified":"2024-05-01T12:21:05","modified_gmt":"2024-05-01T12:21:05","slug":"pucheros-y-cazuelas","status":"publish","type":"page","link":"https:\/\/cacauet.net\/es\/pucheros-y-cazuelas","title":{"rendered":"Pucheros y cazuelas"},"content":{"rendered":"<section class=\"wpb-content-wrapper\"><p>[vc_row][vc_column][vc_column_text]<\/p>\n<h2>Pucheros y cazuelas<\/h2>\n<h3 class=\"has-text-align-left\"><strong>Narraci\u00f3n oral<\/strong><\/h3>\n<p class=\"has-text-align-left\">Versi\u00f3n de un cuento de Gianni Rodari. La mejor cocinera vive en un pueblecito de Italia donde todo el mundo exclama maravillado despu\u00e9s de probar sus mermeladas. Apolonia cocinar\u00e1 por todo el que le pida y tambi\u00e9n por quien m\u00e1s lo necesite. Es generosa y todo el mundo la quiere. Un d\u00eda el emperador querr\u00e1 conocerla, pero por un accidente inesperado no todo saldr\u00e1 como se esperaba.<\/p>\n<p>[\/vc_column_text][\/vc_column][\/vc_row]<\/p>\n<\/section>","protected":false},"excerpt":{"rendered":"<p>[vc_row][vc_column][vc_column_text] Pucheros y cazuelas Narraci\u00f3n oral Versi\u00f3n de un cuento de Gianni Rodari. La mejor cocinera vive en un pueblecito de Italia donde todo el mundo exclama maravillado despu\u00e9s de probar sus mermeladas. Apolonia cocinar\u00e1 por todo el que le pida y tambi\u00e9n por quien m\u00e1s lo necesite. Es generosa y todo el mundo la&hellip;<\/p>\n","protected":false},"author":1,"featured_media":0,"parent":0,"menu_order":0,"comment_status":"closed","ping_status":"closed","template":"","meta":[],"_links":{"self":[{"href":"https:\/\/cacauet.net\/es\/wp-json\/wp\/v2\/pages\/2646"}],"collection":[{"href":"https:\/\/cacauet.net\/es\/wp-json\/wp\/v2\/pages"}],"about":[{"href":"https:\/\/cacauet.net\/es\/wp-json\/wp\/v2\/types\/page"}],"author":[{"embeddable":true,"href":"https:\/\/cacauet.net\/es\/wp-json\/wp\/v2\/users\/1"}],"replies":[{"embeddable":true,"href":"https:\/\/cacauet.net\/es\/wp-json\/wp\/v2\/comments?post=2646"}],"version-history":[{"count":6,"href":"https:\/\/cacauet.net\/es\/wp-json\/wp\/v2\/pages\/2646\/revisions"}],"predecessor-version":[{"id":2818,"href":"https:\/\/cacauet.net\/es\/wp-json\/wp\/v2\/pages\/2646\/revisions\/2818"}],"wp:attachment":[{"href":"https:\/\/cacauet.net\/es\/wp-json\/wp\/v2\/media?parent=2646"}],"curies":[{"name":"wp","href":"https:\/\/api.w.org\/{rel}","templated":true}]}}