{"id":2638,"date":"2019-01-01T15:04:23","date_gmt":"2019-01-01T15:04:23","guid":{"rendered":"https:\/\/cacauet.net\/narracion-oral"},"modified":"2023-08-25T12:37:33","modified_gmt":"2023-08-25T12:37:33","slug":"narracion-oral","status":"publish","type":"page","link":"https:\/\/cacauet.net\/es\/narracion-oral","title":{"rendered":"Narraci\u00f3n oral"},"content":{"rendered":"<section class=\"wpb-content-wrapper\"><p>[vc_row][vc_column][vc_column_text]<\/p>\n<h1>Narraci\u00f3n oral y talleres creativos<\/h1>\n<p>&nbsp;<\/p>\n<p>He aqu\u00ed las sesiones de cuentos que podemos ofrecer. Para ni\u00f1as y ni\u00f1os a partir de 4 a\u00f1os y seguidamente para el p\u00fablico de 12 meses hasta 5 a\u00f1os. Hay sesiones m\u00e1gicas con teatro de sombras que requieren oscurecer bien el espacio, otras con objetos y t\u00edteres. Tambi\u00e9n hay sesiones donde el cuerpo y la voz son los protagonistas. Todas son historias que nos gustan mucho, por eso est\u00e1n aqu\u00ed. Tem\u00e1ticas actuales y variadas \u00a1Ojea, elige y pide lo que necesites saber!<\/p>\n<p>Al final tienes los talleres[\/vc_column_text][\/vc_column][\/vc_row][vc_row][vc_column][vc_column_text]<\/p>\n<h3>+ 4 a\u00f1os<\/h3>\n<p>[\/vc_column_text][\/vc_column][\/vc_row][vc_row][vc_column width=\u00bb1\/3&#8243;][vc_column_text]<\/p>\n<h2>All\u00e1 donde viven los monstruos<\/h2>\n<p>Cuento de Maurice Sendak Una isla donde todo \u00e9s posible Crecer[\/vc_column_text][vc_single_image image=\u00bb2337&#8243; img_size=\u00bbfull\u00bb onclick=\u00bbcustom_link\u00bb link=\u00bbhttp:\/\/cacauet.net\/monstres\u00bb][vc_column_text]<\/p>\n<h2>La madre modista.<\/h2>\n<p>Cultura jud\u00eda Mujer y oficio Sostenibilidad<\/p>\n<p>[\/vc_column_text][vc_single_image image=\u00bb2335&#8243; img_size=\u00bbfull\u00bb onclick=\u00bbcustom_link\u00bb link=\u00bbhttp:\/\/cacauet.net\/mare-modista\u00bb][vc_column_text]<\/p>\n<h2>Irene la valiente<\/h2>\n<p>Cuento de William Steig. Coraje.[\/vc_column_text][vc_single_image image=\u00bb2321&#8243; img_size=\u00bbfull\u00bb onclick=\u00bbcustom_link\u00bb link=\u00bbhttp:\/\/cacauet.net\/irene-la-valenta\u00bb][\/vc_column][vc_column width=\u00bb1\/3&#8243;][vc_column_text]<\/p>\n<h2>Pucheros y cazuelas<\/h2>\n<p>Cuento de Gianni Rodari. Imaginaci\u00f3n y buen humor.[\/vc_column_text][vc_single_image image=\u00bb2331&#8243; img_size=\u00bbfull\u00bb onclick=\u00bbcustom_link\u00bb link=\u00bbhttp:\/\/cacauet.net\/olles-i-cassoles\u00bb][vc_column_text]<\/p>\n<h2>El mono y la tortuga<\/h2>\n<p>Teatrillo de sombras Cuento filipino Amistad La riqueza de la diversitat[\/vc_column_text][vc_single_image image=\u00bb2327&#8243; img_size=\u00bbfull\u00bb add_caption=\u00bbyes\u00bb onclick=\u00bbcustom_link\u00bb css_animation=\u00bbnone\u00bb link=\u00bbhttp:\/\/cacauet.net\/mico-tortuga\u00bb][vc_column_text]<\/p>\n<h2>Tiki Tiki Tembo ser\u00e1s m\u00fasico<\/h2>\n<p>Cuento de la China Valor de la infancia Hermanos[\/vc_column_text][vc_single_image image=\u00bb2325&#8243; img_size=\u00bbfull\u00bb add_caption=\u00bbyes\u00bb onclick=\u00bbcustom_link\u00bb css_animation=\u00bbnone\u00bb link=\u00bbhttp:\/\/cacauet.net\/tiki-tiki\u00bb][\/vc_column][vc_column width=\u00bb1\/3&#8243;][vc_empty_space height=\u00bb65px\u00bb][vc_column_text]<\/p>\n<h2>Papel<\/h2>\n<p>Imagina y ser\u00e1s libre Un mar y una barca de papel&#8230;[\/vc_column_text][vc_single_image image=\u00bb2333&#8243; img_size=\u00bbfull\u00bb onclick=\u00bbcustom_link\u00bb link=\u00bbhttp:\/\/cacauet.net\/paper\u00bb][vc_column_text]<\/p>\n<h2>El mejor regalo del mundo<\/h2>\n<p>Teatro de sombras.El nostre cl\u00e0ssic. No se puede comprar todo con dinero.[\/vc_column_text][vc_single_image image=\u00bb2329&#8243; img_size=\u00bbfull\u00bb onclick=\u00bbcustom_link\u00bb link=\u00bbhttp:\/\/cacauet.net\/el-millor-regal-del-mon\u00bb][\/vc_column][\/vc_row][vc_row][vc_column][vc_separator][vc_column_text]<\/p>\n<h3>12 meses a 4 a\u00f1os<\/h3>\n<p>[\/vc_column_text][\/vc_column][\/vc_row][vc_row][vc_column width=\u00bb1\/3&#8243;][vc_column_text]<\/p>\n<h2>Piedra piedrecilla<\/h2>\n<p>Versi\u00f3n de Petra de Marianna Coppo. Jugar para aprender[\/vc_column_text][vc_single_image image=\u00bb2546&#8243; img_size=\u00bbfull\u00bb onclick=\u00bbcustom_link\u00bb link=\u00bbhttp:\/\/cacauet.net\/pedra-pedreta\u00bb][vc_column_text]<\/p>\n<h2>Lentamente<\/h2>\n<p>Cuento original. Sin prisa Ahora y aqu\u00ed mismo Con canciones[\/vc_column_text][vc_single_image image=\u00bb2323&#8243; img_size=\u00bbfull\u00bb onclick=\u00bbcustom_link\u00bb link=\u00bbhttp:\/\/cacauet.net\/lentament\u00bb][\/vc_column][vc_column width=\u00bb1\/3&#8243;][vc_column_text]<\/p>\n<h2>En medio del bosque.<\/h2>\n<p>Cuentos y poemas de Ramon Besora. Celebrar la vida.[\/vc_column_text][vc_single_image image=\u00bb2317&#8243; img_size=\u00bbfull\u00bb onclick=\u00bbcustom_link\u00bb link=\u00bbhttp:\/\/cacauet.net\/dins-la-clariana\u00bb][\/vc_column][vc_column width=\u00bb1\/3&#8243;][vc_column_text]<\/p>\n<h2>El rat\u00f3n Frederick<\/h2>\n<p>Basado en el cuento de Leo Lionni. Con canciones y poes\u00eda.[\/vc_column_text][vc_single_image image=\u00bb2319&#8243; img_size=\u00bbfull\u00bb onclick=\u00bbcustom_link\u00bb link=\u00bbhttp:\/\/cacauet.net\/frederic\u00bb][\/vc_column][vc_column][vc_separator][vc_column_text]<\/p>\n<h3>Talleres<\/h3>\n<p>[\/vc_column_text][\/vc_column][\/vc_row][vc_row][vc_column width=\u00bb1\/3&#8243;][vc_column_text]<\/p>\n<h2>Llibrillo impreso con poes\u00eda<\/h2>\n<p>Taller de estampaci\u00f3n Collage. A partir de 6 a\u00f1os.[\/vc_column_text][vc_single_image image=\u00bb2447&#8243; img_size=\u00bbfull\u00bb onclick=\u00bbcustom_link\u00bb link=\u00bbhttp:\/\/cacauet.net\/llibret-estampat-imatge-i-poesia\u00bb][\/vc_column][vc_column width=\u00bb1\/3&#8243;][vc_column_text]<\/p>\n<h2>juego con luces y sombras<\/h2>\n<p>Taller con teatro de luces y sombras Adaptable a todas las edades Adultos tambi\u00e9n[\/vc_column_text][vc_single_image image=\u00bb2449&#8243; img_size=\u00bbfull\u00bb onclick=\u00bbcustom_link\u00bb link=\u00bbhttp:\/\/cacauet.net\/llum-ombres\u00bb][\/vc_column][vc_column width=\u00bb1\/3&#8243;][vc_column_text]<\/p>\n<h2>Raras y diversas<\/h2>\n<p>Taller sobre cuerpos diversos Salud A partir de 7 a\u00f1os.[\/vc_column_text][vc_single_image image=\u00bb2451&#8243; img_size=\u00bbfull\u00bb][\/vc_column][\/vc_row]<\/p>\n<\/section>","protected":false},"excerpt":{"rendered":"<p>[vc_row][vc_column][vc_column_text] Narraci\u00f3n oral y talleres creativos &nbsp; He aqu\u00ed las sesiones de cuentos que podemos ofrecer. Para ni\u00f1as y ni\u00f1os a partir de 4 a\u00f1os y seguidamente para el p\u00fablico de 12 meses hasta 5 a\u00f1os. Hay sesiones m\u00e1gicas con teatro de sombras que requieren oscurecer bien el espacio, otras con objetos y t\u00edteres. Tambi\u00e9n&hellip;<\/p>\n","protected":false},"author":1,"featured_media":0,"parent":0,"menu_order":0,"comment_status":"closed","ping_status":"closed","template":"","meta":[],"_links":{"self":[{"href":"https:\/\/cacauet.net\/es\/wp-json\/wp\/v2\/pages\/2638"}],"collection":[{"href":"https:\/\/cacauet.net\/es\/wp-json\/wp\/v2\/pages"}],"about":[{"href":"https:\/\/cacauet.net\/es\/wp-json\/wp\/v2\/types\/page"}],"author":[{"embeddable":true,"href":"https:\/\/cacauet.net\/es\/wp-json\/wp\/v2\/users\/1"}],"replies":[{"embeddable":true,"href":"https:\/\/cacauet.net\/es\/wp-json\/wp\/v2\/comments?post=2638"}],"version-history":[{"count":17,"href":"https:\/\/cacauet.net\/es\/wp-json\/wp\/v2\/pages\/2638\/revisions"}],"predecessor-version":[{"id":2672,"href":"https:\/\/cacauet.net\/es\/wp-json\/wp\/v2\/pages\/2638\/revisions\/2672"}],"wp:attachment":[{"href":"https:\/\/cacauet.net\/es\/wp-json\/wp\/v2\/media?parent=2638"}],"curies":[{"name":"wp","href":"https:\/\/api.w.org\/{rel}","templated":true}]}}