{"id":2625,"date":"2020-12-27T11:12:15","date_gmt":"2020-12-27T11:12:15","guid":{"rendered":"https:\/\/cacauet.net\/juego-con-luz-y-sombras"},"modified":"2023-08-25T11:02:16","modified_gmt":"2023-08-25T11:02:16","slug":"juego-con-luz-y-sombras","status":"publish","type":"page","link":"https:\/\/cacauet.net\/es\/juego-con-luz-y-sombras","title":{"rendered":"Juego con luz y sombras."},"content":{"rendered":"<section class=\"wpb-content-wrapper\"><p>[vc_row][vc_column][vc_column_text]<\/p>\n<h2 class=\"wp-block-preformatted\">Juego con luz y sombras.<\/h2>\n<p>Crearemos unos ca\u00f1ones de luz y sus plantillas para proyectar luz y color a un techo, pared o pantalla que deseemos.<br \/>\nDibujaremos estrellas, constelaciones y planetas y las proyectaremos. Llenguatge del teatre de llums i ombres que d\u00f3na espai a la sorpresa, la curiositat i sobretot a la creativitat de cada nen i nena.<\/p>\n<p><strong>REQUISITOS<\/strong><\/p>\n<p>Espacio bien iluminado y acogedor para realizar el taller. Tambi\u00e9n un espacio o el mismo que se pueda infosquir 10 minutos para ver las creaciones. Podr\u00eda ser exterior durante la construcci\u00f3n si no sopla mucho el viento. Se necesitan mesas. Las sillas son opcionales.<\/p>\n<p>Este taller es ideal entre 15 y 25 ni\u00f1as y ni\u00f1os. Tambi\u00e9n puede venir un adulto acompa\u00f1ante.<\/p>\n<p><strong>Duraci\u00f3n. 1hora<\/strong>[\/vc_column_text][\/vc_column][\/vc_row][vc_row][vc_column]<style type=\"text\/css\" data-type=\"the7_shortcodes-inline-css\">.gallery-shortcode.gallery-masonry-shortcode-id-3f1ead5044f65e38b4198fb4000e9575 figure,\n.gallery-shortcode.gallery-masonry-shortcode-id-3f1ead5044f65e38b4198fb4000e9575 .rollover,\n.gallery-shortcode.gallery-masonry-shortcode-id-3f1ead5044f65e38b4198fb4000e9575 img,\n.gallery-shortcode.gallery-masonry-shortcode-id-3f1ead5044f65e38b4198fb4000e9575 .gallery-rollover {\n  border-radius: 0px;\n}\n.gallery-shortcode.gallery-masonry-shortcode-id-3f1ead5044f65e38b4198fb4000e9575.enable-bg-rollover .gallery-rollover {\n  background: -webkit-linear-gradient();\n  background: linear-gradient();\n}\n.gallery-shortcode.gallery-masonry-shortcode-id-3f1ead5044f65e38b4198fb4000e9575.enable-bg-rollover.hover-scale figure .rollover:after {\n  background: -webkit-linear-gradient();\n  background: linear-gradient();\n}\n.gallery-shortcode.gallery-masonry-shortcode-id-3f1ead5044f65e38b4198fb4000e9575 .gallery-zoom-ico {\n  width: 44px;\n  height: 44px;\n  line-height: 44px;\n  border-radius: 100px;\n  margin: -22px 0 0 -22px;\n  border-width: 0px;\n  color: #ffffff;\n}\n.dt-icon-bg-on.gallery-shortcode.gallery-masonry-shortcode-id-3f1ead5044f65e38b4198fb4000e9575 .gallery-zoom-ico {\n  background: rgba(255,255,255,0.3);\n  box-shadow: none;\n}\n.gallery-shortcode.gallery-masonry-shortcode-id-3f1ead5044f65e38b4198fb4000e9575 .gallery-zoom-ico:before,\n.gallery-shortcode.gallery-masonry-shortcode-id-3f1ead5044f65e38b4198fb4000e9575 .gallery-zoom-ico span {\n  font-size: 32px;\n  line-height: 44px;\n  color: #ffffff;\n}\n.gallery-shortcode.gallery-masonry-shortcode-id-3f1ead5044f65e38b4198fb4000e9575:not(.resize-by-browser-width) .dt-css-grid {\n  grid-row-gap: 10px;\n  grid-column-gap: 10px;\n  grid-template-columns: repeat(auto-fill,minmax(,1fr));\n}\n.gallery-shortcode.gallery-masonry-shortcode-id-3f1ead5044f65e38b4198fb4000e9575:not(.resize-by-browser-width) .dt-css-grid .double-width {\n  grid-column: span 2;\n}\n.cssgridlegacy.no-cssgrid .gallery-shortcode.gallery-masonry-shortcode-id-3f1ead5044f65e38b4198fb4000e9575:not(.resize-by-browser-width) .dt-css-grid,\n.no-cssgridlegacy.no-cssgrid .gallery-shortcode.gallery-masonry-shortcode-id-3f1ead5044f65e38b4198fb4000e9575:not(.resize-by-browser-width) .dt-css-grid {\n  display: flex;\n  flex-flow: row wrap;\n  margin: -5px;\n}\n.cssgridlegacy.no-cssgrid .gallery-shortcode.gallery-masonry-shortcode-id-3f1ead5044f65e38b4198fb4000e9575:not(.resize-by-browser-width) .dt-css-grid .wf-cell,\n.no-cssgridlegacy.no-cssgrid .gallery-shortcode.gallery-masonry-shortcode-id-3f1ead5044f65e38b4198fb4000e9575:not(.resize-by-browser-width) .dt-css-grid .wf-cell {\n  flex: 1 0 ;\n  max-width: 100%;\n  padding: 5px;\n  box-sizing: border-box;\n}\n.gallery-shortcode.gallery-masonry-shortcode-id-3f1ead5044f65e38b4198fb4000e9575.resize-by-browser-width .dt-css-grid {\n  grid-template-columns: repeat(3,1fr);\n  grid-template-rows: auto;\n  grid-column-gap: 10px;\n  grid-row-gap: 10px;\n}\n.gallery-shortcode.gallery-masonry-shortcode-id-3f1ead5044f65e38b4198fb4000e9575.resize-by-browser-width .dt-css-grid .double-width {\n  grid-column: span 2;\n}\n.cssgridlegacy.no-cssgrid .gallery-shortcode.gallery-masonry-shortcode-id-3f1ead5044f65e38b4198fb4000e9575.resize-by-browser-width .dt-css-grid {\n  margin: -5px;\n}\n.cssgridlegacy.no-cssgrid .gallery-shortcode.gallery-masonry-shortcode-id-3f1ead5044f65e38b4198fb4000e9575.resize-by-browser-width .dt-css-grid .wf-cell {\n  width: 33.333333333333%;\n  padding: 5px;\n}\n.cssgridlegacy.no-cssgrid .gallery-shortcode.gallery-masonry-shortcode-id-3f1ead5044f65e38b4198fb4000e9575.resize-by-browser-width .dt-css-grid .wf-cell.double-width {\n  width: calc(33.333333333333%) * 2;\n}\n.gallery-shortcode.gallery-masonry-shortcode-id-3f1ead5044f65e38b4198fb4000e9575.resize-by-browser-width:not(.centered-layout-list):not(.content-bg-on) .dt-css-grid {\n  grid-row-gap: 10px - ;\n}\n@media screen and (max-width: 1199px) {\n  .gallery-shortcode.gallery-masonry-shortcode-id-3f1ead5044f65e38b4198fb4000e9575.resize-by-browser-width .dt-css-grid {\n    grid-template-columns: repeat(3,1fr);\n  }\n  .cssgridlegacy.no-cssgrid .gallery-shortcode.gallery-masonry-shortcode-id-3f1ead5044f65e38b4198fb4000e9575.resize-by-browser-width .dt-css-grid .wf-cell,\n  .no-cssgridlegacy.no-cssgrid .gallery-shortcode.gallery-masonry-shortcode-id-3f1ead5044f65e38b4198fb4000e9575.resize-by-browser-width .dt-css-grid .wf-cell {\n    width: 33.333333333333%;\n  }\n  .cssgridlegacy.no-cssgrid .gallery-shortcode.gallery-masonry-shortcode-id-3f1ead5044f65e38b4198fb4000e9575.resize-by-browser-width .dt-css-grid .wf-cell.double-width,\n  .no-cssgridlegacy.no-cssgrid .gallery-shortcode.gallery-masonry-shortcode-id-3f1ead5044f65e38b4198fb4000e9575.resize-by-browser-width .dt-css-grid .wf-cell.double-width {\n    width: calc(33.333333333333%)*2;\n  }\n}\n@media screen and (max-width: 991px) {\n  .gallery-shortcode.gallery-masonry-shortcode-id-3f1ead5044f65e38b4198fb4000e9575.resize-by-browser-width .dt-css-grid {\n    grid-template-columns: repeat(3,1fr);\n  }\n  .cssgridlegacy.no-cssgrid .gallery-shortcode.gallery-masonry-shortcode-id-3f1ead5044f65e38b4198fb4000e9575.resize-by-browser-width .dt-css-grid .wf-cell,\n  .no-cssgridlegacy.no-cssgrid .gallery-shortcode.gallery-masonry-shortcode-id-3f1ead5044f65e38b4198fb4000e9575.resize-by-browser-width .dt-css-grid .wf-cell {\n    width: 33.333333333333%;\n  }\n  .cssgridlegacy.no-cssgrid .gallery-shortcode.gallery-masonry-shortcode-id-3f1ead5044f65e38b4198fb4000e9575.resize-by-browser-width .dt-css-grid .wf-cell.double-width,\n  .no-cssgridlegacy.no-cssgrid .gallery-shortcode.gallery-masonry-shortcode-id-3f1ead5044f65e38b4198fb4000e9575.resize-by-browser-width .dt-css-grid .wf-cell.double-width {\n    width: calc(33.333333333333%)*2;\n  }\n}\n@media screen and (max-width: 767px) {\n  .gallery-shortcode.gallery-masonry-shortcode-id-3f1ead5044f65e38b4198fb4000e9575.resize-by-browser-width .dt-css-grid {\n    grid-template-columns: repeat(1,1fr);\n  }\n  .cssgridlegacy.no-cssgrid .gallery-shortcode.gallery-masonry-shortcode-id-3f1ead5044f65e38b4198fb4000e9575.resize-by-browser-width .dt-css-grid .wf-cell,\n  .no-cssgridlegacy.no-cssgrid .gallery-shortcode.gallery-masonry-shortcode-id-3f1ead5044f65e38b4198fb4000e9575.resize-by-browser-width .dt-css-grid .wf-cell {\n    width: 100%;\n  }\n  .cssgridlegacy.no-cssgrid .gallery-shortcode.gallery-masonry-shortcode-id-3f1ead5044f65e38b4198fb4000e9575.resize-by-browser-width .dt-css-grid .wf-cell.double-width,\n  .no-cssgridlegacy.no-cssgrid .gallery-shortcode.gallery-masonry-shortcode-id-3f1ead5044f65e38b4198fb4000e9575.resize-by-browser-width .dt-css-grid .wf-cell.double-width {\n    width: calc(100%)*2;\n  }\n}\n<\/style><div class=\"gallery-shortcode dt-gallery-container gallery-masonry-shortcode-id-3f1ead5044f65e38b4198fb4000e9575 mode-grid jquery-filter dt-icon-bg-off quick-scale-img dt-css-grid-wrap enable-bg-rollover resize-by-browser-width  hover-fade loading-effect-none description-on-hover\" data-padding=\"5px\" data-cur-page=\"1\" data-post-limit=\"-1\" data-pagination-mode=\"none\" data-desktop-columns-num=\"3\" data-v-tablet-columns-num=\"3\" data-h-tablet-columns-num=\"3\" data-phone-columns-num=\"1\" data-width=\"0px\" data-columns=\"0\"><div class=\"dt-css-grid\" ><div class=\"wf-cell\" data-post-id=\"2207\" data-date=\"2022-04-05T10:30:24+00:00\" data-name=\"tallerllum4\"><figure class=\"post visible\"><a href=\"https:\/\/cacauet.net\/wp-content\/uploads\/2022\/04\/tallerllum4-scaled.jpg\" class=\"rollover dt-pswp-item layzr-bg\" data-large_image_width=\"2560\" data-large_image_height=\"2453\" data-dt-img-description=\"\" title=\"tallerllum4\"><img class=\"preload-me iso-lazy-load aspect\" src=\"data:image\/svg+xml,%3Csvg%20xmlns%3D&#39;http%3A%2F%2Fwww.w3.org%2F2000%2Fsvg&#39;%20viewBox%3D&#39;0%200%20768%20768&#39;%2F%3E\" data-src=\"https:\/\/cacauet.net\/wp-content\/uploads\/2022\/04\/tallerllum4-scaled-768x768.jpg\" data-srcset=\"https:\/\/cacauet.net\/wp-content\/uploads\/2022\/04\/tallerllum4-scaled-768x768.jpg 768w, https:\/\/cacauet.net\/wp-content\/uploads\/2022\/04\/tallerllum4-scaled-1152x1152.jpg 1152w\" loading=\"eager\" style=\"--ratio: 768 \/ 768\" sizes=\"(max-width: 768px) 100vw, 768px\" alt=\"\" width=\"768\" height=\"768\"  \/><span class=\"gallery-rollover\"><span class=\"gallery-zoom-ico icomoon-the7-font-the7-zoom-06\"><span><\/span><\/span><\/span><\/a><\/figure><\/div><div class=\"wf-cell\" data-post-id=\"2205\" data-date=\"2022-04-05T10:30:22+00:00\" data-name=\"tallerllum2\"><figure class=\"post visible\"><a href=\"https:\/\/cacauet.net\/wp-content\/uploads\/2022\/04\/tallerllum2.webp\" class=\"rollover dt-pswp-item layzr-bg\" data-large_image_width=\"1440\" data-large_image_height=\"1440\" data-dt-img-description=\"\" title=\"tallerllum2\"><img class=\"preload-me iso-lazy-load aspect\" src=\"data:image\/svg+xml,%3Csvg%20xmlns%3D&#39;http%3A%2F%2Fwww.w3.org%2F2000%2Fsvg&#39;%20viewBox%3D&#39;0%200%20768%20768&#39;%2F%3E\" data-src=\"https:\/\/cacauet.net\/wp-content\/uploads\/2022\/04\/tallerllum2-768x768.webp\" data-srcset=\"https:\/\/cacauet.net\/wp-content\/uploads\/2022\/04\/tallerllum2-768x768.webp 768w, https:\/\/cacauet.net\/wp-content\/uploads\/2022\/04\/tallerllum2-1152x1152.webp 1152w\" loading=\"eager\" style=\"--ratio: 768 \/ 768\" sizes=\"(max-width: 768px) 100vw, 768px\" alt=\"\" width=\"768\" height=\"768\"  \/><span class=\"gallery-rollover\"><span class=\"gallery-zoom-ico icomoon-the7-font-the7-zoom-06\"><span><\/span><\/span><\/span><\/a><\/figure><\/div><div class=\"wf-cell\" data-post-id=\"2203\" data-date=\"2022-04-05T10:30:21+00:00\" data-name=\"tallerllum\"><figure class=\"post visible\"><a href=\"https:\/\/cacauet.net\/wp-content\/uploads\/2022\/04\/tallerllum.webp\" class=\"rollover dt-pswp-item layzr-bg\" data-large_image_width=\"1440\" data-large_image_height=\"1440\" data-dt-img-description=\"\" title=\"tallerllum\"><img class=\"preload-me iso-lazy-load aspect\" src=\"data:image\/svg+xml,%3Csvg%20xmlns%3D&#39;http%3A%2F%2Fwww.w3.org%2F2000%2Fsvg&#39;%20viewBox%3D&#39;0%200%20768%20768&#39;%2F%3E\" data-src=\"https:\/\/cacauet.net\/wp-content\/uploads\/2022\/04\/tallerllum-768x768.webp\" data-srcset=\"https:\/\/cacauet.net\/wp-content\/uploads\/2022\/04\/tallerllum-768x768.webp 768w, https:\/\/cacauet.net\/wp-content\/uploads\/2022\/04\/tallerllum-1152x1152.webp 1152w\" loading=\"eager\" style=\"--ratio: 768 \/ 768\" sizes=\"(max-width: 768px) 100vw, 768px\" alt=\"\" width=\"768\" height=\"768\"  \/><span class=\"gallery-rollover\"><span class=\"gallery-zoom-ico icomoon-the7-font-the7-zoom-06\"><span><\/span><\/span><\/span><\/a><\/figure><\/div><div class=\"wf-cell\" data-post-id=\"2019\" data-date=\"2021-10-30T09:03:16+00:00\" data-name=\"astronomia-fantastica\"><figure class=\"post visible\"><a href=\"https:\/\/cacauet.net\/wp-content\/uploads\/2021\/10\/astronomia-fantastica.jpg\" class=\"rollover dt-pswp-item layzr-bg\" data-large_image_width=\"1411\" data-large_image_height=\"1118\" data-dt-img-description=\"\" title=\"astronomia-fantastica\"><img class=\"preload-me iso-lazy-load aspect\" src=\"data:image\/svg+xml,%3Csvg%20xmlns%3D&#39;http%3A%2F%2Fwww.w3.org%2F2000%2Fsvg&#39;%20viewBox%3D&#39;0%200%20768%20768&#39;%2F%3E\" data-src=\"https:\/\/cacauet.net\/wp-content\/uploads\/2021\/10\/astronomia-fantastica-768x768.jpg\" data-srcset=\"https:\/\/cacauet.net\/wp-content\/uploads\/2021\/10\/astronomia-fantastica-768x768.jpg 768w, https:\/\/cacauet.net\/wp-content\/uploads\/2021\/10\/astronomia-fantastica-1118x1118.jpg 1118w\" loading=\"eager\" style=\"--ratio: 768 \/ 768\" sizes=\"(max-width: 768px) 100vw, 768px\" alt=\"\" width=\"768\" height=\"768\"  \/><span class=\"gallery-rollover\"><span class=\"gallery-zoom-ico icomoon-the7-font-the7-zoom-06\"><span><\/span><\/span><\/span><\/a><\/figure><\/div><div class=\"wf-cell\" data-post-id=\"1945\" data-date=\"2019-10-08T16:33:58+00:00\" data-name=\"Taller astronomia fant\u00e0stica 2\"><figure class=\"post visible\"><a href=\"https:\/\/cacauet.net\/wp-content\/uploads\/2019\/10\/Taller-astronomia-fant\u00e0stica-2-e1570552608696.jpg\" class=\"rollover dt-pswp-item layzr-bg\" data-large_image_width=\"532\" data-large_image_height=\"532\" data-dt-img-description=\"\" title=\"Taller astronomia fant\u00e0stica 2\"><img class=\"preload-me iso-lazy-load aspect\" src=\"data:image\/svg+xml,%3Csvg%20xmlns%3D&#39;http%3A%2F%2Fwww.w3.org%2F2000%2Fsvg&#39;%20viewBox%3D&#39;0%200%20532%20532&#39;%2F%3E\" data-src=\"https:\/\/cacauet.net\/wp-content\/uploads\/2019\/10\/Taller-astronomia-fant\u00e0stica-2-e1570552608696.jpg\" data-srcset=\"https:\/\/cacauet.net\/wp-content\/uploads\/2019\/10\/Taller-astronomia-fant\u00e0stica-2-e1570552608696.jpg 532w\" loading=\"eager\" style=\"--ratio: 532 \/ 532\" sizes=\"(max-width: 532px) 100vw, 532px\" alt=\"\" width=\"532\" height=\"532\"  \/><span class=\"gallery-rollover\"><span class=\"gallery-zoom-ico icomoon-the7-font-the7-zoom-06\"><span><\/span><\/span><\/span><\/a><\/figure><\/div><div class=\"wf-cell\" data-post-id=\"1947\" data-date=\"2019-10-08T16:34:01+00:00\" data-name=\"Taller astronomia fant\u00e0stica\"><figure class=\"post visible\"><a href=\"https:\/\/cacauet.net\/wp-content\/uploads\/2019\/10\/Taller-astronomia-fant\u00e0stica.jpg\" class=\"rollover dt-pswp-item layzr-bg\" data-large_image_width=\"1600\" data-large_image_height=\"900\" data-dt-img-description=\"\" title=\"Taller astronomia fant\u00e0stica\"><img class=\"preload-me iso-lazy-load aspect\" src=\"data:image\/svg+xml,%3Csvg%20xmlns%3D&#39;http%3A%2F%2Fwww.w3.org%2F2000%2Fsvg&#39;%20viewBox%3D&#39;0%200%20768%20768&#39;%2F%3E\" data-src=\"https:\/\/cacauet.net\/wp-content\/uploads\/2019\/10\/Taller-astronomia-fant\u00e0stica-768x768.jpg\" data-srcset=\"https:\/\/cacauet.net\/wp-content\/uploads\/2019\/10\/Taller-astronomia-fant\u00e0stica-768x768.jpg 768w, https:\/\/cacauet.net\/wp-content\/uploads\/2019\/10\/Taller-astronomia-fant\u00e0stica-900x900.jpg 900w\" loading=\"eager\" style=\"--ratio: 768 \/ 768\" sizes=\"(max-width: 768px) 100vw, 768px\" alt=\"\" width=\"768\" height=\"768\"  \/><span class=\"gallery-rollover\"><span class=\"gallery-zoom-ico icomoon-the7-font-the7-zoom-06\"><span><\/span><\/span><\/span><\/a><\/figure><\/div><\/div><!-- iso-container|iso-grid --><\/div>[\/vc_column][\/vc_row]<\/p>\n<\/section>","protected":false},"excerpt":{"rendered":"<p>[vc_row][vc_column][vc_column_text] Juego con luz y sombras. Crearemos unos ca\u00f1ones de luz y sus plantillas para proyectar luz y color a un techo, pared o pantalla que deseemos. Dibujaremos estrellas, constelaciones y planetas y las proyectaremos. Llenguatge del teatre de llums i ombres que d\u00f3na espai a la sorpresa, la curiositat i sobretot a la creativitat&hellip;<\/p>\n","protected":false},"author":1,"featured_media":0,"parent":0,"menu_order":0,"comment_status":"closed","ping_status":"closed","template":"","meta":[],"_links":{"self":[{"href":"https:\/\/cacauet.net\/es\/wp-json\/wp\/v2\/pages\/2625"}],"collection":[{"href":"https:\/\/cacauet.net\/es\/wp-json\/wp\/v2\/pages"}],"about":[{"href":"https:\/\/cacauet.net\/es\/wp-json\/wp\/v2\/types\/page"}],"author":[{"embeddable":true,"href":"https:\/\/cacauet.net\/es\/wp-json\/wp\/v2\/users\/1"}],"replies":[{"embeddable":true,"href":"https:\/\/cacauet.net\/es\/wp-json\/wp\/v2\/comments?post=2625"}],"version-history":[{"count":2,"href":"https:\/\/cacauet.net\/es\/wp-json\/wp\/v2\/pages\/2625\/revisions"}],"predecessor-version":[{"id":2627,"href":"https:\/\/cacauet.net\/es\/wp-json\/wp\/v2\/pages\/2625\/revisions\/2627"}],"wp:attachment":[{"href":"https:\/\/cacauet.net\/es\/wp-json\/wp\/v2\/media?parent=2625"}],"curies":[{"name":"wp","href":"https:\/\/api.w.org\/{rel}","templated":true}]}}