{"id":2621,"date":"2021-10-30T08:19:56","date_gmt":"2021-10-30T08:19:56","guid":{"rendered":"https:\/\/cacauet.net\/librillo-impreso-con-poesia"},"modified":"2023-08-25T10:55:04","modified_gmt":"2023-08-25T10:55:04","slug":"librillo-impreso-con-poesia","status":"publish","type":"page","link":"https:\/\/cacauet.net\/es\/librillo-impreso-con-poesia","title":{"rendered":"Librillo impreso con poes\u00eda"},"content":{"rendered":"<section class=\"wpb-content-wrapper\"><p>[vc_row][vc_column][vc_column_text]<\/p>\n&#13;\n<h2 class=\"wp-block-preformatted\">Llibret estampat &#8211; Imatge i Poesia<\/h2>&#13;\n<p>Taller familiar. En aquest taller crearem uns llibrets amb cartr\u00f3 en forma d\u2019acordi\u00f3. La creativitat i la intu\u00efci\u00f3 hi tenen un paper principal. Escollirem un poema curt, un haiku, que ens agradi molt d\u2019un recull que hi haur\u00e0. Estamparem amb tampons originals i pintura la imatge, o paraula, o s\u00edmbol, que millor acompanyi aquest escrit.<\/p>&#13;\n<p>Haurem creat un llibre on les paraules i les imatges s\u2019ajuden i es complementen per expressar un instant ple de vida on la natura \u00e9s la inspiraci\u00f3.<\/p>&#13;\n<p><strong>REQUISITS<\/strong><\/p>&#13;\n<p>\nEspai interior .Taules i cadires.\r\n<p>\nPaper per protegir la taula.\u00a0Un espai ampli, acollidor, amb llum natural o ben il\u00b7luminat i silenci\u00f3s, on hi estiguin c\u00f2modes les fam\u00edlies que hi participen. Entre 12 i 20 ( m\u00e0xim) persones per taller.&#13;\n<p><\/p><p><strong>Duraci\u00f3n. 1hora<\/strong><\/p>\n<\/p>\n<p><!-- \/wp:paragraph -->[\/vc_column_text][\/vc_column][\/vc_row][vc_row][vc_column]<style type=\"text\/css\" data-type=\"the7_shortcodes-inline-css\">.gallery-shortcode.gallery-masonry-shortcode-id-df983aeba90e9c881ae36162307d2cd7 figure,\n.gallery-shortcode.gallery-masonry-shortcode-id-df983aeba90e9c881ae36162307d2cd7 .rollover,\n.gallery-shortcode.gallery-masonry-shortcode-id-df983aeba90e9c881ae36162307d2cd7 img,\n.gallery-shortcode.gallery-masonry-shortcode-id-df983aeba90e9c881ae36162307d2cd7 .gallery-rollover {\n  border-radius: 0px;\n}\n.gallery-shortcode.gallery-masonry-shortcode-id-df983aeba90e9c881ae36162307d2cd7.enable-bg-rollover .gallery-rollover {\n  background: -webkit-linear-gradient();\n  background: linear-gradient();\n}\n.gallery-shortcode.gallery-masonry-shortcode-id-df983aeba90e9c881ae36162307d2cd7.enable-bg-rollover.hover-scale figure .rollover:after {\n  background: -webkit-linear-gradient();\n  background: linear-gradient();\n}\n.gallery-shortcode.gallery-masonry-shortcode-id-df983aeba90e9c881ae36162307d2cd7 .gallery-zoom-ico {\n  width: 44px;\n  height: 44px;\n  line-height: 44px;\n  border-radius: 100px;\n  margin: -22px 0 0 -22px;\n  border-width: 0px;\n  color: #ffffff;\n}\n.dt-icon-bg-on.gallery-shortcode.gallery-masonry-shortcode-id-df983aeba90e9c881ae36162307d2cd7 .gallery-zoom-ico {\n  background: rgba(255,255,255,0.3);\n  box-shadow: none;\n}\n.gallery-shortcode.gallery-masonry-shortcode-id-df983aeba90e9c881ae36162307d2cd7 .gallery-zoom-ico:before,\n.gallery-shortcode.gallery-masonry-shortcode-id-df983aeba90e9c881ae36162307d2cd7 .gallery-zoom-ico span {\n  font-size: 32px;\n  line-height: 44px;\n  color: #ffffff;\n}\n.gallery-shortcode.gallery-masonry-shortcode-id-df983aeba90e9c881ae36162307d2cd7:not(.resize-by-browser-width) .dt-css-grid {\n  grid-row-gap: 10px;\n  grid-column-gap: 10px;\n  grid-template-columns: repeat(auto-fill,minmax(,1fr));\n}\n.gallery-shortcode.gallery-masonry-shortcode-id-df983aeba90e9c881ae36162307d2cd7:not(.resize-by-browser-width) .dt-css-grid .double-width {\n  grid-column: span 2;\n}\n.cssgridlegacy.no-cssgrid .gallery-shortcode.gallery-masonry-shortcode-id-df983aeba90e9c881ae36162307d2cd7:not(.resize-by-browser-width) .dt-css-grid,\n.no-cssgridlegacy.no-cssgrid .gallery-shortcode.gallery-masonry-shortcode-id-df983aeba90e9c881ae36162307d2cd7:not(.resize-by-browser-width) .dt-css-grid {\n  display: flex;\n  flex-flow: row wrap;\n  margin: -5px;\n}\n.cssgridlegacy.no-cssgrid .gallery-shortcode.gallery-masonry-shortcode-id-df983aeba90e9c881ae36162307d2cd7:not(.resize-by-browser-width) .dt-css-grid .wf-cell,\n.no-cssgridlegacy.no-cssgrid .gallery-shortcode.gallery-masonry-shortcode-id-df983aeba90e9c881ae36162307d2cd7:not(.resize-by-browser-width) .dt-css-grid .wf-cell {\n  flex: 1 0 ;\n  max-width: 100%;\n  padding: 5px;\n  box-sizing: border-box;\n}\n.gallery-shortcode.gallery-masonry-shortcode-id-df983aeba90e9c881ae36162307d2cd7.resize-by-browser-width .dt-css-grid {\n  grid-template-columns: repeat(3,1fr);\n  grid-template-rows: auto;\n  grid-column-gap: 10px;\n  grid-row-gap: 10px;\n}\n.gallery-shortcode.gallery-masonry-shortcode-id-df983aeba90e9c881ae36162307d2cd7.resize-by-browser-width .dt-css-grid .double-width {\n  grid-column: span 2;\n}\n.cssgridlegacy.no-cssgrid .gallery-shortcode.gallery-masonry-shortcode-id-df983aeba90e9c881ae36162307d2cd7.resize-by-browser-width .dt-css-grid {\n  margin: -5px;\n}\n.cssgridlegacy.no-cssgrid .gallery-shortcode.gallery-masonry-shortcode-id-df983aeba90e9c881ae36162307d2cd7.resize-by-browser-width .dt-css-grid .wf-cell {\n  width: 33.333333333333%;\n  padding: 5px;\n}\n.cssgridlegacy.no-cssgrid .gallery-shortcode.gallery-masonry-shortcode-id-df983aeba90e9c881ae36162307d2cd7.resize-by-browser-width .dt-css-grid .wf-cell.double-width {\n  width: calc(33.333333333333%) * 2;\n}\n.gallery-shortcode.gallery-masonry-shortcode-id-df983aeba90e9c881ae36162307d2cd7.resize-by-browser-width:not(.centered-layout-list):not(.content-bg-on) .dt-css-grid {\n  grid-row-gap: 10px - ;\n}\n@media screen and (max-width: 1199px) {\n  .gallery-shortcode.gallery-masonry-shortcode-id-df983aeba90e9c881ae36162307d2cd7.resize-by-browser-width .dt-css-grid {\n    grid-template-columns: repeat(3,1fr);\n  }\n  .cssgridlegacy.no-cssgrid .gallery-shortcode.gallery-masonry-shortcode-id-df983aeba90e9c881ae36162307d2cd7.resize-by-browser-width .dt-css-grid .wf-cell,\n  .no-cssgridlegacy.no-cssgrid .gallery-shortcode.gallery-masonry-shortcode-id-df983aeba90e9c881ae36162307d2cd7.resize-by-browser-width .dt-css-grid .wf-cell {\n    width: 33.333333333333%;\n  }\n  .cssgridlegacy.no-cssgrid .gallery-shortcode.gallery-masonry-shortcode-id-df983aeba90e9c881ae36162307d2cd7.resize-by-browser-width .dt-css-grid .wf-cell.double-width,\n  .no-cssgridlegacy.no-cssgrid .gallery-shortcode.gallery-masonry-shortcode-id-df983aeba90e9c881ae36162307d2cd7.resize-by-browser-width .dt-css-grid .wf-cell.double-width {\n    width: calc(33.333333333333%)*2;\n  }\n}\n@media screen and (max-width: 991px) {\n  .gallery-shortcode.gallery-masonry-shortcode-id-df983aeba90e9c881ae36162307d2cd7.resize-by-browser-width .dt-css-grid {\n    grid-template-columns: repeat(3,1fr);\n  }\n  .cssgridlegacy.no-cssgrid .gallery-shortcode.gallery-masonry-shortcode-id-df983aeba90e9c881ae36162307d2cd7.resize-by-browser-width .dt-css-grid .wf-cell,\n  .no-cssgridlegacy.no-cssgrid .gallery-shortcode.gallery-masonry-shortcode-id-df983aeba90e9c881ae36162307d2cd7.resize-by-browser-width .dt-css-grid .wf-cell {\n    width: 33.333333333333%;\n  }\n  .cssgridlegacy.no-cssgrid .gallery-shortcode.gallery-masonry-shortcode-id-df983aeba90e9c881ae36162307d2cd7.resize-by-browser-width .dt-css-grid .wf-cell.double-width,\n  .no-cssgridlegacy.no-cssgrid .gallery-shortcode.gallery-masonry-shortcode-id-df983aeba90e9c881ae36162307d2cd7.resize-by-browser-width .dt-css-grid .wf-cell.double-width {\n    width: calc(33.333333333333%)*2;\n  }\n}\n@media screen and (max-width: 767px) {\n  .gallery-shortcode.gallery-masonry-shortcode-id-df983aeba90e9c881ae36162307d2cd7.resize-by-browser-width .dt-css-grid {\n    grid-template-columns: repeat(1,1fr);\n  }\n  .cssgridlegacy.no-cssgrid .gallery-shortcode.gallery-masonry-shortcode-id-df983aeba90e9c881ae36162307d2cd7.resize-by-browser-width .dt-css-grid .wf-cell,\n  .no-cssgridlegacy.no-cssgrid .gallery-shortcode.gallery-masonry-shortcode-id-df983aeba90e9c881ae36162307d2cd7.resize-by-browser-width .dt-css-grid .wf-cell {\n    width: 100%;\n  }\n  .cssgridlegacy.no-cssgrid .gallery-shortcode.gallery-masonry-shortcode-id-df983aeba90e9c881ae36162307d2cd7.resize-by-browser-width .dt-css-grid .wf-cell.double-width,\n  .no-cssgridlegacy.no-cssgrid .gallery-shortcode.gallery-masonry-shortcode-id-df983aeba90e9c881ae36162307d2cd7.resize-by-browser-width .dt-css-grid .wf-cell.double-width {\n    width: calc(100%)*2;\n  }\n}\n<\/style><div class=\"gallery-shortcode dt-gallery-container gallery-masonry-shortcode-id-df983aeba90e9c881ae36162307d2cd7 mode-grid jquery-filter dt-icon-bg-off quick-scale-img dt-css-grid-wrap enable-bg-rollover resize-by-browser-width  hover-fade loading-effect-none description-on-hover\" data-padding=\"5px\" data-cur-page=\"1\" data-post-limit=\"-1\" data-pagination-mode=\"none\" data-desktop-columns-num=\"3\" data-v-tablet-columns-num=\"3\" data-h-tablet-columns-num=\"3\" data-phone-columns-num=\"1\" data-width=\"0px\" data-columns=\"0\"><div class=\"dt-css-grid\" ><div class=\"wf-cell\" data-post-id=\"2259\" data-date=\"2023-01-09T16:16:30+00:00\" data-name=\"1673280603280-1\"><figure class=\"post visible\"><a href=\"https:\/\/cacauet.net\/wp-content\/uploads\/2023\/01\/1673280603280-1.webp\" class=\"rollover dt-pswp-item layzr-bg\" data-large_image_width=\"1440\" data-large_image_height=\"811\" data-dt-img-description=\"\" title=\"1673280603280-1\"><img class=\"preload-me iso-lazy-load aspect\" src=\"data:image\/svg+xml,%3Csvg%20xmlns%3D&#39;http%3A%2F%2Fwww.w3.org%2F2000%2Fsvg&#39;%20viewBox%3D&#39;0%200%20768%20768&#39;%2F%3E\" data-src=\"https:\/\/cacauet.net\/wp-content\/uploads\/2023\/01\/1673280603280-1-768x768.webp\" data-srcset=\"https:\/\/cacauet.net\/wp-content\/uploads\/2023\/01\/1673280603280-1-768x768.webp 768w, https:\/\/cacauet.net\/wp-content\/uploads\/2023\/01\/1673280603280-1-811x811.webp 811w\" loading=\"eager\" style=\"--ratio: 768 \/ 768\" sizes=\"(max-width: 768px) 100vw, 768px\" alt=\"\" width=\"768\" height=\"768\"  \/><span class=\"gallery-rollover\"><span class=\"gallery-zoom-ico icomoon-the7-font-the7-zoom-06\"><span><\/span><\/span><\/span><\/a><\/figure><\/div><div class=\"wf-cell\" data-post-id=\"2257\" data-date=\"2023-01-09T16:16:10+00:00\" data-name=\"1673280603264\"><figure class=\"post visible\"><a href=\"https:\/\/cacauet.net\/wp-content\/uploads\/2023\/01\/1673280603264.webp\" class=\"rollover dt-pswp-item layzr-bg\" data-large_image_width=\"1440\" data-large_image_height=\"810\" data-dt-img-description=\"\" title=\"1673280603264\"><img class=\"preload-me iso-lazy-load aspect\" src=\"data:image\/svg+xml,%3Csvg%20xmlns%3D&#39;http%3A%2F%2Fwww.w3.org%2F2000%2Fsvg&#39;%20viewBox%3D&#39;0%200%20768%20768&#39;%2F%3E\" data-src=\"https:\/\/cacauet.net\/wp-content\/uploads\/2023\/01\/1673280603264-768x768.webp\" data-srcset=\"https:\/\/cacauet.net\/wp-content\/uploads\/2023\/01\/1673280603264-768x768.webp 768w, https:\/\/cacauet.net\/wp-content\/uploads\/2023\/01\/1673280603264-810x810.webp 810w\" loading=\"eager\" style=\"--ratio: 768 \/ 768\" sizes=\"(max-width: 768px) 100vw, 768px\" alt=\"\" width=\"768\" height=\"768\"  \/><span class=\"gallery-rollover\"><span class=\"gallery-zoom-ico icomoon-the7-font-the7-zoom-06\"><span><\/span><\/span><\/span><\/a><\/figure><\/div><div class=\"wf-cell\" data-post-id=\"2255\" data-date=\"2023-01-09T16:15:53+00:00\" data-name=\"1673280691124\"><figure class=\"post visible\"><a href=\"https:\/\/cacauet.net\/wp-content\/uploads\/2023\/01\/1673280691124.webp\" class=\"rollover dt-pswp-item layzr-bg\" data-large_image_width=\"1304\" data-large_image_height=\"1467\" data-dt-img-description=\"\" title=\"1673280691124\"><img class=\"preload-me iso-lazy-load aspect\" src=\"data:image\/svg+xml,%3Csvg%20xmlns%3D&#39;http%3A%2F%2Fwww.w3.org%2F2000%2Fsvg&#39;%20viewBox%3D&#39;0%200%20768%20768&#39;%2F%3E\" data-src=\"https:\/\/cacauet.net\/wp-content\/uploads\/2023\/01\/1673280691124-768x768.webp\" data-srcset=\"https:\/\/cacauet.net\/wp-content\/uploads\/2023\/01\/1673280691124-768x768.webp 768w, https:\/\/cacauet.net\/wp-content\/uploads\/2023\/01\/1673280691124-1152x1152.webp 1152w\" loading=\"eager\" style=\"--ratio: 768 \/ 768\" sizes=\"(max-width: 768px) 100vw, 768px\" alt=\"\" width=\"768\" height=\"768\"  \/><span class=\"gallery-rollover\"><span class=\"gallery-zoom-ico icomoon-the7-font-the7-zoom-06\"><span><\/span><\/span><\/span><\/a><\/figure><\/div><div class=\"wf-cell\" data-post-id=\"2253\" data-date=\"2023-01-09T16:14:40+00:00\" data-name=\"1673280603272\"><figure class=\"post visible\"><a href=\"https:\/\/cacauet.net\/wp-content\/uploads\/2023\/01\/1673280603272.webp\" class=\"rollover dt-pswp-item layzr-bg\" data-large_image_width=\"937\" data-large_image_height=\"528\" data-dt-img-description=\"\" title=\"1673280603272\"><img class=\"preload-me iso-lazy-load aspect\" src=\"data:image\/svg+xml,%3Csvg%20xmlns%3D&#39;http%3A%2F%2Fwww.w3.org%2F2000%2Fsvg&#39;%20viewBox%3D&#39;0%200%20528%20528&#39;%2F%3E\" data-src=\"https:\/\/cacauet.net\/wp-content\/uploads\/2023\/01\/1673280603272-528x528.webp\" data-srcset=\"https:\/\/cacauet.net\/wp-content\/uploads\/2023\/01\/1673280603272-528x528.webp 528w\" loading=\"eager\" style=\"--ratio: 528 \/ 528\" sizes=\"(max-width: 528px) 100vw, 528px\" alt=\"\" width=\"528\" height=\"528\"  \/><span class=\"gallery-rollover\"><span class=\"gallery-zoom-ico icomoon-the7-font-the7-zoom-06\"><span><\/span><\/span><\/span><\/a><\/figure><\/div><div class=\"wf-cell\" data-post-id=\"2251\" data-date=\"2023-01-09T16:14:24+00:00\" data-name=\"1673280691107\"><figure class=\"post visible\"><a href=\"https:\/\/cacauet.net\/wp-content\/uploads\/2023\/01\/1673280691107-scaled.jpg\" class=\"rollover dt-pswp-item layzr-bg\" data-large_image_width=\"2560\" data-large_image_height=\"1340\" data-dt-img-description=\"\" title=\"1673280691107\"><img class=\"preload-me iso-lazy-load aspect\" src=\"data:image\/svg+xml,%3Csvg%20xmlns%3D&#39;http%3A%2F%2Fwww.w3.org%2F2000%2Fsvg&#39;%20viewBox%3D&#39;0%200%20768%20768&#39;%2F%3E\" data-src=\"https:\/\/cacauet.net\/wp-content\/uploads\/2023\/01\/1673280691107-scaled-768x768.jpg\" data-srcset=\"https:\/\/cacauet.net\/wp-content\/uploads\/2023\/01\/1673280691107-scaled-768x768.jpg 768w, https:\/\/cacauet.net\/wp-content\/uploads\/2023\/01\/1673280691107-scaled-1152x1152.jpg 1152w\" loading=\"eager\" style=\"--ratio: 768 \/ 768\" sizes=\"(max-width: 768px) 100vw, 768px\" alt=\"\" width=\"768\" height=\"768\"  \/><span class=\"gallery-rollover\"><span class=\"gallery-zoom-ico icomoon-the7-font-the7-zoom-06\"><span><\/span><\/span><\/span><\/a><\/figure><\/div><div class=\"wf-cell\" data-post-id=\"2249\" data-date=\"2023-01-09T16:14:12+00:00\" data-name=\"1673280603288\"><figure class=\"post visible\"><a href=\"https:\/\/cacauet.net\/wp-content\/uploads\/2023\/01\/1673280603288.webp\" class=\"rollover dt-pswp-item layzr-bg\" data-large_image_width=\"1440\" data-large_image_height=\"809\" data-dt-img-description=\"\" title=\"1673280603288\"><img class=\"preload-me iso-lazy-load aspect\" src=\"data:image\/svg+xml,%3Csvg%20xmlns%3D&#39;http%3A%2F%2Fwww.w3.org%2F2000%2Fsvg&#39;%20viewBox%3D&#39;0%200%20768%20768&#39;%2F%3E\" data-src=\"https:\/\/cacauet.net\/wp-content\/uploads\/2023\/01\/1673280603288-768x768.webp\" data-srcset=\"https:\/\/cacauet.net\/wp-content\/uploads\/2023\/01\/1673280603288-768x768.webp 768w, https:\/\/cacauet.net\/wp-content\/uploads\/2023\/01\/1673280603288-809x809.webp 809w\" loading=\"eager\" style=\"--ratio: 768 \/ 768\" sizes=\"(max-width: 768px) 100vw, 768px\" alt=\"\" width=\"768\" height=\"768\"  \/><span class=\"gallery-rollover\"><span class=\"gallery-zoom-ico icomoon-the7-font-the7-zoom-06\"><span><\/span><\/span><\/span><\/a><\/figure><\/div><\/div><!-- iso-container|iso-grid --><\/div>[\/vc_column][\/vc_row]<\/p>\n<\/section>","protected":false},"excerpt":{"rendered":"<p>[vc_row][vc_column][vc_column_text] &#13; Llibret estampat &#8211; Imatge i Poesia &#13; Taller familiar. En aquest taller crearem uns llibrets amb cartr\u00f3 en forma d\u2019acordi\u00f3. La creativitat i la intu\u00efci\u00f3 hi tenen un paper principal. Escollirem un poema curt, un haiku, que ens agradi molt d\u2019un recull que hi haur\u00e0. Estamparem amb tampons originals i pintura la imatge,&hellip;<\/p>\n","protected":false},"author":2,"featured_media":0,"parent":0,"menu_order":0,"comment_status":"closed","ping_status":"closed","template":"","meta":[],"_links":{"self":[{"href":"https:\/\/cacauet.net\/es\/wp-json\/wp\/v2\/pages\/2621"}],"collection":[{"href":"https:\/\/cacauet.net\/es\/wp-json\/wp\/v2\/pages"}],"about":[{"href":"https:\/\/cacauet.net\/es\/wp-json\/wp\/v2\/types\/page"}],"author":[{"embeddable":true,"href":"https:\/\/cacauet.net\/es\/wp-json\/wp\/v2\/users\/2"}],"replies":[{"embeddable":true,"href":"https:\/\/cacauet.net\/es\/wp-json\/wp\/v2\/comments?post=2621"}],"version-history":[{"count":1,"href":"https:\/\/cacauet.net\/es\/wp-json\/wp\/v2\/pages\/2621\/revisions"}],"predecessor-version":[{"id":2622,"href":"https:\/\/cacauet.net\/es\/wp-json\/wp\/v2\/pages\/2621\/revisions\/2622"}],"wp:attachment":[{"href":"https:\/\/cacauet.net\/es\/wp-json\/wp\/v2\/media?parent=2621"}],"curies":[{"name":"wp","href":"https:\/\/api.w.org\/{rel}","templated":true}]}}