{"id":2618,"date":"2023-08-20T06:29:38","date_gmt":"2023-08-20T06:29:38","guid":{"rendered":"https:\/\/cacauet.net\/leyendas-de-bestias-y-valientes"},"modified":"2023-08-25T10:53:42","modified_gmt":"2023-08-25T10:53:42","slug":"leyendas-de-bestias-y-valientes","status":"publish","type":"page","link":"https:\/\/cacauet.net\/es\/leyendas-de-bestias-y-valientes","title":{"rendered":"Leyendas de b\u00e9stias y valientes"},"content":{"rendered":"<section class=\"wpb-content-wrapper\"><p>[vc_row][vc_column]<style type=\"text\/css\" data-type=\"the7_shortcodes-inline-css\">.carousel-shortcode.carousel-shortcode-id-87493a18ebba10208037048201e31dac .owl-nav a {\n  width: 0px;\n  height: 0px;\n  border-radius: 500px;\n}\n.dt-arrow-border-on.carousel-shortcode.carousel-shortcode-id-87493a18ebba10208037048201e31dac .owl-nav a:not(:hover):before {\n  border-width: 0px;\n}\n.dt-arrow-hover-border-on.carousel-shortcode.carousel-shortcode-id-87493a18ebba10208037048201e31dac .owl-nav a:hover:after {\n  border-width: 0px;\n}\n.dt-arrow-border-on.carousel-shortcode.carousel-shortcode-id-87493a18ebba10208037048201e31dac .owl-nav a:not(:hover):before {\n  border-color: #000000;\n}\n.carousel-shortcode.carousel-shortcode-id-87493a18ebba10208037048201e31dac .owl-nav a.owl-prev {\n  top: 50%;\n  transform: translateY(calc(-50% + 0px));\n  left: 50px;\n}\n@media all and (-ms-high-contrast: none) {\n  .carousel-shortcode.carousel-shortcode-id-87493a18ebba10208037048201e31dac .owl-nav a.owl-prev {\n    transform: translateY(-50%);\n    margin-top: 0px;\n  }\n}\n.carousel-shortcode.carousel-shortcode-id-87493a18ebba10208037048201e31dac .owl-nav a.owl-prev i {\n  padding: 0px 0px 0px 0px;\n}\n.carousel-shortcode.carousel-shortcode-id-87493a18ebba10208037048201e31dac .owl-nav a.owl-next {\n  top: 50%;\n  transform: translateY(calc(-50% + 0px));\n  right: 50px;\n}\n@media all and (-ms-high-contrast: none) {\n  .carousel-shortcode.carousel-shortcode-id-87493a18ebba10208037048201e31dac .owl-nav a.owl-next {\n    transform: translateY(-50%);\n    margin-top: 0px;\n  }\n}\n.carousel-shortcode.carousel-shortcode-id-87493a18ebba10208037048201e31dac .owl-nav a.owl-next i {\n  padding: 0px 0px 0px 0px;\n}\n.carousel-shortcode.carousel-shortcode-id-87493a18ebba10208037048201e31dac .owl-nav i {\n  font-size: 40px;\n}\n.carousel-shortcode.carousel-shortcode-id-87493a18ebba10208037048201e31dac .owl-nav a:not(:hover) i,\n.carousel-shortcode.carousel-shortcode-id-87493a18ebba10208037048201e31dac .owl-nav a:not(:hover) i:before {\n  color: #ffffff;\n  background: none;\n}\n.carousel-shortcode.carousel-shortcode-id-87493a18ebba10208037048201e31dac .owl-nav a:hover i,\n.carousel-shortcode.carousel-shortcode-id-87493a18ebba10208037048201e31dac .owl-nav a:hover i:before {\n  color: rgba(255,255,255,0.75);\n  background: none;\n}\n.carousel-shortcode.carousel-shortcode-id-87493a18ebba10208037048201e31dac .owl-dots {\n  top: calc(100% + 20px);\n  left: 50%;\n  transform: translateX(calc(-50% + 0px));\n}\n@media all and (-ms-high-contrast: none) {\n  .carousel-shortcode.carousel-shortcode-id-87493a18ebba10208037048201e31dac .owl-dots {\n    transform: translateX(-50%);\n    margin-left: 0px;\n  }\n}\n.carousel-shortcode.carousel-shortcode-id-87493a18ebba10208037048201e31dac .owl-dot {\n  width: 10px;\n  height: 10px;\n  margin: 0 8px;\n}\n@media screen and (max-width: 778px) {\n  .carousel-shortcode.carousel-shortcode-id-87493a18ebba10208037048201e31dac.hide-arrows .owl-nav a {\n    display: none;\n  }\n}\n@media screen and (max-width: 778px) {\n  .carousel-shortcode.carousel-shortcode-id-87493a18ebba10208037048201e31dac.reposition-arrows .owl-nav .owl-prev {\n    top: 50%;\n    transform: translateY(calc(-50% + 0px));\n    left: 10px;\n  }\n  .carousel-shortcode.carousel-shortcode-id-87493a18ebba10208037048201e31dac.reposition-arrows .owl-nav .owl-next {\n    top: 50%;\n    transform: translateY(calc(-50% + 0px));\n    right: 10px;\n  }\n}\n@media screen and (max-width: 778px) and all and (-ms-high-contrast: none) {\n  .carousel-shortcode.carousel-shortcode-id-87493a18ebba10208037048201e31dac.reposition-arrows .owl-nav .owl-prev {\n    transform: translateY(-50%);\n    margin-top: 0px;\n  }\n}\n@media screen and (max-width: 778px) and all and (-ms-high-contrast: none) {\n  .carousel-shortcode.carousel-shortcode-id-87493a18ebba10208037048201e31dac.reposition-arrows .owl-nav .owl-next {\n    transform: translateY(-50%);\n    margin-top: 0px;\n  }\n}\n<\/style><div class=\"owl-carousel carousel-shortcode dt-owl-carousel-call carousel-shortcode-id-87493a18ebba10208037048201e31dac bullets-small-dot-stroke reposition-arrows arrows-bg-off dt-arrow-border-on dt-arrow-hover-border-on disable-arrows-hover-bg arrows-hover-bg-on  \" data-scroll-mode=\"1\" data-col-num=\"1\" data-wide-col-num=\"1\" data-laptop-col=\"1\" data-h-tablet-columns-num=\"1\" data-v-tablet-columns-num=\"1\" data-phone-columns-num=\"1\" data-auto-height=\"true\" data-col-gap=\"0\" data-stage-padding=\"0\" data-speed=\"600\" data-autoplay=\"true\" data-autoplay_speed=\"6000\" data-arrows=\"true\" data-bullet=\"false\" data-next-icon=\"icon-ar-017-r\" data-prev-icon=\"icon-ar-017-l\">[vc_single_image image=\u00bb2415&#8243; img_size=\u00bb1200&#215;600&#8243;][vc_single_image image=\u00bb2419&#8243; img_size=\u00bb1200&#215;600&#8243;][vc_single_image image=\u00bb2421&#8243; img_size=\u00bb1200&#215;600&#8243;][vc_single_image image=\u00bb2485&#8243; img_size=\u00bb1200&#215;600&#8243;][vc_single_image image=\u00bb2477&#8243; img_size=\u00bb1200&#215;600&#8243;][vc_single_image image=\u00bb2479&#8243; img_size=\u00bb1200&#215;600&#8243;]<\/div>[\/vc_column][\/vc_row][vc_row][vc_column][vc_column_text]<\/p>\n&#13;\n<h1>Llegendes de b\u00e8sties i valentes<\/h1>&#13;\n<h4>\u00a0<\/h4>&#13;\n<h3>Din\u00e0mic i participatiu<\/h3>&#13;\n<p style=\"text-align: left;\">Est\u00e0 format per dues llegendes: La primera \u00e9s una adaptaci\u00f3 de la llegenda catalana del Serpent, on hi apareix una \u00e0via s\u00e0via i valenta, una b\u00e8stia afamada i un ximple amb molt coratge. I una segona hist\u00f2ria on gaudirem de les aventures de la donzella Mariana i el cavaller Ferran Farigola. Una noia coratjosa i un cavaller sense espasa i amb moltes ganes de cantar, on, amb enginy i can\u00e7ons, se\u2019n surten de tots els entrebancs.<\/p>&#13;\n<p>Un espectacle de titelles de taula i m\u00fasica en directe. Adient per espais interiors i tamb\u00e9 exteriors recollits i amb paret al darrera o fons negre. Pot ser de 30 minuts amb una sola llegenda.<\/p>&#13;\n<p>[\/vc_column_text][vc_btn title=\u00bbDescarrega el dossier\u00bb link=\u00bburl:https%3A%2F%2Fcacauet.net%2Fwp-content%2Fuploads%2F2023%2F08%2FDossier-Llegendes-de-besties-i-valentes.pdf|title:Dossier%20Llegendes%20de%20b%C3%A8sties%20i%20valentes|target:_blank\u00bb]<style type=\"text\/css\" data-type=\"the7_shortcodes-inline-css\">.gallery-shortcode.gallery-masonry-shortcode-id-d398bdfa6dd3c12770000db2bb384f11 figure,\n.gallery-shortcode.gallery-masonry-shortcode-id-d398bdfa6dd3c12770000db2bb384f11 .rollover,\n.gallery-shortcode.gallery-masonry-shortcode-id-d398bdfa6dd3c12770000db2bb384f11 img,\n.gallery-shortcode.gallery-masonry-shortcode-id-d398bdfa6dd3c12770000db2bb384f11 .gallery-rollover {\n  border-radius: 0px;\n}\n.gallery-shortcode.gallery-masonry-shortcode-id-d398bdfa6dd3c12770000db2bb384f11.enable-bg-rollover .gallery-rollover {\n  background: -webkit-linear-gradient();\n  background: linear-gradient();\n}\n.gallery-shortcode.gallery-masonry-shortcode-id-d398bdfa6dd3c12770000db2bb384f11.enable-bg-rollover.hover-scale figure .rollover:after {\n  background: -webkit-linear-gradient();\n  background: linear-gradient();\n}\n.gallery-shortcode.gallery-masonry-shortcode-id-d398bdfa6dd3c12770000db2bb384f11 .gallery-zoom-ico {\n  width: 44px;\n  height: 44px;\n  line-height: 44px;\n  border-radius: 100px;\n  margin: -22px 0 0 -22px;\n  border-width: 0px;\n  color: #ffffff;\n}\n.dt-icon-bg-on.gallery-shortcode.gallery-masonry-shortcode-id-d398bdfa6dd3c12770000db2bb384f11 .gallery-zoom-ico {\n  background: rgba(255,255,255,0.3);\n  box-shadow: none;\n}\n.gallery-shortcode.gallery-masonry-shortcode-id-d398bdfa6dd3c12770000db2bb384f11 .gallery-zoom-ico:before,\n.gallery-shortcode.gallery-masonry-shortcode-id-d398bdfa6dd3c12770000db2bb384f11 .gallery-zoom-ico span {\n  font-size: 32px;\n  line-height: 44px;\n  color: #ffffff;\n}\n.gallery-shortcode.gallery-masonry-shortcode-id-d398bdfa6dd3c12770000db2bb384f11:not(.resize-by-browser-width) .dt-css-grid {\n  grid-row-gap: 10px;\n  grid-column-gap: 10px;\n  grid-template-columns: repeat(auto-fill,minmax(,1fr));\n}\n.gallery-shortcode.gallery-masonry-shortcode-id-d398bdfa6dd3c12770000db2bb384f11:not(.resize-by-browser-width) .dt-css-grid .double-width {\n  grid-column: span 2;\n}\n.cssgridlegacy.no-cssgrid .gallery-shortcode.gallery-masonry-shortcode-id-d398bdfa6dd3c12770000db2bb384f11:not(.resize-by-browser-width) .dt-css-grid,\n.no-cssgridlegacy.no-cssgrid .gallery-shortcode.gallery-masonry-shortcode-id-d398bdfa6dd3c12770000db2bb384f11:not(.resize-by-browser-width) .dt-css-grid {\n  display: flex;\n  flex-flow: row wrap;\n  margin: -5px;\n}\n.cssgridlegacy.no-cssgrid .gallery-shortcode.gallery-masonry-shortcode-id-d398bdfa6dd3c12770000db2bb384f11:not(.resize-by-browser-width) .dt-css-grid .wf-cell,\n.no-cssgridlegacy.no-cssgrid .gallery-shortcode.gallery-masonry-shortcode-id-d398bdfa6dd3c12770000db2bb384f11:not(.resize-by-browser-width) .dt-css-grid .wf-cell {\n  flex: 1 0 ;\n  max-width: 100%;\n  padding: 5px;\n  box-sizing: border-box;\n}\n.gallery-shortcode.gallery-masonry-shortcode-id-d398bdfa6dd3c12770000db2bb384f11.resize-by-browser-width .dt-css-grid {\n  grid-template-columns: repeat(3,1fr);\n  grid-template-rows: auto;\n  grid-column-gap: 10px;\n  grid-row-gap: 10px;\n}\n.gallery-shortcode.gallery-masonry-shortcode-id-d398bdfa6dd3c12770000db2bb384f11.resize-by-browser-width .dt-css-grid .double-width {\n  grid-column: span 2;\n}\n.cssgridlegacy.no-cssgrid .gallery-shortcode.gallery-masonry-shortcode-id-d398bdfa6dd3c12770000db2bb384f11.resize-by-browser-width .dt-css-grid {\n  margin: -5px;\n}\n.cssgridlegacy.no-cssgrid .gallery-shortcode.gallery-masonry-shortcode-id-d398bdfa6dd3c12770000db2bb384f11.resize-by-browser-width .dt-css-grid .wf-cell {\n  width: 33.333333333333%;\n  padding: 5px;\n}\n.cssgridlegacy.no-cssgrid .gallery-shortcode.gallery-masonry-shortcode-id-d398bdfa6dd3c12770000db2bb384f11.resize-by-browser-width .dt-css-grid .wf-cell.double-width {\n  width: calc(33.333333333333%) * 2;\n}\n.gallery-shortcode.gallery-masonry-shortcode-id-d398bdfa6dd3c12770000db2bb384f11.resize-by-browser-width:not(.centered-layout-list):not(.content-bg-on) .dt-css-grid {\n  grid-row-gap: 10px - ;\n}\n@media screen and (max-width: 1199px) {\n  .gallery-shortcode.gallery-masonry-shortcode-id-d398bdfa6dd3c12770000db2bb384f11.resize-by-browser-width .dt-css-grid {\n    grid-template-columns: repeat(3,1fr);\n  }\n  .cssgridlegacy.no-cssgrid .gallery-shortcode.gallery-masonry-shortcode-id-d398bdfa6dd3c12770000db2bb384f11.resize-by-browser-width .dt-css-grid .wf-cell,\n  .no-cssgridlegacy.no-cssgrid .gallery-shortcode.gallery-masonry-shortcode-id-d398bdfa6dd3c12770000db2bb384f11.resize-by-browser-width .dt-css-grid .wf-cell {\n    width: 33.333333333333%;\n  }\n  .cssgridlegacy.no-cssgrid .gallery-shortcode.gallery-masonry-shortcode-id-d398bdfa6dd3c12770000db2bb384f11.resize-by-browser-width .dt-css-grid .wf-cell.double-width,\n  .no-cssgridlegacy.no-cssgrid .gallery-shortcode.gallery-masonry-shortcode-id-d398bdfa6dd3c12770000db2bb384f11.resize-by-browser-width .dt-css-grid .wf-cell.double-width {\n    width: calc(33.333333333333%)*2;\n  }\n}\n@media screen and (max-width: 991px) {\n  .gallery-shortcode.gallery-masonry-shortcode-id-d398bdfa6dd3c12770000db2bb384f11.resize-by-browser-width .dt-css-grid {\n    grid-template-columns: repeat(3,1fr);\n  }\n  .cssgridlegacy.no-cssgrid .gallery-shortcode.gallery-masonry-shortcode-id-d398bdfa6dd3c12770000db2bb384f11.resize-by-browser-width .dt-css-grid .wf-cell,\n  .no-cssgridlegacy.no-cssgrid .gallery-shortcode.gallery-masonry-shortcode-id-d398bdfa6dd3c12770000db2bb384f11.resize-by-browser-width .dt-css-grid .wf-cell {\n    width: 33.333333333333%;\n  }\n  .cssgridlegacy.no-cssgrid .gallery-shortcode.gallery-masonry-shortcode-id-d398bdfa6dd3c12770000db2bb384f11.resize-by-browser-width .dt-css-grid .wf-cell.double-width,\n  .no-cssgridlegacy.no-cssgrid .gallery-shortcode.gallery-masonry-shortcode-id-d398bdfa6dd3c12770000db2bb384f11.resize-by-browser-width .dt-css-grid .wf-cell.double-width {\n    width: calc(33.333333333333%)*2;\n  }\n}\n@media screen and (max-width: 767px) {\n  .gallery-shortcode.gallery-masonry-shortcode-id-d398bdfa6dd3c12770000db2bb384f11.resize-by-browser-width .dt-css-grid {\n    grid-template-columns: repeat(1,1fr);\n  }\n  .cssgridlegacy.no-cssgrid .gallery-shortcode.gallery-masonry-shortcode-id-d398bdfa6dd3c12770000db2bb384f11.resize-by-browser-width .dt-css-grid .wf-cell,\n  .no-cssgridlegacy.no-cssgrid .gallery-shortcode.gallery-masonry-shortcode-id-d398bdfa6dd3c12770000db2bb384f11.resize-by-browser-width .dt-css-grid .wf-cell {\n    width: 100%;\n  }\n  .cssgridlegacy.no-cssgrid .gallery-shortcode.gallery-masonry-shortcode-id-d398bdfa6dd3c12770000db2bb384f11.resize-by-browser-width .dt-css-grid .wf-cell.double-width,\n  .no-cssgridlegacy.no-cssgrid .gallery-shortcode.gallery-masonry-shortcode-id-d398bdfa6dd3c12770000db2bb384f11.resize-by-browser-width .dt-css-grid .wf-cell.double-width {\n    width: calc(100%)*2;\n  }\n}\n<\/style><div class=\"gallery-shortcode dt-gallery-container gallery-masonry-shortcode-id-d398bdfa6dd3c12770000db2bb384f11 mode-grid jquery-filter dt-icon-bg-off quick-scale-img dt-css-grid-wrap enable-bg-rollover resize-by-browser-width  hover-fade loading-effect-none description-on-hover\" data-padding=\"5px\" data-cur-page=\"1\" data-post-limit=\"-1\" data-pagination-mode=\"none\" data-desktop-columns-num=\"3\" data-v-tablet-columns-num=\"3\" data-h-tablet-columns-num=\"3\" data-phone-columns-num=\"1\" data-width=\"0px\" data-columns=\"0\"><div class=\"dt-css-grid\" ><div class=\"wf-cell\" data-post-id=\"2457\" data-date=\"2023-08-21T14:58:19+00:00\" data-name=\"portada_llegendes\"><figure class=\"post visible\"><a href=\"https:\/\/cacauet.net\/wp-content\/uploads\/2023\/08\/portada_llegendes.jpg\" class=\"rollover dt-pswp-item layzr-bg\" data-large_image_width=\"900\" data-large_image_height=\"506\" data-dt-img-description=\"\" title=\"portada_llegendes\"><img class=\"preload-me iso-lazy-load aspect\" src=\"data:image\/svg+xml,%3Csvg%20xmlns%3D&#39;http%3A%2F%2Fwww.w3.org%2F2000%2Fsvg&#39;%20viewBox%3D&#39;0%200%20506%20506&#39;%2F%3E\" data-src=\"https:\/\/cacauet.net\/wp-content\/uploads\/2023\/08\/portada_llegendes-506x506.jpg\" data-srcset=\"https:\/\/cacauet.net\/wp-content\/uploads\/2023\/08\/portada_llegendes-506x506.jpg 506w\" loading=\"eager\" style=\"--ratio: 506 \/ 506\" sizes=\"(max-width: 506px) 100vw, 506px\" alt=\"\" width=\"506\" height=\"506\"  \/><span class=\"gallery-rollover\"><span class=\"gallery-zoom-ico icomoon-the7-font-the7-zoom-06\"><span><\/span><\/span><\/span><\/a><\/figure><\/div><div class=\"wf-cell\" data-post-id=\"2413\" data-date=\"2023-08-20T21:30:51+00:00\" data-name=\"1692539027121\"><figure class=\"post visible\"><a href=\"https:\/\/cacauet.net\/wp-content\/uploads\/2023\/08\/1692539027121.webp\" class=\"rollover dt-pswp-item layzr-bg\" data-large_image_width=\"1440\" data-large_image_height=\"959\" data-dt-img-description=\"\" title=\"1692539027121\"><img class=\"preload-me iso-lazy-load aspect\" src=\"data:image\/svg+xml,%3Csvg%20xmlns%3D&#39;http%3A%2F%2Fwww.w3.org%2F2000%2Fsvg&#39;%20viewBox%3D&#39;0%200%20768%20768&#39;%2F%3E\" data-src=\"https:\/\/cacauet.net\/wp-content\/uploads\/2023\/08\/1692539027121-768x768.webp\" data-srcset=\"https:\/\/cacauet.net\/wp-content\/uploads\/2023\/08\/1692539027121-768x768.webp 768w, https:\/\/cacauet.net\/wp-content\/uploads\/2023\/08\/1692539027121-959x959.webp 959w\" loading=\"eager\" style=\"--ratio: 768 \/ 768\" sizes=\"(max-width: 768px) 100vw, 768px\" alt=\"\" width=\"768\" height=\"768\"  \/><span class=\"gallery-rollover\"><span class=\"gallery-zoom-ico icomoon-the7-font-the7-zoom-06\"><span><\/span><\/span><\/span><\/a><\/figure><\/div><div class=\"wf-cell\" data-post-id=\"2411\" data-date=\"2023-08-20T21:30:50+00:00\" data-name=\"1692539027102\"><figure class=\"post visible\"><a href=\"https:\/\/cacauet.net\/wp-content\/uploads\/2023\/08\/1692539027102.webp\" class=\"rollover dt-pswp-item layzr-bg\" data-large_image_width=\"1440\" data-large_image_height=\"959\" data-dt-img-description=\"\" title=\"1692539027102\"><img class=\"preload-me iso-lazy-load aspect\" src=\"data:image\/svg+xml,%3Csvg%20xmlns%3D&#39;http%3A%2F%2Fwww.w3.org%2F2000%2Fsvg&#39;%20viewBox%3D&#39;0%200%20768%20768&#39;%2F%3E\" data-src=\"https:\/\/cacauet.net\/wp-content\/uploads\/2023\/08\/1692539027102-768x768.webp\" data-srcset=\"https:\/\/cacauet.net\/wp-content\/uploads\/2023\/08\/1692539027102-768x768.webp 768w, https:\/\/cacauet.net\/wp-content\/uploads\/2023\/08\/1692539027102-959x959.webp 959w\" loading=\"eager\" style=\"--ratio: 768 \/ 768\" sizes=\"(max-width: 768px) 100vw, 768px\" alt=\"\" width=\"768\" height=\"768\"  \/><span class=\"gallery-rollover\"><span class=\"gallery-zoom-ico icomoon-the7-font-the7-zoom-06\"><span><\/span><\/span><\/span><\/a><\/figure><\/div><div class=\"wf-cell\" data-post-id=\"2219\" data-date=\"2022-04-05T10:30:34+00:00\" data-name=\"titellesllegendes\"><figure class=\"post visible\"><a href=\"https:\/\/cacauet.net\/wp-content\/uploads\/2022\/04\/titellesllegendes-scaled.jpg\" class=\"rollover dt-pswp-item layzr-bg\" data-large_image_width=\"2048\" data-large_image_height=\"2560\" data-dt-img-description=\"\" title=\"titellesllegendes\"><img class=\"preload-me iso-lazy-load aspect\" src=\"data:image\/svg+xml,%3Csvg%20xmlns%3D&#39;http%3A%2F%2Fwww.w3.org%2F2000%2Fsvg&#39;%20viewBox%3D&#39;0%200%20768%20768&#39;%2F%3E\" data-src=\"https:\/\/cacauet.net\/wp-content\/uploads\/2022\/04\/titellesllegendes-scaled-768x768.jpg\" data-srcset=\"https:\/\/cacauet.net\/wp-content\/uploads\/2022\/04\/titellesllegendes-scaled-768x768.jpg 768w, https:\/\/cacauet.net\/wp-content\/uploads\/2022\/04\/titellesllegendes-scaled-1152x1152.jpg 1152w\" loading=\"eager\" style=\"--ratio: 768 \/ 768\" sizes=\"(max-width: 768px) 100vw, 768px\" alt=\"\" width=\"768\" height=\"768\"  \/><span class=\"gallery-rollover\"><span class=\"gallery-zoom-ico icomoon-the7-font-the7-zoom-06\"><span><\/span><\/span><\/span><\/a><\/figure><\/div><\/div><!-- iso-container|iso-grid --><\/div>[\/vc_column][\/vc_row]<\/p><\/section>","protected":false},"excerpt":{"rendered":"<p>[vc_row][vc_column][\/vc_column][\/vc_row][vc_row][vc_column][vc_column_text]<\/p>\n","protected":false},"author":1,"featured_media":0,"parent":0,"menu_order":0,"comment_status":"closed","ping_status":"closed","template":"","meta":[],"_links":{"self":[{"href":"https:\/\/cacauet.net\/es\/wp-json\/wp\/v2\/pages\/2618"}],"collection":[{"href":"https:\/\/cacauet.net\/es\/wp-json\/wp\/v2\/pages"}],"about":[{"href":"https:\/\/cacauet.net\/es\/wp-json\/wp\/v2\/types\/page"}],"author":[{"embeddable":true,"href":"https:\/\/cacauet.net\/es\/wp-json\/wp\/v2\/users\/1"}],"replies":[{"embeddable":true,"href":"https:\/\/cacauet.net\/es\/wp-json\/wp\/v2\/comments?post=2618"}],"version-history":[{"count":2,"href":"https:\/\/cacauet.net\/es\/wp-json\/wp\/v2\/pages\/2618\/revisions"}],"predecessor-version":[{"id":2620,"href":"https:\/\/cacauet.net\/es\/wp-json\/wp\/v2\/pages\/2618\/revisions\/2620"}],"wp:attachment":[{"href":"https:\/\/cacauet.net\/es\/wp-json\/wp\/v2\/media?parent=2618"}],"curies":[{"name":"wp","href":"https:\/\/api.w.org\/{rel}","templated":true}]}}