{"id":2606,"date":"2021-11-29T10:25:08","date_gmt":"2021-11-29T10:25:08","guid":{"rendered":"https:\/\/cacauet.net\/irene-la-valiente"},"modified":"2023-08-25T10:44:58","modified_gmt":"2023-08-25T10:44:58","slug":"irene-la-valiente","status":"publish","type":"page","link":"https:\/\/cacauet.net\/es\/irene-la-valiente","title":{"rendered":"Irene la valiente"},"content":{"rendered":"<section class=\"wpb-content-wrapper\"><p>[vc_row][vc_column][vc_column_text]<\/p>\n<h2 class=\"wp-block-preformatted\">Irene la valiente<\/h2>\n<h3 class=\"has-text-align-left\"><strong>Narraci\u00f3n oral.<\/strong><\/h3>\n<p class=\"has-text-align-left\">Irene, tiene una misi\u00f3n: llevarle un traje a la duquesa. No le asustar\u00e1 la tormenta ni un viento que insiste en darle miedo. Intenta atravesar el bosque: se le congelan las l\u00e1grimas, se hunde en la nieve, cae la noche\u2026 \u00a1Irene corre peligro! Es peque\u00f1a. Y sabemos que cuanto menor eres, m\u00e1s valiente debes ser para poder hacer grandes cosas. Pero ella es Irene la valiente.<\/p>\n<figure class=\"wp-block-gallery columns-1 is-cropped\">\n<div id=\"mjawndcwnte5mq\">\n<div><\/div>\n<\/div>\n<p>&nbsp;<\/figure>\n<p>[\/vc_column_text][\/vc_column][\/vc_row]<\/p>\n<\/section>","protected":false},"excerpt":{"rendered":"<p>[vc_row][vc_column][vc_column_text] Irene la valiente Narraci\u00f3n oral. Irene, tiene una misi\u00f3n: llevarle un traje a la duquesa. No le asustar\u00e1 la tormenta ni un viento que insiste en darle miedo. Intenta atravesar el bosque: se le congelan las l\u00e1grimas, se hunde en la nieve, cae la noche\u2026 \u00a1Irene corre peligro! Es peque\u00f1a. Y sabemos que cuanto&hellip;<\/p>\n","protected":false},"author":2,"featured_media":0,"parent":0,"menu_order":0,"comment_status":"closed","ping_status":"closed","template":"","meta":[],"_links":{"self":[{"href":"https:\/\/cacauet.net\/es\/wp-json\/wp\/v2\/pages\/2606"}],"collection":[{"href":"https:\/\/cacauet.net\/es\/wp-json\/wp\/v2\/pages"}],"about":[{"href":"https:\/\/cacauet.net\/es\/wp-json\/wp\/v2\/types\/page"}],"author":[{"embeddable":true,"href":"https:\/\/cacauet.net\/es\/wp-json\/wp\/v2\/users\/2"}],"replies":[{"embeddable":true,"href":"https:\/\/cacauet.net\/es\/wp-json\/wp\/v2\/comments?post=2606"}],"version-history":[{"count":5,"href":"https:\/\/cacauet.net\/es\/wp-json\/wp\/v2\/pages\/2606\/revisions"}],"predecessor-version":[{"id":2613,"href":"https:\/\/cacauet.net\/es\/wp-json\/wp\/v2\/pages\/2606\/revisions\/2613"}],"wp:attachment":[{"href":"https:\/\/cacauet.net\/es\/wp-json\/wp\/v2\/media?parent=2606"}],"curies":[{"name":"wp","href":"https:\/\/api.w.org\/{rel}","templated":true}]}}