{"id":2595,"date":"2019-01-01T15:06:26","date_gmt":"2019-01-01T15:06:26","guid":{"rendered":"https:\/\/cacauet.net\/espectaculos"},"modified":"2025-10-01T09:08:21","modified_gmt":"2025-10-01T09:08:21","slug":"espectaculos","status":"publish","type":"page","link":"https:\/\/cacauet.net\/es\/espectaculos","title":{"rendered":"Espect\u00e1culos"},"content":{"rendered":"<section class=\"wpb-content-wrapper\"><p>[vc_row][vc_column][vc_column_text][\/vc_column_text][\/vc_column][\/vc_row][vc_row][vc_column][vc_column_text]<\/p>\n<h2>Una historia a medida<\/h2>\n<p><em>\u00abhilar, tejer, trenzar\u00bb<\/em><\/p>\n<p>Espect\u00e1culo de sala[\/vc_column_text][vc_single_image image=\u00bb3374&#8243; img_size=\u00bb900&#215;506&#8243; onclick=\u00bbcustom_link\u00bb link=\u00bbhttp:\/\/cacauet.net\/metre\u00bb][\/vc_column][\/vc_row][vc_row][vc_column][vc_column_text]<\/p>\n<h2>El vuelo de las mariposas<\/h2>\n<p><em>Lo peque\u00f1o a veces puede ser inmenso<\/em><\/p>\n<p>Espect\u00e1culo de sala[\/vc_column_text][vc_single_image image=\u00bb2873&#8243; img_size=\u00bbfull\u00bb onclick=\u00bbcustom_link\u00bb link=\u00bbhttp:\/\/cacauet.net\/el-vol-de-les-papallones\u00bb][\/vc_column][\/vc_row][vc_row][vc_column][vc_column_text]<\/p>\n<h2>El cocodrilo Crec<\/h2>\n<p><em>\u00abno es oro todo lo que brilla\u00bb<\/em><\/p>\n<p>Espect\u00e1culo com luces y sombras[\/vc_column_text][vc_single_image image=\u00bb2455&#8243; img_size=\u00bbfull\u00bb onclick=\u00bbcustom_link\u00bb link=\u00bbhttp:\/\/cacauet.net\/el-cocodril-crec\u00bb][\/vc_column][\/vc_row][vc_row][vc_column][vc_column_text]<\/p>\n<h2>El conejito que quer\u00eda bizcocho<\/h2>\n<p><em>\u00abCelebrando la vida\u00bb<\/em><\/p>\n<p>Espect\u00e1culo basado en el texto de Ramon Besora[\/vc_column_text][vc_single_image image=\u00bb2453&#8243; img_size=\u00bbfull\u00bb onclick=\u00bbcustom_link\u00bb link=\u00bbhttp:\/\/cacauet.net\/el-conillet-que-volia-pa-de-pessic\u00bb][\/vc_column][\/vc_row][vc_row][vc_column][vc_column_text]<\/p>\n<h2>Las doncellas de Bellaguarda<\/h2>\n<div>Espect\u00e1culo de t\u00edteres y m\u00fasica en directo. Tem\u00e1tica medieval, con caballeros <\/div>\n<div>chapuceros, un drag\u00f3n bestial y dos mujeres que se aman.<\/div>\n<p>[\/vc_column_text][vc_single_image image=\u00bb2923&#8243; img_size=\u00bbfull\u00bb onclick=\u00bbcustom_link\u00bb link=\u00bbhttp:\/\/cacauet.net\/Bellaguarda\u00bb][\/vc_column][\/vc_row][vc_row][vc_column][vc_separator align=\u00bbalign_left\u00bb border_width=\u00bb2&#8243;][vc_column_text]<\/p>\n<h3><a href=\"https:\/\/cacauet.net\/es\/espectaculos-anteriores\">Espect\u00e1culos anteriores<\/a><\/h3>\n<p>Clica <em>Epect\u00e1culos anteriores<\/em> y los podr\u00e1s descubrir[\/vc_column_text][\/vc_column][\/vc_row]<\/p>\n<\/section>","protected":false},"excerpt":{"rendered":"<p>[vc_row][vc_column][vc_column_text][\/vc_column_text][\/vc_column][\/vc_row][vc_row][vc_column][vc_column_text] Una historia a medida \u00abhilar, tejer, trenzar\u00bb Espect\u00e1culo de sala[\/vc_column_text][vc_single_image image=\u00bb3374&#8243; img_size=\u00bb900&#215;506&#8243; onclick=\u00bbcustom_link\u00bb link=\u00bbhttp:\/\/cacauet.net\/metre\u00bb][\/vc_column][\/vc_row][vc_row][vc_column][vc_column_text] El vuelo de las mariposas Lo peque\u00f1o a veces puede ser inmenso Espect\u00e1culo de sala[\/vc_column_text][vc_single_image image=\u00bb2873&#8243; img_size=\u00bbfull\u00bb onclick=\u00bbcustom_link\u00bb link=\u00bbhttp:\/\/cacauet.net\/el-vol-de-les-papallones\u00bb][\/vc_column][\/vc_row][vc_row][vc_column][vc_column_text] El cocodrilo Crec \u00abno es oro todo lo que brilla\u00bb Espect\u00e1culo com luces y sombras[\/vc_column_text][vc_single_image image=\u00bb2455&#8243; img_size=\u00bbfull\u00bb onclick=\u00bbcustom_link\u00bb link=\u00bbhttp:\/\/cacauet.net\/el-cocodril-crec\u00bb][\/vc_column][\/vc_row][vc_row][vc_column][vc_column_text] El conejito&hellip;<\/p>\n","protected":false},"author":1,"featured_media":0,"parent":0,"menu_order":0,"comment_status":"closed","ping_status":"closed","template":"","meta":[],"_links":{"self":[{"href":"https:\/\/cacauet.net\/es\/wp-json\/wp\/v2\/pages\/2595"}],"collection":[{"href":"https:\/\/cacauet.net\/es\/wp-json\/wp\/v2\/pages"}],"about":[{"href":"https:\/\/cacauet.net\/es\/wp-json\/wp\/v2\/types\/page"}],"author":[{"embeddable":true,"href":"https:\/\/cacauet.net\/es\/wp-json\/wp\/v2\/users\/1"}],"replies":[{"embeddable":true,"href":"https:\/\/cacauet.net\/es\/wp-json\/wp\/v2\/comments?post=2595"}],"version-history":[{"count":37,"href":"https:\/\/cacauet.net\/es\/wp-json\/wp\/v2\/pages\/2595\/revisions"}],"predecessor-version":[{"id":3385,"href":"https:\/\/cacauet.net\/es\/wp-json\/wp\/v2\/pages\/2595\/revisions\/3385"}],"wp:attachment":[{"href":"https:\/\/cacauet.net\/es\/wp-json\/wp\/v2\/media?parent=2595"}],"curies":[{"name":"wp","href":"https:\/\/api.w.org\/{rel}","templated":true}]}}