{"id":2583,"date":"2023-08-20T08:31:57","date_gmt":"2023-08-20T08:31:57","guid":{"rendered":"https:\/\/cacauet.net\/el-mejor-regalo-del-mundo"},"modified":"2023-08-25T10:24:47","modified_gmt":"2023-08-25T10:24:47","slug":"el-mejor-regalo-del-mundo","status":"publish","type":"page","link":"https:\/\/cacauet.net\/es\/el-mejor-regalo-del-mundo","title":{"rendered":"El mejor regalo del mundo"},"content":{"rendered":"<section class=\"wpb-content-wrapper\"><p>[vc_row][vc_column][vc_column_text]<\/p>\n&#13;\n<h2>El millor regal del m\u00f3n<\/h2>&#13;\n<h3>\u00a0<\/h3>&#13;\n<h3>Amb teatr\u00ed d&#8217;ombres<\/h3>&#13;\n<p style=\"text-align: left;\">La Bruna vol fer un bon regal per l\u2019aniversari del seu pare, per\u00f2 no sap qu\u00e8 fer. Mentre escolta un conte que el seu avi li interpreta amb un teatr\u00ed d\u2019ombres se li acut una bona idea, li far\u00e0 el millor regal del m\u00f3n, un que nom\u00e9s li pot fer ella.<\/p>&#13;\n<p style=\"text-align: left;\"><\/p><\/p>\n<p>Adequado para espacios interiores que se puedan oscurecer bien. A partir de 4 a\u00f1os.<\/p>\n<p><strong>Hay la posibilidad de hacer este montage con m\u00fasica en directo<\/strong><\/p>\n<p>[\/vc_column_text]<style type=\"text\/css\" data-type=\"the7_shortcodes-inline-css\">.gallery-shortcode.gallery-masonry-shortcode-id-83c8a2078898db338e29ee0068485486 figure,\n.gallery-shortcode.gallery-masonry-shortcode-id-83c8a2078898db338e29ee0068485486 .rollover,\n.gallery-shortcode.gallery-masonry-shortcode-id-83c8a2078898db338e29ee0068485486 img,\n.gallery-shortcode.gallery-masonry-shortcode-id-83c8a2078898db338e29ee0068485486 .gallery-rollover {\n  border-radius: 0px;\n}\n.gallery-shortcode.gallery-masonry-shortcode-id-83c8a2078898db338e29ee0068485486.enable-bg-rollover .gallery-rollover {\n  background: -webkit-linear-gradient();\n  background: linear-gradient();\n}\n.gallery-shortcode.gallery-masonry-shortcode-id-83c8a2078898db338e29ee0068485486.enable-bg-rollover.hover-scale figure .rollover:after {\n  background: -webkit-linear-gradient();\n  background: linear-gradient();\n}\n.gallery-shortcode.gallery-masonry-shortcode-id-83c8a2078898db338e29ee0068485486 .gallery-zoom-ico {\n  width: 44px;\n  height: 44px;\n  line-height: 44px;\n  border-radius: 100px;\n  margin: -22px 0 0 -22px;\n  border-width: 0px;\n  color: #ffffff;\n}\n.dt-icon-bg-on.gallery-shortcode.gallery-masonry-shortcode-id-83c8a2078898db338e29ee0068485486 .gallery-zoom-ico {\n  background: rgba(255,255,255,0.3);\n  box-shadow: none;\n}\n.gallery-shortcode.gallery-masonry-shortcode-id-83c8a2078898db338e29ee0068485486 .gallery-zoom-ico:before,\n.gallery-shortcode.gallery-masonry-shortcode-id-83c8a2078898db338e29ee0068485486 .gallery-zoom-ico span {\n  font-size: 32px;\n  line-height: 44px;\n  color: #ffffff;\n}\n.gallery-shortcode.gallery-masonry-shortcode-id-83c8a2078898db338e29ee0068485486:not(.resize-by-browser-width) .dt-css-grid {\n  grid-row-gap: 10px;\n  grid-column-gap: 10px;\n  grid-template-columns: repeat(auto-fill,minmax(,1fr));\n}\n.gallery-shortcode.gallery-masonry-shortcode-id-83c8a2078898db338e29ee0068485486:not(.resize-by-browser-width) .dt-css-grid .double-width {\n  grid-column: span 2;\n}\n.cssgridlegacy.no-cssgrid .gallery-shortcode.gallery-masonry-shortcode-id-83c8a2078898db338e29ee0068485486:not(.resize-by-browser-width) .dt-css-grid,\n.no-cssgridlegacy.no-cssgrid .gallery-shortcode.gallery-masonry-shortcode-id-83c8a2078898db338e29ee0068485486:not(.resize-by-browser-width) .dt-css-grid {\n  display: flex;\n  flex-flow: row wrap;\n  margin: -5px;\n}\n.cssgridlegacy.no-cssgrid .gallery-shortcode.gallery-masonry-shortcode-id-83c8a2078898db338e29ee0068485486:not(.resize-by-browser-width) .dt-css-grid .wf-cell,\n.no-cssgridlegacy.no-cssgrid .gallery-shortcode.gallery-masonry-shortcode-id-83c8a2078898db338e29ee0068485486:not(.resize-by-browser-width) .dt-css-grid .wf-cell {\n  flex: 1 0 ;\n  max-width: 100%;\n  padding: 5px;\n  box-sizing: border-box;\n}\n.gallery-shortcode.gallery-masonry-shortcode-id-83c8a2078898db338e29ee0068485486.resize-by-browser-width .dt-css-grid {\n  grid-template-columns: repeat(3,1fr);\n  grid-template-rows: auto;\n  grid-column-gap: 10px;\n  grid-row-gap: 10px;\n}\n.gallery-shortcode.gallery-masonry-shortcode-id-83c8a2078898db338e29ee0068485486.resize-by-browser-width .dt-css-grid .double-width {\n  grid-column: span 2;\n}\n.cssgridlegacy.no-cssgrid .gallery-shortcode.gallery-masonry-shortcode-id-83c8a2078898db338e29ee0068485486.resize-by-browser-width .dt-css-grid {\n  margin: -5px;\n}\n.cssgridlegacy.no-cssgrid .gallery-shortcode.gallery-masonry-shortcode-id-83c8a2078898db338e29ee0068485486.resize-by-browser-width .dt-css-grid .wf-cell {\n  width: 33.333333333333%;\n  padding: 5px;\n}\n.cssgridlegacy.no-cssgrid .gallery-shortcode.gallery-masonry-shortcode-id-83c8a2078898db338e29ee0068485486.resize-by-browser-width .dt-css-grid .wf-cell.double-width {\n  width: calc(33.333333333333%) * 2;\n}\n.gallery-shortcode.gallery-masonry-shortcode-id-83c8a2078898db338e29ee0068485486.resize-by-browser-width:not(.centered-layout-list):not(.content-bg-on) .dt-css-grid {\n  grid-row-gap: 10px - ;\n}\n@media screen and (max-width: 1199px) {\n  .gallery-shortcode.gallery-masonry-shortcode-id-83c8a2078898db338e29ee0068485486.resize-by-browser-width .dt-css-grid {\n    grid-template-columns: repeat(3,1fr);\n  }\n  .cssgridlegacy.no-cssgrid .gallery-shortcode.gallery-masonry-shortcode-id-83c8a2078898db338e29ee0068485486.resize-by-browser-width .dt-css-grid .wf-cell,\n  .no-cssgridlegacy.no-cssgrid .gallery-shortcode.gallery-masonry-shortcode-id-83c8a2078898db338e29ee0068485486.resize-by-browser-width .dt-css-grid .wf-cell {\n    width: 33.333333333333%;\n  }\n  .cssgridlegacy.no-cssgrid .gallery-shortcode.gallery-masonry-shortcode-id-83c8a2078898db338e29ee0068485486.resize-by-browser-width .dt-css-grid .wf-cell.double-width,\n  .no-cssgridlegacy.no-cssgrid .gallery-shortcode.gallery-masonry-shortcode-id-83c8a2078898db338e29ee0068485486.resize-by-browser-width .dt-css-grid .wf-cell.double-width {\n    width: calc(33.333333333333%)*2;\n  }\n}\n@media screen and (max-width: 991px) {\n  .gallery-shortcode.gallery-masonry-shortcode-id-83c8a2078898db338e29ee0068485486.resize-by-browser-width .dt-css-grid {\n    grid-template-columns: repeat(3,1fr);\n  }\n  .cssgridlegacy.no-cssgrid .gallery-shortcode.gallery-masonry-shortcode-id-83c8a2078898db338e29ee0068485486.resize-by-browser-width .dt-css-grid .wf-cell,\n  .no-cssgridlegacy.no-cssgrid .gallery-shortcode.gallery-masonry-shortcode-id-83c8a2078898db338e29ee0068485486.resize-by-browser-width .dt-css-grid .wf-cell {\n    width: 33.333333333333%;\n  }\n  .cssgridlegacy.no-cssgrid .gallery-shortcode.gallery-masonry-shortcode-id-83c8a2078898db338e29ee0068485486.resize-by-browser-width .dt-css-grid .wf-cell.double-width,\n  .no-cssgridlegacy.no-cssgrid .gallery-shortcode.gallery-masonry-shortcode-id-83c8a2078898db338e29ee0068485486.resize-by-browser-width .dt-css-grid .wf-cell.double-width {\n    width: calc(33.333333333333%)*2;\n  }\n}\n@media screen and (max-width: 767px) {\n  .gallery-shortcode.gallery-masonry-shortcode-id-83c8a2078898db338e29ee0068485486.resize-by-browser-width .dt-css-grid {\n    grid-template-columns: repeat(1,1fr);\n  }\n  .cssgridlegacy.no-cssgrid .gallery-shortcode.gallery-masonry-shortcode-id-83c8a2078898db338e29ee0068485486.resize-by-browser-width .dt-css-grid .wf-cell,\n  .no-cssgridlegacy.no-cssgrid .gallery-shortcode.gallery-masonry-shortcode-id-83c8a2078898db338e29ee0068485486.resize-by-browser-width .dt-css-grid .wf-cell {\n    width: 100%;\n  }\n  .cssgridlegacy.no-cssgrid .gallery-shortcode.gallery-masonry-shortcode-id-83c8a2078898db338e29ee0068485486.resize-by-browser-width .dt-css-grid .wf-cell.double-width,\n  .no-cssgridlegacy.no-cssgrid .gallery-shortcode.gallery-masonry-shortcode-id-83c8a2078898db338e29ee0068485486.resize-by-browser-width .dt-css-grid .wf-cell.double-width {\n    width: calc(100%)*2;\n  }\n}\n<\/style><div class=\"gallery-shortcode dt-gallery-container gallery-masonry-shortcode-id-83c8a2078898db338e29ee0068485486 mode-grid jquery-filter dt-icon-bg-off quick-scale-img dt-css-grid-wrap enable-bg-rollover resize-by-browser-width  hover-fade loading-effect-none description-on-hover\" data-padding=\"5px\" data-cur-page=\"1\" data-post-limit=\"-1\" data-pagination-mode=\"none\" data-desktop-columns-num=\"3\" data-v-tablet-columns-num=\"3\" data-h-tablet-columns-num=\"3\" data-phone-columns-num=\"1\" data-width=\"0px\" data-columns=\"0\"><div class=\"dt-css-grid\" ><div class=\"wf-cell\" data-post-id=\"1899\" data-date=\"2018-12-13T10:31:33+00:00\" data-name=\"Cacauet_teatre_millor_regal_10\"><figure class=\"post visible\"><a href=\"https:\/\/cacauet.net\/wp-content\/uploads\/2018\/09\/Cacauet_teatre_millor_regal_10.jpg\" class=\"rollover dt-pswp-item layzr-bg\" data-large_image_width=\"3887\" data-large_image_height=\"2590\" data-dt-img-description=\"\" title=\"Cacauet_teatre_millor_regal_10\"><img class=\"preload-me iso-lazy-load aspect\" src=\"data:image\/svg+xml,%3Csvg%20xmlns%3D&#39;http%3A%2F%2Fwww.w3.org%2F2000%2Fsvg&#39;%20viewBox%3D&#39;0%200%20768%20768&#39;%2F%3E\" data-src=\"https:\/\/cacauet.net\/wp-content\/uploads\/2018\/09\/Cacauet_teatre_millor_regal_10-768x768.jpg\" data-srcset=\"https:\/\/cacauet.net\/wp-content\/uploads\/2018\/09\/Cacauet_teatre_millor_regal_10-768x768.jpg 768w, https:\/\/cacauet.net\/wp-content\/uploads\/2018\/09\/Cacauet_teatre_millor_regal_10-1152x1152.jpg 1152w\" loading=\"eager\" style=\"--ratio: 768 \/ 768\" sizes=\"(max-width: 768px) 100vw, 768px\" alt=\"\" width=\"768\" height=\"768\"  \/><span class=\"gallery-rollover\"><span class=\"gallery-zoom-ico icomoon-the7-font-the7-zoom-06\"><span><\/span><\/span><\/span><\/a><\/figure><\/div><div class=\"wf-cell\" data-post-id=\"1897\" data-date=\"2018-12-13T10:30:57+00:00\" data-name=\"Cacauet_teatre_millor_regal_9\"><figure class=\"post visible\"><a href=\"https:\/\/cacauet.net\/wp-content\/uploads\/2018\/09\/Cacauet_teatre_millor_regal_9.jpg\" class=\"rollover dt-pswp-item layzr-bg\" data-large_image_width=\"2635\" data-large_image_height=\"1757\" data-dt-img-description=\"\" title=\"Cacauet_teatre_millor_regal_9\"><img class=\"preload-me iso-lazy-load aspect\" src=\"data:image\/svg+xml,%3Csvg%20xmlns%3D&#39;http%3A%2F%2Fwww.w3.org%2F2000%2Fsvg&#39;%20viewBox%3D&#39;0%200%20768%20768&#39;%2F%3E\" data-src=\"https:\/\/cacauet.net\/wp-content\/uploads\/2018\/09\/Cacauet_teatre_millor_regal_9-768x768.jpg\" data-srcset=\"https:\/\/cacauet.net\/wp-content\/uploads\/2018\/09\/Cacauet_teatre_millor_regal_9-768x768.jpg 768w, https:\/\/cacauet.net\/wp-content\/uploads\/2018\/09\/Cacauet_teatre_millor_regal_9-1152x1152.jpg 1152w\" loading=\"eager\" style=\"--ratio: 768 \/ 768\" sizes=\"(max-width: 768px) 100vw, 768px\" alt=\"\" width=\"768\" height=\"768\"  \/><span class=\"gallery-rollover\"><span class=\"gallery-zoom-ico icomoon-the7-font-the7-zoom-06\"><span><\/span><\/span><\/span><\/a><\/figure><\/div><div class=\"wf-cell\" data-post-id=\"1891\" data-date=\"2018-12-13T10:29:27+00:00\" data-name=\"Cacauet_teatre_millor_regal_4\"><figure class=\"post visible\"><a href=\"https:\/\/cacauet.net\/wp-content\/uploads\/2018\/09\/Cacauet_teatre_millor_regal_4.jpg\" class=\"rollover dt-pswp-item layzr-bg\" data-large_image_width=\"1380\" data-large_image_height=\"1868\" data-dt-img-description=\"\" title=\"Cacauet_teatre_millor_regal_4\"><img class=\"preload-me iso-lazy-load aspect\" src=\"data:image\/svg+xml,%3Csvg%20xmlns%3D&#39;http%3A%2F%2Fwww.w3.org%2F2000%2Fsvg&#39;%20viewBox%3D&#39;0%200%20768%20768&#39;%2F%3E\" data-src=\"https:\/\/cacauet.net\/wp-content\/uploads\/2018\/09\/Cacauet_teatre_millor_regal_4-768x768.jpg\" data-srcset=\"https:\/\/cacauet.net\/wp-content\/uploads\/2018\/09\/Cacauet_teatre_millor_regal_4-768x768.jpg 768w, https:\/\/cacauet.net\/wp-content\/uploads\/2018\/09\/Cacauet_teatre_millor_regal_4-1152x1152.jpg 1152w\" loading=\"eager\" style=\"--ratio: 768 \/ 768\" sizes=\"(max-width: 768px) 100vw, 768px\" alt=\"\" width=\"768\" height=\"768\"  \/><span class=\"gallery-rollover\"><span class=\"gallery-zoom-ico icomoon-the7-font-the7-zoom-06\"><span><\/span><\/span><\/span><\/a><\/figure><\/div><\/div><!-- iso-container|iso-grid --><\/div>[\/vc_column][\/vc_row]<\/p>\n<\/section>","protected":false},"excerpt":{"rendered":"<p>[vc_row][vc_column][vc_column_text] Adequado para espacios interiores que se puedan oscurecer bien. A partir de 4 a\u00f1os. Hay la posibilidad de hacer este montage con m\u00fasica en directo [\/vc_column_text][\/vc_column][\/vc_row]<\/p>\n","protected":false},"author":1,"featured_media":0,"parent":0,"menu_order":0,"comment_status":"closed","ping_status":"closed","template":"","meta":[],"_links":{"self":[{"href":"https:\/\/cacauet.net\/es\/wp-json\/wp\/v2\/pages\/2583"}],"collection":[{"href":"https:\/\/cacauet.net\/es\/wp-json\/wp\/v2\/pages"}],"about":[{"href":"https:\/\/cacauet.net\/es\/wp-json\/wp\/v2\/types\/page"}],"author":[{"embeddable":true,"href":"https:\/\/cacauet.net\/es\/wp-json\/wp\/v2\/users\/1"}],"replies":[{"embeddable":true,"href":"https:\/\/cacauet.net\/es\/wp-json\/wp\/v2\/comments?post=2583"}],"version-history":[{"count":4,"href":"https:\/\/cacauet.net\/es\/wp-json\/wp\/v2\/pages\/2583\/revisions"}],"predecessor-version":[{"id":2588,"href":"https:\/\/cacauet.net\/es\/wp-json\/wp\/v2\/pages\/2583\/revisions\/2588"}],"wp:attachment":[{"href":"https:\/\/cacauet.net\/es\/wp-json\/wp\/v2\/media?parent=2583"}],"curies":[{"name":"wp","href":"https:\/\/api.w.org\/{rel}","templated":true}]}}