{"id":2579,"date":"2023-08-20T08:22:51","date_gmt":"2023-08-20T08:22:51","guid":{"rendered":"https:\/\/cacauet.net\/el-mono-y-la-tortuga"},"modified":"2023-08-25T10:22:06","modified_gmt":"2023-08-25T10:22:06","slug":"el-mono-y-la-tortuga","status":"publish","type":"page","link":"https:\/\/cacauet.net\/es\/el-mono-y-la-tortuga","title":{"rendered":"El mono y la tortuga"},"content":{"rendered":"<section class=\"wpb-content-wrapper\"><p>[vc_row][vc_column width=\u00bb2\/3&#8243;][vc_column_text]<\/p>\n&#13;\n<h2>El mico i la tortuga<\/h2>&#13;\n<h3>Amb teatr\u00ed d&#8217;ombres<\/h3>&#13;\n<p style=\"text-align: left;\">El mico i la tortuga \u00e9s l\u2019adaptaci\u00f3 amb sentit de l\u2019humor i dinamisme d\u2019un conte tradicional filip\u00ed. Despr\u00e9s d\u2019un tif\u00f3 en una illa filipina, el mico Fil\u00f3s i la tortuga Ballaruga decideixen replantar alguna palmera per tenir d\u00e0tils. La tortuga no sap enfilar-se pel tronc i agafar els fruits. El mico decideix ajudar-la i compartir els d\u00e0tils, per\u00f2 no tot \u00e9s tant f\u00e0cil com sembla\u2026En aquesta aventura els protagonistes s\u2019ho passen molt b\u00e9 junts com tamb\u00e9 s\u2019enfaden de valent, al final, per\u00f2, prevaldr\u00e0 la seva amistat.<\/p>&#13;\n<p style=\"text-align: left;\"><\/p><\/p>\n<p>Adequado para espacios interiores que se puedan oscurecer bien. A partir de 4 a\u00f1os.<\/p>\n<p><strong>Hay la posibilidad de hacer este montage con m\u00fasica en directo<\/strong><\/p>\n<p>[\/vc_column_text]<style type=\"text\/css\" data-type=\"the7_shortcodes-inline-css\">.gallery-shortcode.gallery-masonry-shortcode-id-eb1daf7f85456bd808724faf8b6dcf73 figure,\n.gallery-shortcode.gallery-masonry-shortcode-id-eb1daf7f85456bd808724faf8b6dcf73 .rollover,\n.gallery-shortcode.gallery-masonry-shortcode-id-eb1daf7f85456bd808724faf8b6dcf73 img,\n.gallery-shortcode.gallery-masonry-shortcode-id-eb1daf7f85456bd808724faf8b6dcf73 .gallery-rollover {\n  border-radius: 0px;\n}\n.gallery-shortcode.gallery-masonry-shortcode-id-eb1daf7f85456bd808724faf8b6dcf73.enable-bg-rollover .gallery-rollover {\n  background: -webkit-linear-gradient();\n  background: linear-gradient();\n}\n.gallery-shortcode.gallery-masonry-shortcode-id-eb1daf7f85456bd808724faf8b6dcf73.enable-bg-rollover.hover-scale figure .rollover:after {\n  background: -webkit-linear-gradient();\n  background: linear-gradient();\n}\n.gallery-shortcode.gallery-masonry-shortcode-id-eb1daf7f85456bd808724faf8b6dcf73 .gallery-zoom-ico {\n  width: 44px;\n  height: 44px;\n  line-height: 44px;\n  border-radius: 100px;\n  margin: -22px 0 0 -22px;\n  border-width: 0px;\n  color: #ffffff;\n}\n.dt-icon-bg-on.gallery-shortcode.gallery-masonry-shortcode-id-eb1daf7f85456bd808724faf8b6dcf73 .gallery-zoom-ico {\n  background: rgba(255,255,255,0.3);\n  box-shadow: none;\n}\n.gallery-shortcode.gallery-masonry-shortcode-id-eb1daf7f85456bd808724faf8b6dcf73 .gallery-zoom-ico:before,\n.gallery-shortcode.gallery-masonry-shortcode-id-eb1daf7f85456bd808724faf8b6dcf73 .gallery-zoom-ico span {\n  font-size: 32px;\n  line-height: 44px;\n  color: #ffffff;\n}\n.gallery-shortcode.gallery-masonry-shortcode-id-eb1daf7f85456bd808724faf8b6dcf73:not(.resize-by-browser-width) .dt-css-grid {\n  grid-row-gap: 10px;\n  grid-column-gap: 10px;\n  grid-template-columns: repeat(auto-fill,minmax(,1fr));\n}\n.gallery-shortcode.gallery-masonry-shortcode-id-eb1daf7f85456bd808724faf8b6dcf73:not(.resize-by-browser-width) .dt-css-grid .double-width {\n  grid-column: span 2;\n}\n.cssgridlegacy.no-cssgrid .gallery-shortcode.gallery-masonry-shortcode-id-eb1daf7f85456bd808724faf8b6dcf73:not(.resize-by-browser-width) .dt-css-grid,\n.no-cssgridlegacy.no-cssgrid .gallery-shortcode.gallery-masonry-shortcode-id-eb1daf7f85456bd808724faf8b6dcf73:not(.resize-by-browser-width) .dt-css-grid {\n  display: flex;\n  flex-flow: row wrap;\n  margin: -5px;\n}\n.cssgridlegacy.no-cssgrid .gallery-shortcode.gallery-masonry-shortcode-id-eb1daf7f85456bd808724faf8b6dcf73:not(.resize-by-browser-width) .dt-css-grid .wf-cell,\n.no-cssgridlegacy.no-cssgrid .gallery-shortcode.gallery-masonry-shortcode-id-eb1daf7f85456bd808724faf8b6dcf73:not(.resize-by-browser-width) .dt-css-grid .wf-cell {\n  flex: 1 0 ;\n  max-width: 100%;\n  padding: 5px;\n  box-sizing: border-box;\n}\n.gallery-shortcode.gallery-masonry-shortcode-id-eb1daf7f85456bd808724faf8b6dcf73.resize-by-browser-width .dt-css-grid {\n  grid-template-columns: repeat(3,1fr);\n  grid-template-rows: auto;\n  grid-column-gap: 10px;\n  grid-row-gap: 10px;\n}\n.gallery-shortcode.gallery-masonry-shortcode-id-eb1daf7f85456bd808724faf8b6dcf73.resize-by-browser-width .dt-css-grid .double-width {\n  grid-column: span 2;\n}\n.cssgridlegacy.no-cssgrid .gallery-shortcode.gallery-masonry-shortcode-id-eb1daf7f85456bd808724faf8b6dcf73.resize-by-browser-width .dt-css-grid {\n  margin: -5px;\n}\n.cssgridlegacy.no-cssgrid .gallery-shortcode.gallery-masonry-shortcode-id-eb1daf7f85456bd808724faf8b6dcf73.resize-by-browser-width .dt-css-grid .wf-cell {\n  width: 33.333333333333%;\n  padding: 5px;\n}\n.cssgridlegacy.no-cssgrid .gallery-shortcode.gallery-masonry-shortcode-id-eb1daf7f85456bd808724faf8b6dcf73.resize-by-browser-width .dt-css-grid .wf-cell.double-width {\n  width: calc(33.333333333333%) * 2;\n}\n.gallery-shortcode.gallery-masonry-shortcode-id-eb1daf7f85456bd808724faf8b6dcf73.resize-by-browser-width:not(.centered-layout-list):not(.content-bg-on) .dt-css-grid {\n  grid-row-gap: 10px - ;\n}\n@media screen and (max-width: 1199px) {\n  .gallery-shortcode.gallery-masonry-shortcode-id-eb1daf7f85456bd808724faf8b6dcf73.resize-by-browser-width .dt-css-grid {\n    grid-template-columns: repeat(3,1fr);\n  }\n  .cssgridlegacy.no-cssgrid .gallery-shortcode.gallery-masonry-shortcode-id-eb1daf7f85456bd808724faf8b6dcf73.resize-by-browser-width .dt-css-grid .wf-cell,\n  .no-cssgridlegacy.no-cssgrid .gallery-shortcode.gallery-masonry-shortcode-id-eb1daf7f85456bd808724faf8b6dcf73.resize-by-browser-width .dt-css-grid .wf-cell {\n    width: 33.333333333333%;\n  }\n  .cssgridlegacy.no-cssgrid .gallery-shortcode.gallery-masonry-shortcode-id-eb1daf7f85456bd808724faf8b6dcf73.resize-by-browser-width .dt-css-grid .wf-cell.double-width,\n  .no-cssgridlegacy.no-cssgrid .gallery-shortcode.gallery-masonry-shortcode-id-eb1daf7f85456bd808724faf8b6dcf73.resize-by-browser-width .dt-css-grid .wf-cell.double-width {\n    width: calc(33.333333333333%)*2;\n  }\n}\n@media screen and (max-width: 991px) {\n  .gallery-shortcode.gallery-masonry-shortcode-id-eb1daf7f85456bd808724faf8b6dcf73.resize-by-browser-width .dt-css-grid {\n    grid-template-columns: repeat(3,1fr);\n  }\n  .cssgridlegacy.no-cssgrid .gallery-shortcode.gallery-masonry-shortcode-id-eb1daf7f85456bd808724faf8b6dcf73.resize-by-browser-width .dt-css-grid .wf-cell,\n  .no-cssgridlegacy.no-cssgrid .gallery-shortcode.gallery-masonry-shortcode-id-eb1daf7f85456bd808724faf8b6dcf73.resize-by-browser-width .dt-css-grid .wf-cell {\n    width: 33.333333333333%;\n  }\n  .cssgridlegacy.no-cssgrid .gallery-shortcode.gallery-masonry-shortcode-id-eb1daf7f85456bd808724faf8b6dcf73.resize-by-browser-width .dt-css-grid .wf-cell.double-width,\n  .no-cssgridlegacy.no-cssgrid .gallery-shortcode.gallery-masonry-shortcode-id-eb1daf7f85456bd808724faf8b6dcf73.resize-by-browser-width .dt-css-grid .wf-cell.double-width {\n    width: calc(33.333333333333%)*2;\n  }\n}\n@media screen and (max-width: 767px) {\n  .gallery-shortcode.gallery-masonry-shortcode-id-eb1daf7f85456bd808724faf8b6dcf73.resize-by-browser-width .dt-css-grid {\n    grid-template-columns: repeat(1,1fr);\n  }\n  .cssgridlegacy.no-cssgrid .gallery-shortcode.gallery-masonry-shortcode-id-eb1daf7f85456bd808724faf8b6dcf73.resize-by-browser-width .dt-css-grid .wf-cell,\n  .no-cssgridlegacy.no-cssgrid .gallery-shortcode.gallery-masonry-shortcode-id-eb1daf7f85456bd808724faf8b6dcf73.resize-by-browser-width .dt-css-grid .wf-cell {\n    width: 100%;\n  }\n  .cssgridlegacy.no-cssgrid .gallery-shortcode.gallery-masonry-shortcode-id-eb1daf7f85456bd808724faf8b6dcf73.resize-by-browser-width .dt-css-grid .wf-cell.double-width,\n  .no-cssgridlegacy.no-cssgrid .gallery-shortcode.gallery-masonry-shortcode-id-eb1daf7f85456bd808724faf8b6dcf73.resize-by-browser-width .dt-css-grid .wf-cell.double-width {\n    width: calc(100%)*2;\n  }\n}\n<\/style><div class=\"gallery-shortcode dt-gallery-container gallery-masonry-shortcode-id-eb1daf7f85456bd808724faf8b6dcf73 mode-grid jquery-filter dt-icon-bg-off quick-scale-img dt-css-grid-wrap enable-bg-rollover resize-by-browser-width  hover-fade loading-effect-none description-on-hover\" data-padding=\"5px\" data-cur-page=\"1\" data-post-limit=\"-1\" data-pagination-mode=\"none\" data-desktop-columns-num=\"3\" data-v-tablet-columns-num=\"3\" data-h-tablet-columns-num=\"3\" data-phone-columns-num=\"1\" data-width=\"0px\" data-columns=\"0\"><div class=\"dt-css-grid\" ><div class=\"wf-cell\" data-post-id=\"1885\" data-date=\"2018-12-13T10:28:52+00:00\" data-name=\"Cacauet_teatre_mico_tortuga_6\"><figure class=\"post visible\"><a href=\"https:\/\/cacauet.net\/wp-content\/uploads\/2018\/09\/Cacauet_teatre_mico_tortuga_6.jpg\" class=\"rollover dt-pswp-item layzr-bg\" data-large_image_width=\"2558\" data-large_image_height=\"1705\" data-dt-img-description=\"\" title=\"Cacauet_teatre_mico_tortuga_6\"><img class=\"preload-me iso-lazy-load aspect\" src=\"data:image\/svg+xml,%3Csvg%20xmlns%3D&#39;http%3A%2F%2Fwww.w3.org%2F2000%2Fsvg&#39;%20viewBox%3D&#39;0%200%20768%20768&#39;%2F%3E\" data-src=\"https:\/\/cacauet.net\/wp-content\/uploads\/2018\/09\/Cacauet_teatre_mico_tortuga_6-768x768.jpg\" data-srcset=\"https:\/\/cacauet.net\/wp-content\/uploads\/2018\/09\/Cacauet_teatre_mico_tortuga_6-768x768.jpg 768w, https:\/\/cacauet.net\/wp-content\/uploads\/2018\/09\/Cacauet_teatre_mico_tortuga_6-1152x1152.jpg 1152w\" loading=\"eager\" style=\"--ratio: 768 \/ 768\" sizes=\"(max-width: 768px) 100vw, 768px\" alt=\"\" width=\"768\" height=\"768\"  \/><span class=\"gallery-rollover\"><span class=\"gallery-zoom-ico icomoon-the7-font-the7-zoom-06\"><span><\/span><\/span><\/span><\/a><\/figure><\/div><div class=\"wf-cell\" data-post-id=\"1883\" data-date=\"2018-12-13T10:28:44+00:00\" data-name=\"Cacauet_teatre_mico_tortuga_5\"><figure class=\"post visible\"><a href=\"https:\/\/cacauet.net\/wp-content\/uploads\/2018\/09\/Cacauet_teatre_mico_tortuga_5.jpg\" class=\"rollover dt-pswp-item layzr-bg\" data-large_image_width=\"2558\" data-large_image_height=\"1706\" data-dt-img-description=\"\" title=\"Cacauet_teatre_mico_tortuga_5\"><img class=\"preload-me iso-lazy-load aspect\" src=\"data:image\/svg+xml,%3Csvg%20xmlns%3D&#39;http%3A%2F%2Fwww.w3.org%2F2000%2Fsvg&#39;%20viewBox%3D&#39;0%200%20768%20768&#39;%2F%3E\" data-src=\"https:\/\/cacauet.net\/wp-content\/uploads\/2018\/09\/Cacauet_teatre_mico_tortuga_5-768x768.jpg\" data-srcset=\"https:\/\/cacauet.net\/wp-content\/uploads\/2018\/09\/Cacauet_teatre_mico_tortuga_5-768x768.jpg 768w, https:\/\/cacauet.net\/wp-content\/uploads\/2018\/09\/Cacauet_teatre_mico_tortuga_5-1152x1152.jpg 1152w\" loading=\"eager\" style=\"--ratio: 768 \/ 768\" sizes=\"(max-width: 768px) 100vw, 768px\" alt=\"\" width=\"768\" height=\"768\"  \/><span class=\"gallery-rollover\"><span class=\"gallery-zoom-ico icomoon-the7-font-the7-zoom-06\"><span><\/span><\/span><\/span><\/a><\/figure><\/div><div class=\"wf-cell\" data-post-id=\"1881\" data-date=\"2018-12-13T10:28:35+00:00\" data-name=\"Cacauet_teatre_mico_tortuga_4\"><figure class=\"post visible\"><a href=\"https:\/\/cacauet.net\/wp-content\/uploads\/2018\/09\/Cacauet_teatre_mico_tortuga_4.jpg\" class=\"rollover dt-pswp-item layzr-bg\" data-large_image_width=\"2487\" data-large_image_height=\"1658\" data-dt-img-description=\"\" title=\"Cacauet_teatre_mico_tortuga_4\"><img class=\"preload-me iso-lazy-load aspect\" src=\"data:image\/svg+xml,%3Csvg%20xmlns%3D&#39;http%3A%2F%2Fwww.w3.org%2F2000%2Fsvg&#39;%20viewBox%3D&#39;0%200%20768%20768&#39;%2F%3E\" data-src=\"https:\/\/cacauet.net\/wp-content\/uploads\/2018\/09\/Cacauet_teatre_mico_tortuga_4-768x768.jpg\" data-srcset=\"https:\/\/cacauet.net\/wp-content\/uploads\/2018\/09\/Cacauet_teatre_mico_tortuga_4-768x768.jpg 768w, https:\/\/cacauet.net\/wp-content\/uploads\/2018\/09\/Cacauet_teatre_mico_tortuga_4-1152x1152.jpg 1152w\" loading=\"eager\" style=\"--ratio: 768 \/ 768\" sizes=\"(max-width: 768px) 100vw, 768px\" alt=\"\" width=\"768\" height=\"768\"  \/><span class=\"gallery-rollover\"><span class=\"gallery-zoom-ico icomoon-the7-font-the7-zoom-06\"><span><\/span><\/span><\/span><\/a><\/figure><\/div><div class=\"wf-cell\" data-post-id=\"1879\" data-date=\"2018-12-13T10:28:27+00:00\" data-name=\"Cacauet_teatre_mico_tortuga_3\"><figure class=\"post visible\"><a href=\"https:\/\/cacauet.net\/wp-content\/uploads\/2018\/09\/Cacauet_teatre_mico_tortuga_3.jpg\" class=\"rollover dt-pswp-item layzr-bg\" data-large_image_width=\"2335\" data-large_image_height=\"1557\" data-dt-img-description=\"\" title=\"Cacauet_teatre_mico_tortuga_3\"><img class=\"preload-me iso-lazy-load aspect\" src=\"data:image\/svg+xml,%3Csvg%20xmlns%3D&#39;http%3A%2F%2Fwww.w3.org%2F2000%2Fsvg&#39;%20viewBox%3D&#39;0%200%20768%20768&#39;%2F%3E\" data-src=\"https:\/\/cacauet.net\/wp-content\/uploads\/2018\/09\/Cacauet_teatre_mico_tortuga_3-768x768.jpg\" data-srcset=\"https:\/\/cacauet.net\/wp-content\/uploads\/2018\/09\/Cacauet_teatre_mico_tortuga_3-768x768.jpg 768w, https:\/\/cacauet.net\/wp-content\/uploads\/2018\/09\/Cacauet_teatre_mico_tortuga_3-1152x1152.jpg 1152w\" loading=\"eager\" style=\"--ratio: 768 \/ 768\" sizes=\"(max-width: 768px) 100vw, 768px\" alt=\"\" width=\"768\" height=\"768\"  \/><span class=\"gallery-rollover\"><span class=\"gallery-zoom-ico icomoon-the7-font-the7-zoom-06\"><span><\/span><\/span><\/span><\/a><\/figure><\/div><div class=\"wf-cell\" data-post-id=\"1877\" data-date=\"2018-12-13T10:28:19+00:00\" data-name=\"Cacauet_teatre_mico_tortuga_2\"><figure class=\"post visible\"><a href=\"https:\/\/cacauet.net\/wp-content\/uploads\/2018\/09\/Cacauet_teatre_mico_tortuga_2.jpg\" class=\"rollover dt-pswp-item layzr-bg\" data-large_image_width=\"2560\" data-large_image_height=\"1707\" data-dt-img-description=\"\" title=\"Cacauet_teatre_mico_tortuga_2\"><img class=\"preload-me iso-lazy-load aspect\" src=\"data:image\/svg+xml,%3Csvg%20xmlns%3D&#39;http%3A%2F%2Fwww.w3.org%2F2000%2Fsvg&#39;%20viewBox%3D&#39;0%200%20768%20768&#39;%2F%3E\" data-src=\"https:\/\/cacauet.net\/wp-content\/uploads\/2018\/09\/Cacauet_teatre_mico_tortuga_2-768x768.jpg\" data-srcset=\"https:\/\/cacauet.net\/wp-content\/uploads\/2018\/09\/Cacauet_teatre_mico_tortuga_2-768x768.jpg 768w, https:\/\/cacauet.net\/wp-content\/uploads\/2018\/09\/Cacauet_teatre_mico_tortuga_2-1152x1152.jpg 1152w\" loading=\"eager\" style=\"--ratio: 768 \/ 768\" sizes=\"(max-width: 768px) 100vw, 768px\" alt=\"\" width=\"768\" height=\"768\"  \/><span class=\"gallery-rollover\"><span class=\"gallery-zoom-ico icomoon-the7-font-the7-zoom-06\"><span><\/span><\/span><\/span><\/a><\/figure><\/div><div class=\"wf-cell\" data-post-id=\"1875\" data-date=\"2018-12-13T10:28:09+00:00\" data-name=\"Cacauet_teatre_mico_tortuga_1\"><figure class=\"post visible\"><a href=\"https:\/\/cacauet.net\/wp-content\/uploads\/2018\/09\/Cacauet_teatre_mico_tortuga_1.jpg\" class=\"rollover dt-pswp-item layzr-bg\" data-large_image_width=\"2558\" data-large_image_height=\"1705\" data-dt-img-description=\"\" title=\"Cacauet_teatre_mico_tortuga_1\"><img class=\"preload-me iso-lazy-load aspect\" src=\"data:image\/svg+xml,%3Csvg%20xmlns%3D&#39;http%3A%2F%2Fwww.w3.org%2F2000%2Fsvg&#39;%20viewBox%3D&#39;0%200%20768%20768&#39;%2F%3E\" data-src=\"https:\/\/cacauet.net\/wp-content\/uploads\/2018\/09\/Cacauet_teatre_mico_tortuga_1-768x768.jpg\" data-srcset=\"https:\/\/cacauet.net\/wp-content\/uploads\/2018\/09\/Cacauet_teatre_mico_tortuga_1-768x768.jpg 768w, https:\/\/cacauet.net\/wp-content\/uploads\/2018\/09\/Cacauet_teatre_mico_tortuga_1-1152x1152.jpg 1152w\" loading=\"eager\" style=\"--ratio: 768 \/ 768\" sizes=\"(max-width: 768px) 100vw, 768px\" alt=\"\" width=\"768\" height=\"768\"  \/><span class=\"gallery-rollover\"><span class=\"gallery-zoom-ico icomoon-the7-font-the7-zoom-06\"><span><\/span><\/span><\/span><\/a><\/figure><\/div><\/div><!-- iso-container|iso-grid --><\/div>[vc_separator][\/vc_column][vc_column width=\u00bb1\/3&#8243;][\/vc_column][\/vc_row][vc_row][vc_column width=\u00bb2\/3&#8243;][vc_video link=\u00bbhttps:\/\/youtu.be\/hiKnO2khjGA\u00bb][\/vc_column][vc_column width=\u00bb1\/3&#8243;][\/vc_column][\/vc_row]<\/p>\n<\/section>","protected":false},"excerpt":{"rendered":"<p>[vc_row][vc_column width=\u00bb2\/3&#8243;][vc_column_text] Adequado para espacios interiores que se puedan oscurecer bien. A partir de 4 a\u00f1os. Hay la posibilidad de hacer este montage con m\u00fasica en directo [\/vc_column_text][vc_separator][\/vc_column][vc_column width=\u00bb1\/3&#8243;][\/vc_column][\/vc_row][vc_row][vc_column width=\u00bb2\/3&#8243;][vc_video link=\u00bbhttps:\/\/youtu.be\/hiKnO2khjGA\u00bb][\/vc_column][vc_column width=\u00bb1\/3&#8243;][\/vc_column][\/vc_row]<\/p>\n","protected":false},"author":1,"featured_media":0,"parent":0,"menu_order":0,"comment_status":"closed","ping_status":"closed","template":"","meta":[],"_links":{"self":[{"href":"https:\/\/cacauet.net\/es\/wp-json\/wp\/v2\/pages\/2579"}],"collection":[{"href":"https:\/\/cacauet.net\/es\/wp-json\/wp\/v2\/pages"}],"about":[{"href":"https:\/\/cacauet.net\/es\/wp-json\/wp\/v2\/types\/page"}],"author":[{"embeddable":true,"href":"https:\/\/cacauet.net\/es\/wp-json\/wp\/v2\/users\/1"}],"replies":[{"embeddable":true,"href":"https:\/\/cacauet.net\/es\/wp-json\/wp\/v2\/comments?post=2579"}],"version-history":[{"count":2,"href":"https:\/\/cacauet.net\/es\/wp-json\/wp\/v2\/pages\/2579\/revisions"}],"predecessor-version":[{"id":2582,"href":"https:\/\/cacauet.net\/es\/wp-json\/wp\/v2\/pages\/2579\/revisions\/2582"}],"wp:attachment":[{"href":"https:\/\/cacauet.net\/es\/wp-json\/wp\/v2\/media?parent=2579"}],"curies":[{"name":"wp","href":"https:\/\/api.w.org\/{rel}","templated":true}]}}