{"id":2576,"date":"2023-08-19T13:36:58","date_gmt":"2023-08-19T13:36:58","guid":{"rendered":"https:\/\/cacauet.net\/el-conejito-que-queria-bizcocho"},"modified":"2024-06-27T09:50:56","modified_gmt":"2024-06-27T09:50:56","slug":"el-conejito-que-queria-bizcocho","status":"publish","type":"page","link":"https:\/\/cacauet.net\/es\/el-conejito-que-queria-bizcocho","title":{"rendered":"El conejito que quer\u00eda bizcocho"},"content":{"rendered":"<section class=\"wpb-content-wrapper\"><p>[vc_row][vc_column]<style type=\"text\/css\" data-type=\"the7_shortcodes-inline-css\">.carousel-shortcode.carousel-shortcode-id-87493a18ebba10208037048201e31dac .owl-nav a {\n  width: 0px;\n  height: 0px;\n  border-radius: 500px;\n}\n.dt-arrow-border-on.carousel-shortcode.carousel-shortcode-id-87493a18ebba10208037048201e31dac .owl-nav a:not(:hover):before {\n  border-width: 0px;\n}\n.dt-arrow-hover-border-on.carousel-shortcode.carousel-shortcode-id-87493a18ebba10208037048201e31dac .owl-nav a:hover:after {\n  border-width: 0px;\n}\n.dt-arrow-border-on.carousel-shortcode.carousel-shortcode-id-87493a18ebba10208037048201e31dac .owl-nav a:not(:hover):before {\n  border-color: #000000;\n}\n.carousel-shortcode.carousel-shortcode-id-87493a18ebba10208037048201e31dac .owl-nav a.owl-prev {\n  top: 50%;\n  transform: translateY(calc(-50% + 0px));\n  left: 50px;\n}\n@media all and (-ms-high-contrast: none) {\n  .carousel-shortcode.carousel-shortcode-id-87493a18ebba10208037048201e31dac .owl-nav a.owl-prev {\n    transform: translateY(-50%);\n    margin-top: 0px;\n  }\n}\n.carousel-shortcode.carousel-shortcode-id-87493a18ebba10208037048201e31dac .owl-nav a.owl-prev i {\n  padding: 0px 0px 0px 0px;\n}\n.carousel-shortcode.carousel-shortcode-id-87493a18ebba10208037048201e31dac .owl-nav a.owl-next {\n  top: 50%;\n  transform: translateY(calc(-50% + 0px));\n  right: 50px;\n}\n@media all and (-ms-high-contrast: none) {\n  .carousel-shortcode.carousel-shortcode-id-87493a18ebba10208037048201e31dac .owl-nav a.owl-next {\n    transform: translateY(-50%);\n    margin-top: 0px;\n  }\n}\n.carousel-shortcode.carousel-shortcode-id-87493a18ebba10208037048201e31dac .owl-nav a.owl-next i {\n  padding: 0px 0px 0px 0px;\n}\n.carousel-shortcode.carousel-shortcode-id-87493a18ebba10208037048201e31dac .owl-nav i {\n  font-size: 40px;\n}\n.carousel-shortcode.carousel-shortcode-id-87493a18ebba10208037048201e31dac .owl-nav a:not(:hover) i,\n.carousel-shortcode.carousel-shortcode-id-87493a18ebba10208037048201e31dac .owl-nav a:not(:hover) i:before {\n  color: #ffffff;\n  background: none;\n}\n.carousel-shortcode.carousel-shortcode-id-87493a18ebba10208037048201e31dac .owl-nav a:hover i,\n.carousel-shortcode.carousel-shortcode-id-87493a18ebba10208037048201e31dac .owl-nav a:hover i:before {\n  color: rgba(255,255,255,0.75);\n  background: none;\n}\n.carousel-shortcode.carousel-shortcode-id-87493a18ebba10208037048201e31dac .owl-dots {\n  top: calc(100% + 20px);\n  left: 50%;\n  transform: translateX(calc(-50% + 0px));\n}\n@media all and (-ms-high-contrast: none) {\n  .carousel-shortcode.carousel-shortcode-id-87493a18ebba10208037048201e31dac .owl-dots {\n    transform: translateX(-50%);\n    margin-left: 0px;\n  }\n}\n.carousel-shortcode.carousel-shortcode-id-87493a18ebba10208037048201e31dac .owl-dot {\n  width: 10px;\n  height: 10px;\n  margin: 0 8px;\n}\n@media screen and (max-width: 778px) {\n  .carousel-shortcode.carousel-shortcode-id-87493a18ebba10208037048201e31dac.hide-arrows .owl-nav a {\n    display: none;\n  }\n}\n@media screen and (max-width: 778px) {\n  .carousel-shortcode.carousel-shortcode-id-87493a18ebba10208037048201e31dac.reposition-arrows .owl-nav .owl-prev {\n    top: 50%;\n    transform: translateY(calc(-50% + 0px));\n    left: 10px;\n  }\n  .carousel-shortcode.carousel-shortcode-id-87493a18ebba10208037048201e31dac.reposition-arrows .owl-nav .owl-next {\n    top: 50%;\n    transform: translateY(calc(-50% + 0px));\n    right: 10px;\n  }\n}\n@media screen and (max-width: 778px) and all and (-ms-high-contrast: none) {\n  .carousel-shortcode.carousel-shortcode-id-87493a18ebba10208037048201e31dac.reposition-arrows .owl-nav .owl-prev {\n    transform: translateY(-50%);\n    margin-top: 0px;\n  }\n}\n@media screen and (max-width: 778px) and all and (-ms-high-contrast: none) {\n  .carousel-shortcode.carousel-shortcode-id-87493a18ebba10208037048201e31dac.reposition-arrows .owl-nav .owl-next {\n    transform: translateY(-50%);\n    margin-top: 0px;\n  }\n}\n<\/style><div class=\"owl-carousel carousel-shortcode dt-owl-carousel-call carousel-shortcode-id-87493a18ebba10208037048201e31dac bullets-small-dot-stroke reposition-arrows arrows-bg-off dt-arrow-border-on dt-arrow-hover-border-on disable-arrows-hover-bg arrows-hover-bg-on  \" data-scroll-mode=\"1\" data-col-num=\"1\" data-wide-col-num=\"1\" data-laptop-col=\"1\" data-h-tablet-columns-num=\"1\" data-v-tablet-columns-num=\"1\" data-phone-columns-num=\"1\" data-auto-height=\"true\" data-col-gap=\"0\" data-stage-padding=\"0\" data-speed=\"600\" data-autoplay=\"true\" data-autoplay_speed=\"6000\" data-arrows=\"true\" data-bullet=\"false\" data-next-icon=\"icon-ar-017-r\" data-prev-icon=\"icon-ar-017-l\">[vc_single_image image=\u00bb2453&#8243; img_size=\u00bb1200&#215;600&#8243;][vc_single_image image=\u00bb2373&#8243; img_size=\u00bb1200&#215;600&#8243;][vc_single_image image=\u00bb2473&#8243; img_size=\u00bb1200&#215;600&#8243;][vc_single_image image=\u00bb2355&#8243; img_size=\u00bb1200&#215;600&#8243;]<\/div>[\/vc_column][\/vc_row][vc_row][vc_column][vc_column_text]<\/p>\n<h1>El conejito que quer\u00eda bizcocho<\/h1>\n<h4><\/h4>\n<h3>De 18 meses a 5 a\u00f1os<\/h3>\n<p style=\"text-align: left;\">Montaje basado en \u201cEl conillet que volia pa de pessic\u201d y poes\u00edas del autor Ramon Besora.<br \/>\nLa escenograf\u00eda, los t\u00edteres, la m\u00fasica y la interpretaci\u00f3n estan pensadas para captar la atenci\u00f3n y el inter\u00e9s de los m\u00e1s peque\u00f1os y peque\u00f1as, para disfrutar juntos en un claro de bosque lleno de vida, m\u00fasica y un texto rimado lleno de color.<\/p>\n<p style=\"text-align: left;\">En un claro en medio del bosque un conejo se despierta y sale de la madriguera. Junto con sus vecinas y vecinos del bosque preparar\u00e1n un delicioso bizcocho. El oso le lleva fresas, el erizo un granito de an\u00eds, las abejas miel y las golondrinas vuelan y cuentan hist\u00f3rias. El caracol busca una col y el ciempi\u00e9s no tiene suficientes zapatos. Un relato que celebra la vida y la cooperaci\u00f3n. Adecuada para espacios interiores o exteriores recogidos y acogedores. En un teatro, una escuela, un centro c\u00edvico, un jard\u00edn\u2026<\/p>\n<p>[\/vc_column_text][vc_column_text]<\/p>\n<h3>35a Fira de Titelles de Lleida<\/h3>\n<h4><a href=\"https:\/\/firatitelles.blogspot.com\/2024\/05\/guanyadors-dels-drac-dor-2024.html\">PREMIO DRAC D\u2019OR AL MEJOR ESPECTACULO INFANTIL \/ FAMILIAR<\/a><\/h4>\n<p><a class=\"dt-pswp-item\" href=\"https:\/\/cacauet.net\/wp-content\/uploads\/2024\/06\/premi_drac_or.jpg\" data-dt-img-description=\"\" data-large_image_width=\"2364\" data-large_image_height=\"1625\"><img decoding=\"async\" loading=\"lazy\" class=\"size-thumbnail wp-image-2847 alignnone\" src=\"https:\/\/cacauet.net\/wp-content\/uploads\/2024\/06\/premi_drac_or-150x150.jpg\" alt=\"\" width=\"150\" height=\"150\"><\/a><\/p>\n<p>[\/vc_column_text][vc_btn title=\u00bbDescarga el dosier\u00bb link=\u00bburl:https%3A%2F%2Fcacauet.net%2Fwp-content%2Fuploads%2F2023%2F08%2FDossier_Conillet.pdf|title:Dosier%20El%20conejito%20que%20quer%C3%ADa%20un%20bizcocho|target:_blank|\u00bb]<style type=\"text\/css\" data-type=\"the7_shortcodes-inline-css\">.gallery-shortcode.gallery-masonry-shortcode-id-498d0c328f7733cd5f6f57ec81e92661 figure,\n.gallery-shortcode.gallery-masonry-shortcode-id-498d0c328f7733cd5f6f57ec81e92661 .rollover,\n.gallery-shortcode.gallery-masonry-shortcode-id-498d0c328f7733cd5f6f57ec81e92661 img,\n.gallery-shortcode.gallery-masonry-shortcode-id-498d0c328f7733cd5f6f57ec81e92661 .gallery-rollover {\n  border-radius: 0px;\n}\n.gallery-shortcode.gallery-masonry-shortcode-id-498d0c328f7733cd5f6f57ec81e92661.enable-bg-rollover .gallery-rollover {\n  background: -webkit-linear-gradient();\n  background: linear-gradient();\n}\n.gallery-shortcode.gallery-masonry-shortcode-id-498d0c328f7733cd5f6f57ec81e92661.enable-bg-rollover.hover-scale figure .rollover:after {\n  background: -webkit-linear-gradient();\n  background: linear-gradient();\n}\n.gallery-shortcode.gallery-masonry-shortcode-id-498d0c328f7733cd5f6f57ec81e92661 .gallery-zoom-ico {\n  width: 44px;\n  height: 44px;\n  line-height: 44px;\n  border-radius: 100px;\n  margin: -22px 0 0 -22px;\n  border-width: 0px;\n  color: #ffffff;\n}\n.dt-icon-bg-on.gallery-shortcode.gallery-masonry-shortcode-id-498d0c328f7733cd5f6f57ec81e92661 .gallery-zoom-ico {\n  background: rgba(255,255,255,0.3);\n  box-shadow: none;\n}\n.gallery-shortcode.gallery-masonry-shortcode-id-498d0c328f7733cd5f6f57ec81e92661 .gallery-zoom-ico:before,\n.gallery-shortcode.gallery-masonry-shortcode-id-498d0c328f7733cd5f6f57ec81e92661 .gallery-zoom-ico span {\n  font-size: 32px;\n  line-height: 44px;\n  color: #ffffff;\n}\n.gallery-shortcode.gallery-masonry-shortcode-id-498d0c328f7733cd5f6f57ec81e92661:not(.resize-by-browser-width) .dt-css-grid {\n  grid-row-gap: 10px;\n  grid-column-gap: 10px;\n  grid-template-columns: repeat(auto-fill,minmax(,1fr));\n}\n.gallery-shortcode.gallery-masonry-shortcode-id-498d0c328f7733cd5f6f57ec81e92661:not(.resize-by-browser-width) .dt-css-grid .double-width {\n  grid-column: span 2;\n}\n.cssgridlegacy.no-cssgrid .gallery-shortcode.gallery-masonry-shortcode-id-498d0c328f7733cd5f6f57ec81e92661:not(.resize-by-browser-width) .dt-css-grid,\n.no-cssgridlegacy.no-cssgrid .gallery-shortcode.gallery-masonry-shortcode-id-498d0c328f7733cd5f6f57ec81e92661:not(.resize-by-browser-width) .dt-css-grid {\n  display: flex;\n  flex-flow: row wrap;\n  margin: -5px;\n}\n.cssgridlegacy.no-cssgrid .gallery-shortcode.gallery-masonry-shortcode-id-498d0c328f7733cd5f6f57ec81e92661:not(.resize-by-browser-width) .dt-css-grid .wf-cell,\n.no-cssgridlegacy.no-cssgrid .gallery-shortcode.gallery-masonry-shortcode-id-498d0c328f7733cd5f6f57ec81e92661:not(.resize-by-browser-width) .dt-css-grid .wf-cell {\n  flex: 1 0 ;\n  max-width: 100%;\n  padding: 5px;\n  box-sizing: border-box;\n}\n.gallery-shortcode.gallery-masonry-shortcode-id-498d0c328f7733cd5f6f57ec81e92661.resize-by-browser-width .dt-css-grid {\n  grid-template-columns: repeat(3,1fr);\n  grid-template-rows: auto;\n  grid-column-gap: 10px;\n  grid-row-gap: 10px;\n}\n.gallery-shortcode.gallery-masonry-shortcode-id-498d0c328f7733cd5f6f57ec81e92661.resize-by-browser-width .dt-css-grid .double-width {\n  grid-column: span 2;\n}\n.cssgridlegacy.no-cssgrid .gallery-shortcode.gallery-masonry-shortcode-id-498d0c328f7733cd5f6f57ec81e92661.resize-by-browser-width .dt-css-grid {\n  margin: -5px;\n}\n.cssgridlegacy.no-cssgrid .gallery-shortcode.gallery-masonry-shortcode-id-498d0c328f7733cd5f6f57ec81e92661.resize-by-browser-width .dt-css-grid .wf-cell {\n  width: 33.333333333333%;\n  padding: 5px;\n}\n.cssgridlegacy.no-cssgrid .gallery-shortcode.gallery-masonry-shortcode-id-498d0c328f7733cd5f6f57ec81e92661.resize-by-browser-width .dt-css-grid .wf-cell.double-width {\n  width: calc(33.333333333333%) * 2;\n}\n.gallery-shortcode.gallery-masonry-shortcode-id-498d0c328f7733cd5f6f57ec81e92661.resize-by-browser-width:not(.centered-layout-list):not(.content-bg-on) .dt-css-grid {\n  grid-row-gap: 10px - ;\n}\n@media screen and (max-width: 1199px) {\n  .gallery-shortcode.gallery-masonry-shortcode-id-498d0c328f7733cd5f6f57ec81e92661.resize-by-browser-width .dt-css-grid {\n    grid-template-columns: repeat(3,1fr);\n  }\n  .cssgridlegacy.no-cssgrid .gallery-shortcode.gallery-masonry-shortcode-id-498d0c328f7733cd5f6f57ec81e92661.resize-by-browser-width .dt-css-grid .wf-cell,\n  .no-cssgridlegacy.no-cssgrid .gallery-shortcode.gallery-masonry-shortcode-id-498d0c328f7733cd5f6f57ec81e92661.resize-by-browser-width .dt-css-grid .wf-cell {\n    width: 33.333333333333%;\n  }\n  .cssgridlegacy.no-cssgrid .gallery-shortcode.gallery-masonry-shortcode-id-498d0c328f7733cd5f6f57ec81e92661.resize-by-browser-width .dt-css-grid .wf-cell.double-width,\n  .no-cssgridlegacy.no-cssgrid .gallery-shortcode.gallery-masonry-shortcode-id-498d0c328f7733cd5f6f57ec81e92661.resize-by-browser-width .dt-css-grid .wf-cell.double-width {\n    width: calc(33.333333333333%)*2;\n  }\n}\n@media screen and (max-width: 991px) {\n  .gallery-shortcode.gallery-masonry-shortcode-id-498d0c328f7733cd5f6f57ec81e92661.resize-by-browser-width .dt-css-grid {\n    grid-template-columns: repeat(3,1fr);\n  }\n  .cssgridlegacy.no-cssgrid .gallery-shortcode.gallery-masonry-shortcode-id-498d0c328f7733cd5f6f57ec81e92661.resize-by-browser-width .dt-css-grid .wf-cell,\n  .no-cssgridlegacy.no-cssgrid .gallery-shortcode.gallery-masonry-shortcode-id-498d0c328f7733cd5f6f57ec81e92661.resize-by-browser-width .dt-css-grid .wf-cell {\n    width: 33.333333333333%;\n  }\n  .cssgridlegacy.no-cssgrid .gallery-shortcode.gallery-masonry-shortcode-id-498d0c328f7733cd5f6f57ec81e92661.resize-by-browser-width .dt-css-grid .wf-cell.double-width,\n  .no-cssgridlegacy.no-cssgrid .gallery-shortcode.gallery-masonry-shortcode-id-498d0c328f7733cd5f6f57ec81e92661.resize-by-browser-width .dt-css-grid .wf-cell.double-width {\n    width: calc(33.333333333333%)*2;\n  }\n}\n@media screen and (max-width: 767px) {\n  .gallery-shortcode.gallery-masonry-shortcode-id-498d0c328f7733cd5f6f57ec81e92661.resize-by-browser-width .dt-css-grid {\n    grid-template-columns: repeat(1,1fr);\n  }\n  .cssgridlegacy.no-cssgrid .gallery-shortcode.gallery-masonry-shortcode-id-498d0c328f7733cd5f6f57ec81e92661.resize-by-browser-width .dt-css-grid .wf-cell,\n  .no-cssgridlegacy.no-cssgrid .gallery-shortcode.gallery-masonry-shortcode-id-498d0c328f7733cd5f6f57ec81e92661.resize-by-browser-width .dt-css-grid .wf-cell {\n    width: 100%;\n  }\n  .cssgridlegacy.no-cssgrid .gallery-shortcode.gallery-masonry-shortcode-id-498d0c328f7733cd5f6f57ec81e92661.resize-by-browser-width .dt-css-grid .wf-cell.double-width,\n  .no-cssgridlegacy.no-cssgrid .gallery-shortcode.gallery-masonry-shortcode-id-498d0c328f7733cd5f6f57ec81e92661.resize-by-browser-width .dt-css-grid .wf-cell.double-width {\n    width: calc(100%)*2;\n  }\n}\n<\/style><div class=\"gallery-shortcode dt-gallery-container gallery-masonry-shortcode-id-498d0c328f7733cd5f6f57ec81e92661 mode-grid jquery-filter dt-icon-bg-off quick-scale-img dt-css-grid-wrap enable-bg-rollover resize-by-browser-width  hover-fade loading-effect-none description-on-hover\" data-padding=\"5px\" data-cur-page=\"1\" data-post-limit=\"-1\" data-pagination-mode=\"none\" data-desktop-columns-num=\"3\" data-v-tablet-columns-num=\"3\" data-h-tablet-columns-num=\"3\" data-phone-columns-num=\"1\" data-width=\"0px\" data-columns=\"0\"><div class=\"dt-css-grid\" ><div class=\"wf-cell\" data-post-id=\"2149\" data-date=\"2022-04-05T10:29:06+00:00\" data-name=\"escenoconillet5\"><figure class=\"post visible\"><a href=\"https:\/\/cacauet.net\/wp-content\/uploads\/2022\/04\/escenoconillet5.webp\" class=\"rollover dt-pswp-item layzr-bg\" data-large_image_width=\"1440\" data-large_image_height=\"920\" data-dt-img-description=\"\" title=\"escenoconillet5\"><img class=\"preload-me iso-lazy-load aspect\" src=\"data:image\/svg+xml,%3Csvg%20xmlns%3D&#39;http%3A%2F%2Fwww.w3.org%2F2000%2Fsvg&#39;%20viewBox%3D&#39;0%200%20768%20768&#39;%2F%3E\" data-src=\"https:\/\/cacauet.net\/wp-content\/uploads\/2022\/04\/escenoconillet5-768x768.webp\" data-srcset=\"https:\/\/cacauet.net\/wp-content\/uploads\/2022\/04\/escenoconillet5-768x768.webp 768w, https:\/\/cacauet.net\/wp-content\/uploads\/2022\/04\/escenoconillet5-920x920.webp 920w\" loading=\"eager\" style=\"--ratio: 768 \/ 768\" sizes=\"(max-width: 768px) 100vw, 768px\" alt=\"\" width=\"768\" height=\"768\"  \/><span class=\"gallery-rollover\"><span class=\"gallery-zoom-ico icomoon-the7-font-the7-zoom-06\"><span><\/span><\/span><\/span><\/a><\/figure><\/div><div class=\"wf-cell\" data-post-id=\"2301\" data-date=\"2023-08-19T13:44:02+00:00\" data-name=\"titellesconillet\"><figure class=\"post visible\"><a href=\"https:\/\/cacauet.net\/wp-content\/uploads\/2023\/08\/titellesconillet-e1692452712915.jpg\" class=\"rollover dt-pswp-item layzr-bg\" data-large_image_width=\"1800\" data-large_image_height=\"1201\" data-dt-img-description=\"\" title=\"titellesconillet\"><img class=\"preload-me iso-lazy-load aspect\" src=\"data:image\/svg+xml,%3Csvg%20xmlns%3D&#39;http%3A%2F%2Fwww.w3.org%2F2000%2Fsvg&#39;%20viewBox%3D&#39;0%200%20768%20768&#39;%2F%3E\" data-src=\"https:\/\/cacauet.net\/wp-content\/uploads\/2023\/08\/titellesconillet-e1692452712915-768x768.jpg\" data-srcset=\"https:\/\/cacauet.net\/wp-content\/uploads\/2023\/08\/titellesconillet-e1692452712915-768x768.jpg 768w, https:\/\/cacauet.net\/wp-content\/uploads\/2023\/08\/titellesconillet-e1692452712915-1152x1152.jpg 1152w\" loading=\"eager\" style=\"--ratio: 768 \/ 768\" sizes=\"(max-width: 768px) 100vw, 768px\" alt=\"\" width=\"768\" height=\"768\"  \/><span class=\"gallery-rollover\"><span class=\"gallery-zoom-ico icomoon-the7-font-the7-zoom-06\"><span><\/span><\/span><\/span><\/a><\/figure><\/div><div class=\"wf-cell\" data-post-id=\"2359\" data-date=\"2023-08-20T21:29:01+00:00\" data-name=\"1692539027379\"><figure class=\"post visible\"><a href=\"https:\/\/cacauet.net\/wp-content\/uploads\/2023\/08\/1692539027379.webp\" class=\"rollover dt-pswp-item layzr-bg\" data-large_image_width=\"1440\" data-large_image_height=\"754\" data-dt-img-description=\"\" title=\"1692539027379\"><img class=\"preload-me iso-lazy-load aspect\" src=\"data:image\/svg+xml,%3Csvg%20xmlns%3D&#39;http%3A%2F%2Fwww.w3.org%2F2000%2Fsvg&#39;%20viewBox%3D&#39;0%200%20754%20754&#39;%2F%3E\" data-src=\"https:\/\/cacauet.net\/wp-content\/uploads\/2023\/08\/1692539027379-754x754.webp\" data-srcset=\"https:\/\/cacauet.net\/wp-content\/uploads\/2023\/08\/1692539027379-754x754.webp 754w\" loading=\"eager\" style=\"--ratio: 754 \/ 754\" sizes=\"(max-width: 754px) 100vw, 754px\" alt=\"\" width=\"754\" height=\"754\"  \/><span class=\"gallery-rollover\"><span class=\"gallery-zoom-ico icomoon-the7-font-the7-zoom-06\"><span><\/span><\/span><\/span><\/a><\/figure><\/div><div class=\"wf-cell\" data-post-id=\"2351\" data-date=\"2023-08-20T21:28:56+00:00\" data-name=\"1692539027085\"><figure class=\"post visible\"><a href=\"https:\/\/cacauet.net\/wp-content\/uploads\/2023\/08\/1692539027085.webp\" class=\"rollover dt-pswp-item layzr-bg\" data-large_image_width=\"1024\" data-large_image_height=\"767\" data-dt-img-description=\"\" title=\"1692539027085\"><img class=\"preload-me iso-lazy-load aspect\" src=\"data:image\/svg+xml,%3Csvg%20xmlns%3D&#39;http%3A%2F%2Fwww.w3.org%2F2000%2Fsvg&#39;%20viewBox%3D&#39;0%200%20767%20767&#39;%2F%3E\" data-src=\"https:\/\/cacauet.net\/wp-content\/uploads\/2023\/08\/1692539027085-767x767.webp\" data-srcset=\"https:\/\/cacauet.net\/wp-content\/uploads\/2023\/08\/1692539027085-767x767.webp 767w\" loading=\"eager\" style=\"--ratio: 767 \/ 767\" sizes=\"(max-width: 767px) 100vw, 767px\" alt=\"\" width=\"767\" height=\"767\"  \/><span class=\"gallery-rollover\"><span class=\"gallery-zoom-ico icomoon-the7-font-the7-zoom-06\"><span><\/span><\/span><\/span><\/a><\/figure><\/div><div class=\"wf-cell\" data-post-id=\"2371\" data-date=\"2023-08-20T21:29:08+00:00\" data-name=\"1692539027574\"><figure class=\"post visible\"><a href=\"https:\/\/cacauet.net\/wp-content\/uploads\/2023\/08\/1692539027574.jpg\" class=\"rollover dt-pswp-item layzr-bg\" data-large_image_width=\"1440\" data-large_image_height=\"1077\" data-dt-img-description=\"\" title=\"1692539027574\"><img class=\"preload-me iso-lazy-load aspect\" src=\"data:image\/svg+xml,%3Csvg%20xmlns%3D&#39;http%3A%2F%2Fwww.w3.org%2F2000%2Fsvg&#39;%20viewBox%3D&#39;0%200%20768%20768&#39;%2F%3E\" data-src=\"https:\/\/cacauet.net\/wp-content\/uploads\/2023\/08\/1692539027574-768x768.jpg\" data-srcset=\"https:\/\/cacauet.net\/wp-content\/uploads\/2023\/08\/1692539027574-768x768.jpg 768w, https:\/\/cacauet.net\/wp-content\/uploads\/2023\/08\/1692539027574-1077x1077.jpg 1077w\" loading=\"eager\" style=\"--ratio: 768 \/ 768\" sizes=\"(max-width: 768px) 100vw, 768px\" alt=\"\" width=\"768\" height=\"768\"  \/><span class=\"gallery-rollover\"><span class=\"gallery-zoom-ico icomoon-the7-font-the7-zoom-06\"><span><\/span><\/span><\/span><\/a><\/figure><\/div><div class=\"wf-cell\" data-post-id=\"2469\" data-date=\"2023-08-22T15:01:01+00:00\" data-name=\"1692715879743\"><figure class=\"post visible\"><a href=\"https:\/\/cacauet.net\/wp-content\/uploads\/2023\/08\/1692715879743-scaled.jpg\" class=\"rollover dt-pswp-item layzr-bg\" data-large_image_width=\"2560\" data-large_image_height=\"2081\" data-dt-img-description=\"\" title=\"1692715879743\"><img class=\"preload-me iso-lazy-load aspect\" src=\"data:image\/svg+xml,%3Csvg%20xmlns%3D&#39;http%3A%2F%2Fwww.w3.org%2F2000%2Fsvg&#39;%20viewBox%3D&#39;0%200%20768%20768&#39;%2F%3E\" data-src=\"https:\/\/cacauet.net\/wp-content\/uploads\/2023\/08\/1692715879743-scaled-768x768.jpg\" data-srcset=\"https:\/\/cacauet.net\/wp-content\/uploads\/2023\/08\/1692715879743-scaled-768x768.jpg 768w, https:\/\/cacauet.net\/wp-content\/uploads\/2023\/08\/1692715879743-scaled-1152x1152.jpg 1152w\" loading=\"eager\" style=\"--ratio: 768 \/ 768\" sizes=\"(max-width: 768px) 100vw, 768px\" alt=\"\" width=\"768\" height=\"768\"  \/><span class=\"gallery-rollover\"><span class=\"gallery-zoom-ico icomoon-the7-font-the7-zoom-06\"><span><\/span><\/span><\/span><\/a><\/figure><\/div><\/div><!-- iso-container|iso-grid --><\/div>[vc_separator][vc_video link=\u00bbhttps:\/\/youtu.be\/-oDDwsfiCn8&#8243;][vc_separator][vc_column_text]<\/p>\n<p>Un proyecto de la Fundaci\u00f3 Miquel Mart\u00ed Pol y Cacauet Teatre<\/p>\n<p><a class=\"dt-pswp-item\" href=\"https:\/\/cacauet.net\/wp-content\/uploads\/2022\/05\/logotip_mmp-1.jpg\" data-dt-img-description=\"\" data-large_image_width=\"1437\" data-large_image_height=\"226\"><img decoding=\"async\" loading=\"lazy\" class=\"alignnone wp-image-1198\" src=\"https:\/\/cacauet.net\/wp-content\/uploads\/2022\/05\/logotip_mmp-1-150x150.jpg\" alt=\"\" width=\"300\" height=\"47\" srcset=\"https:\/\/cacauet.net\/wp-content\/uploads\/2022\/05\/logotip_mmp-1-300x47.jpg 300w, https:\/\/cacauet.net\/wp-content\/uploads\/2022\/05\/logotip_mmp-1-1024x161.jpg 1024w, https:\/\/cacauet.net\/wp-content\/uploads\/2022\/05\/logotip_mmp-1-768x121.jpg 768w, https:\/\/cacauet.net\/wp-content\/uploads\/2022\/05\/logotip_mmp-1.jpg 1437w\" sizes=\"(max-width: 300px) 100vw, 300px\" \/><\/a><\/p>\n<p>[\/vc_column_text][\/vc_column][\/vc_row]<\/p>\n<\/section>","protected":false},"excerpt":{"rendered":"<p>[vc_row][vc_column][\/vc_column][\/vc_row][vc_row][vc_column][vc_column_text] El conejito que quer\u00eda bizcocho De 18 meses a 5 a\u00f1os Montaje basado en \u201cEl conillet que volia pa de pessic\u201d y poes\u00edas del autor Ramon Besora. La escenograf\u00eda, los t\u00edteres, la m\u00fasica y la interpretaci\u00f3n estan pensadas para captar la atenci\u00f3n y el inter\u00e9s de los m\u00e1s peque\u00f1os y peque\u00f1as, para disfrutar juntos&hellip;<\/p>\n","protected":false},"author":1,"featured_media":0,"parent":0,"menu_order":0,"comment_status":"closed","ping_status":"closed","template":"","meta":[],"_links":{"self":[{"href":"https:\/\/cacauet.net\/es\/wp-json\/wp\/v2\/pages\/2576"}],"collection":[{"href":"https:\/\/cacauet.net\/es\/wp-json\/wp\/v2\/pages"}],"about":[{"href":"https:\/\/cacauet.net\/es\/wp-json\/wp\/v2\/types\/page"}],"author":[{"embeddable":true,"href":"https:\/\/cacauet.net\/es\/wp-json\/wp\/v2\/users\/1"}],"replies":[{"embeddable":true,"href":"https:\/\/cacauet.net\/es\/wp-json\/wp\/v2\/comments?post=2576"}],"version-history":[{"count":30,"href":"https:\/\/cacauet.net\/es\/wp-json\/wp\/v2\/pages\/2576\/revisions"}],"predecessor-version":[{"id":2854,"href":"https:\/\/cacauet.net\/es\/wp-json\/wp\/v2\/pages\/2576\/revisions\/2854"}],"wp:attachment":[{"href":"https:\/\/cacauet.net\/es\/wp-json\/wp\/v2\/media?parent=2576"}],"curies":[{"name":"wp","href":"https:\/\/api.w.org\/{rel}","templated":true}]}}