{"id":2573,"date":"2023-08-20T06:09:32","date_gmt":"2023-08-20T06:09:32","guid":{"rendered":"https:\/\/cacauet.net\/el-cocodrilo-crec"},"modified":"2023-08-25T10:05:51","modified_gmt":"2023-08-25T10:05:51","slug":"el-cocodrilo-crec","status":"publish","type":"page","link":"https:\/\/cacauet.net\/es\/el-cocodrilo-crec","title":{"rendered":"El Cocodrilo Crec"},"content":{"rendered":"<section class=\"wpb-content-wrapper\"><p>[vc_row][vc_column]<style type=\"text\/css\" data-type=\"the7_shortcodes-inline-css\">.carousel-shortcode.carousel-shortcode-id-87493a18ebba10208037048201e31dac .owl-nav a {\n  width: 0px;\n  height: 0px;\n  border-radius: 500px;\n}\n.dt-arrow-border-on.carousel-shortcode.carousel-shortcode-id-87493a18ebba10208037048201e31dac .owl-nav a:not(:hover):before {\n  border-width: 0px;\n}\n.dt-arrow-hover-border-on.carousel-shortcode.carousel-shortcode-id-87493a18ebba10208037048201e31dac .owl-nav a:hover:after {\n  border-width: 0px;\n}\n.dt-arrow-border-on.carousel-shortcode.carousel-shortcode-id-87493a18ebba10208037048201e31dac .owl-nav a:not(:hover):before {\n  border-color: #000000;\n}\n.carousel-shortcode.carousel-shortcode-id-87493a18ebba10208037048201e31dac .owl-nav a.owl-prev {\n  top: 50%;\n  transform: translateY(calc(-50% + 0px));\n  left: 50px;\n}\n@media all and (-ms-high-contrast: none) {\n  .carousel-shortcode.carousel-shortcode-id-87493a18ebba10208037048201e31dac .owl-nav a.owl-prev {\n    transform: translateY(-50%);\n    margin-top: 0px;\n  }\n}\n.carousel-shortcode.carousel-shortcode-id-87493a18ebba10208037048201e31dac .owl-nav a.owl-prev i {\n  padding: 0px 0px 0px 0px;\n}\n.carousel-shortcode.carousel-shortcode-id-87493a18ebba10208037048201e31dac .owl-nav a.owl-next {\n  top: 50%;\n  transform: translateY(calc(-50% + 0px));\n  right: 50px;\n}\n@media all and (-ms-high-contrast: none) {\n  .carousel-shortcode.carousel-shortcode-id-87493a18ebba10208037048201e31dac .owl-nav a.owl-next {\n    transform: translateY(-50%);\n    margin-top: 0px;\n  }\n}\n.carousel-shortcode.carousel-shortcode-id-87493a18ebba10208037048201e31dac .owl-nav a.owl-next i {\n  padding: 0px 0px 0px 0px;\n}\n.carousel-shortcode.carousel-shortcode-id-87493a18ebba10208037048201e31dac .owl-nav i {\n  font-size: 40px;\n}\n.carousel-shortcode.carousel-shortcode-id-87493a18ebba10208037048201e31dac .owl-nav a:not(:hover) i,\n.carousel-shortcode.carousel-shortcode-id-87493a18ebba10208037048201e31dac .owl-nav a:not(:hover) i:before {\n  color: #ffffff;\n  background: none;\n}\n.carousel-shortcode.carousel-shortcode-id-87493a18ebba10208037048201e31dac .owl-nav a:hover i,\n.carousel-shortcode.carousel-shortcode-id-87493a18ebba10208037048201e31dac .owl-nav a:hover i:before {\n  color: rgba(255,255,255,0.75);\n  background: none;\n}\n.carousel-shortcode.carousel-shortcode-id-87493a18ebba10208037048201e31dac .owl-dots {\n  top: calc(100% + 20px);\n  left: 50%;\n  transform: translateX(calc(-50% + 0px));\n}\n@media all and (-ms-high-contrast: none) {\n  .carousel-shortcode.carousel-shortcode-id-87493a18ebba10208037048201e31dac .owl-dots {\n    transform: translateX(-50%);\n    margin-left: 0px;\n  }\n}\n.carousel-shortcode.carousel-shortcode-id-87493a18ebba10208037048201e31dac .owl-dot {\n  width: 10px;\n  height: 10px;\n  margin: 0 8px;\n}\n@media screen and (max-width: 778px) {\n  .carousel-shortcode.carousel-shortcode-id-87493a18ebba10208037048201e31dac.hide-arrows .owl-nav a {\n    display: none;\n  }\n}\n@media screen and (max-width: 778px) {\n  .carousel-shortcode.carousel-shortcode-id-87493a18ebba10208037048201e31dac.reposition-arrows .owl-nav .owl-prev {\n    top: 50%;\n    transform: translateY(calc(-50% + 0px));\n    left: 10px;\n  }\n  .carousel-shortcode.carousel-shortcode-id-87493a18ebba10208037048201e31dac.reposition-arrows .owl-nav .owl-next {\n    top: 50%;\n    transform: translateY(calc(-50% + 0px));\n    right: 10px;\n  }\n}\n@media screen and (max-width: 778px) and all and (-ms-high-contrast: none) {\n  .carousel-shortcode.carousel-shortcode-id-87493a18ebba10208037048201e31dac.reposition-arrows .owl-nav .owl-prev {\n    transform: translateY(-50%);\n    margin-top: 0px;\n  }\n}\n@media screen and (max-width: 778px) and all and (-ms-high-contrast: none) {\n  .carousel-shortcode.carousel-shortcode-id-87493a18ebba10208037048201e31dac.reposition-arrows .owl-nav .owl-next {\n    transform: translateY(-50%);\n    margin-top: 0px;\n  }\n}\n<\/style><div class=\"owl-carousel carousel-shortcode dt-owl-carousel-call carousel-shortcode-id-87493a18ebba10208037048201e31dac bullets-small-dot-stroke reposition-arrows arrows-bg-off dt-arrow-border-on dt-arrow-hover-border-on disable-arrows-hover-bg arrows-hover-bg-on  \" data-scroll-mode=\"1\" data-col-num=\"1\" data-wide-col-num=\"1\" data-laptop-col=\"1\" data-h-tablet-columns-num=\"1\" data-v-tablet-columns-num=\"1\" data-phone-columns-num=\"1\" data-auto-height=\"true\" data-col-gap=\"0\" data-stage-padding=\"0\" data-speed=\"600\" data-autoplay=\"true\" data-autoplay_speed=\"6000\" data-arrows=\"true\" data-bullet=\"false\" data-next-icon=\"icon-ar-017-r\" data-prev-icon=\"icon-ar-017-l\">[vc_single_image image=\u00bb2261&#8243; img_size=\u00bb1200&#215;600&#8243;][vc_single_image image=\u00bb2263&#8243; img_size=\u00bb1200&#215;600&#8243;][vc_single_image image=\u00bb2265&#8243; img_size=\u00bb1200&#215;600&#8243;][vc_single_image image=\u00bb2399&#8243; img_size=\u00bb1200&#215;600&#8243;][vc_single_image image=\u00bb2475&#8243; img_size=\u00bb1200&#215;600&#8243;]<\/div>[\/vc_column][\/vc_row][vc_row][vc_column][vc_column_text]<\/p>\n&#13;\n<h1>El cocodril Crec<\/h1>&#13;\n<h4>\u00a0<\/h4>&#13;\n<h3>Espectacle de sala amb teatre d&#8217;ombres i m\u00fasica en directe. No \u00e9s or tot el que brilla.<\/h3>&#13;\n<p style=\"text-align: left;\">Muntatge inspirat en una not\u00edcia real. La hist\u00f2ria es situa a Indon\u00e8sia i tracta d\u2019un cocodril encallat a la riba del riu Palu degut a les deixalles i a una roda de motocicleta que se li encalla al coll.<br\/>El cocodril Crec decideix anar a veure i viure les meravelles de les que tothom parla al gran riu Palu. Un cop hi arriba per\u00f2, no \u00e9s el que s\u2019imaginava. El pobre cocodril quedar\u00e0 atrapat per l\u2019abund\u00e0ncia de deixalles engolides, ser\u00e0 aquesta la seva fi? O se\u2019n sortir\u00e0?<\/p>&#13;\n<p>Un muntatge musical, on les melodies de l&#8217;Ella Fitzgerald i Louis Armstrong acompanyen el relat.<\/p>&#13;\n<p style=\"text-align: left;\"><\/p><\/p>\n<p>Adequado para espacios interiores que se puedan oscurecer bien. A partir de 5 a\u00f1os<\/p>\n<p>[\/vc_column_text][vc_btn title=\u00bbDescarga el dosier\u00bb link=\u00bburl:https%3A%2F%2Fcacauet.net%2Fwp-content%2Fuploads%2F2023%2F08%2FDossier-El-cocodril-Crec.pdf|title:Dosier%20El%20cocodrilo%20Crec|target:_blank|\u00bb]<style type=\"text\/css\" data-type=\"the7_shortcodes-inline-css\">.gallery-shortcode.gallery-masonry-shortcode-id-eb2a8b30ddde052ab8fe1f5b73e72a38 figure,\n.gallery-shortcode.gallery-masonry-shortcode-id-eb2a8b30ddde052ab8fe1f5b73e72a38 .rollover,\n.gallery-shortcode.gallery-masonry-shortcode-id-eb2a8b30ddde052ab8fe1f5b73e72a38 img,\n.gallery-shortcode.gallery-masonry-shortcode-id-eb2a8b30ddde052ab8fe1f5b73e72a38 .gallery-rollover {\n  border-radius: 0px;\n}\n.gallery-shortcode.gallery-masonry-shortcode-id-eb2a8b30ddde052ab8fe1f5b73e72a38.enable-bg-rollover .gallery-rollover {\n  background: -webkit-linear-gradient();\n  background: linear-gradient();\n}\n.gallery-shortcode.gallery-masonry-shortcode-id-eb2a8b30ddde052ab8fe1f5b73e72a38.enable-bg-rollover.hover-scale figure .rollover:after {\n  background: -webkit-linear-gradient();\n  background: linear-gradient();\n}\n.gallery-shortcode.gallery-masonry-shortcode-id-eb2a8b30ddde052ab8fe1f5b73e72a38 .gallery-zoom-ico {\n  width: 44px;\n  height: 44px;\n  line-height: 44px;\n  border-radius: 100px;\n  margin: -22px 0 0 -22px;\n  border-width: 0px;\n  color: #ffffff;\n}\n.dt-icon-bg-on.gallery-shortcode.gallery-masonry-shortcode-id-eb2a8b30ddde052ab8fe1f5b73e72a38 .gallery-zoom-ico {\n  background: rgba(255,255,255,0.3);\n  box-shadow: none;\n}\n.gallery-shortcode.gallery-masonry-shortcode-id-eb2a8b30ddde052ab8fe1f5b73e72a38 .gallery-zoom-ico:before,\n.gallery-shortcode.gallery-masonry-shortcode-id-eb2a8b30ddde052ab8fe1f5b73e72a38 .gallery-zoom-ico span {\n  font-size: 32px;\n  line-height: 44px;\n  color: #ffffff;\n}\n.gallery-shortcode.gallery-masonry-shortcode-id-eb2a8b30ddde052ab8fe1f5b73e72a38:not(.resize-by-browser-width) .dt-css-grid {\n  grid-row-gap: 10px;\n  grid-column-gap: 10px;\n  grid-template-columns: repeat(auto-fill,minmax(,1fr));\n}\n.gallery-shortcode.gallery-masonry-shortcode-id-eb2a8b30ddde052ab8fe1f5b73e72a38:not(.resize-by-browser-width) .dt-css-grid .double-width {\n  grid-column: span 2;\n}\n.cssgridlegacy.no-cssgrid .gallery-shortcode.gallery-masonry-shortcode-id-eb2a8b30ddde052ab8fe1f5b73e72a38:not(.resize-by-browser-width) .dt-css-grid,\n.no-cssgridlegacy.no-cssgrid .gallery-shortcode.gallery-masonry-shortcode-id-eb2a8b30ddde052ab8fe1f5b73e72a38:not(.resize-by-browser-width) .dt-css-grid {\n  display: flex;\n  flex-flow: row wrap;\n  margin: -5px;\n}\n.cssgridlegacy.no-cssgrid .gallery-shortcode.gallery-masonry-shortcode-id-eb2a8b30ddde052ab8fe1f5b73e72a38:not(.resize-by-browser-width) .dt-css-grid .wf-cell,\n.no-cssgridlegacy.no-cssgrid .gallery-shortcode.gallery-masonry-shortcode-id-eb2a8b30ddde052ab8fe1f5b73e72a38:not(.resize-by-browser-width) .dt-css-grid .wf-cell {\n  flex: 1 0 ;\n  max-width: 100%;\n  padding: 5px;\n  box-sizing: border-box;\n}\n.gallery-shortcode.gallery-masonry-shortcode-id-eb2a8b30ddde052ab8fe1f5b73e72a38.resize-by-browser-width .dt-css-grid {\n  grid-template-columns: repeat(3,1fr);\n  grid-template-rows: auto;\n  grid-column-gap: 10px;\n  grid-row-gap: 10px;\n}\n.gallery-shortcode.gallery-masonry-shortcode-id-eb2a8b30ddde052ab8fe1f5b73e72a38.resize-by-browser-width .dt-css-grid .double-width {\n  grid-column: span 2;\n}\n.cssgridlegacy.no-cssgrid .gallery-shortcode.gallery-masonry-shortcode-id-eb2a8b30ddde052ab8fe1f5b73e72a38.resize-by-browser-width .dt-css-grid {\n  margin: -5px;\n}\n.cssgridlegacy.no-cssgrid .gallery-shortcode.gallery-masonry-shortcode-id-eb2a8b30ddde052ab8fe1f5b73e72a38.resize-by-browser-width .dt-css-grid .wf-cell {\n  width: 33.333333333333%;\n  padding: 5px;\n}\n.cssgridlegacy.no-cssgrid .gallery-shortcode.gallery-masonry-shortcode-id-eb2a8b30ddde052ab8fe1f5b73e72a38.resize-by-browser-width .dt-css-grid .wf-cell.double-width {\n  width: calc(33.333333333333%) * 2;\n}\n.gallery-shortcode.gallery-masonry-shortcode-id-eb2a8b30ddde052ab8fe1f5b73e72a38.resize-by-browser-width:not(.centered-layout-list):not(.content-bg-on) .dt-css-grid {\n  grid-row-gap: 10px - ;\n}\n@media screen and (max-width: 1199px) {\n  .gallery-shortcode.gallery-masonry-shortcode-id-eb2a8b30ddde052ab8fe1f5b73e72a38.resize-by-browser-width .dt-css-grid {\n    grid-template-columns: repeat(3,1fr);\n  }\n  .cssgridlegacy.no-cssgrid .gallery-shortcode.gallery-masonry-shortcode-id-eb2a8b30ddde052ab8fe1f5b73e72a38.resize-by-browser-width .dt-css-grid .wf-cell,\n  .no-cssgridlegacy.no-cssgrid .gallery-shortcode.gallery-masonry-shortcode-id-eb2a8b30ddde052ab8fe1f5b73e72a38.resize-by-browser-width .dt-css-grid .wf-cell {\n    width: 33.333333333333%;\n  }\n  .cssgridlegacy.no-cssgrid .gallery-shortcode.gallery-masonry-shortcode-id-eb2a8b30ddde052ab8fe1f5b73e72a38.resize-by-browser-width .dt-css-grid .wf-cell.double-width,\n  .no-cssgridlegacy.no-cssgrid .gallery-shortcode.gallery-masonry-shortcode-id-eb2a8b30ddde052ab8fe1f5b73e72a38.resize-by-browser-width .dt-css-grid .wf-cell.double-width {\n    width: calc(33.333333333333%)*2;\n  }\n}\n@media screen and (max-width: 991px) {\n  .gallery-shortcode.gallery-masonry-shortcode-id-eb2a8b30ddde052ab8fe1f5b73e72a38.resize-by-browser-width .dt-css-grid {\n    grid-template-columns: repeat(3,1fr);\n  }\n  .cssgridlegacy.no-cssgrid .gallery-shortcode.gallery-masonry-shortcode-id-eb2a8b30ddde052ab8fe1f5b73e72a38.resize-by-browser-width .dt-css-grid .wf-cell,\n  .no-cssgridlegacy.no-cssgrid .gallery-shortcode.gallery-masonry-shortcode-id-eb2a8b30ddde052ab8fe1f5b73e72a38.resize-by-browser-width .dt-css-grid .wf-cell {\n    width: 33.333333333333%;\n  }\n  .cssgridlegacy.no-cssgrid .gallery-shortcode.gallery-masonry-shortcode-id-eb2a8b30ddde052ab8fe1f5b73e72a38.resize-by-browser-width .dt-css-grid .wf-cell.double-width,\n  .no-cssgridlegacy.no-cssgrid .gallery-shortcode.gallery-masonry-shortcode-id-eb2a8b30ddde052ab8fe1f5b73e72a38.resize-by-browser-width .dt-css-grid .wf-cell.double-width {\n    width: calc(33.333333333333%)*2;\n  }\n}\n@media screen and (max-width: 767px) {\n  .gallery-shortcode.gallery-masonry-shortcode-id-eb2a8b30ddde052ab8fe1f5b73e72a38.resize-by-browser-width .dt-css-grid {\n    grid-template-columns: repeat(1,1fr);\n  }\n  .cssgridlegacy.no-cssgrid .gallery-shortcode.gallery-masonry-shortcode-id-eb2a8b30ddde052ab8fe1f5b73e72a38.resize-by-browser-width .dt-css-grid .wf-cell,\n  .no-cssgridlegacy.no-cssgrid .gallery-shortcode.gallery-masonry-shortcode-id-eb2a8b30ddde052ab8fe1f5b73e72a38.resize-by-browser-width .dt-css-grid .wf-cell {\n    width: 100%;\n  }\n  .cssgridlegacy.no-cssgrid .gallery-shortcode.gallery-masonry-shortcode-id-eb2a8b30ddde052ab8fe1f5b73e72a38.resize-by-browser-width .dt-css-grid .wf-cell.double-width,\n  .no-cssgridlegacy.no-cssgrid .gallery-shortcode.gallery-masonry-shortcode-id-eb2a8b30ddde052ab8fe1f5b73e72a38.resize-by-browser-width .dt-css-grid .wf-cell.double-width {\n    width: calc(100%)*2;\n  }\n}\n<\/style><div class=\"gallery-shortcode dt-gallery-container gallery-masonry-shortcode-id-eb2a8b30ddde052ab8fe1f5b73e72a38 mode-grid jquery-filter dt-icon-bg-off quick-scale-img dt-css-grid-wrap enable-bg-rollover resize-by-browser-width  hover-fade loading-effect-none description-on-hover\" data-padding=\"5px\" data-cur-page=\"1\" data-post-limit=\"-1\" data-pagination-mode=\"none\" data-desktop-columns-num=\"3\" data-v-tablet-columns-num=\"3\" data-h-tablet-columns-num=\"3\" data-phone-columns-num=\"1\" data-width=\"0px\" data-columns=\"0\"><div class=\"dt-css-grid\" ><div class=\"wf-cell\" data-post-id=\"2265\" data-date=\"2023-01-09T17:10:50+00:00\" data-name=\"1667238931096\"><figure class=\"post visible\"><a href=\"https:\/\/cacauet.net\/wp-content\/uploads\/2023\/01\/1667238931096-scaled.jpg\" class=\"rollover dt-pswp-item layzr-bg\" data-large_image_width=\"2560\" data-large_image_height=\"1547\" data-dt-img-description=\"\" title=\"1667238931096\"><img class=\"preload-me iso-lazy-load aspect\" src=\"data:image\/svg+xml,%3Csvg%20xmlns%3D&#39;http%3A%2F%2Fwww.w3.org%2F2000%2Fsvg&#39;%20viewBox%3D&#39;0%200%20768%20768&#39;%2F%3E\" data-src=\"https:\/\/cacauet.net\/wp-content\/uploads\/2023\/01\/1667238931096-scaled-768x768.jpg\" data-srcset=\"https:\/\/cacauet.net\/wp-content\/uploads\/2023\/01\/1667238931096-scaled-768x768.jpg 768w, https:\/\/cacauet.net\/wp-content\/uploads\/2023\/01\/1667238931096-scaled-1152x1152.jpg 1152w\" loading=\"eager\" style=\"--ratio: 768 \/ 768\" sizes=\"(max-width: 768px) 100vw, 768px\" alt=\"\" width=\"768\" height=\"768\"  \/><span class=\"gallery-rollover\"><span class=\"gallery-zoom-ico icomoon-the7-font-the7-zoom-06\"><span><\/span><\/span><\/span><\/a><\/figure><\/div><div class=\"wf-cell\" data-post-id=\"2263\" data-date=\"2023-01-09T17:10:22+00:00\" data-name=\"CRECPANXA\"><figure class=\"post visible\"><a href=\"https:\/\/cacauet.net\/wp-content\/uploads\/2023\/01\/CRECPANXA-scaled-e1692442064371.jpg\" class=\"rollover dt-pswp-item layzr-bg\" data-large_image_width=\"898\" data-large_image_height=\"600\" data-dt-img-description=\"\" title=\"CRECPANXA\"><img class=\"preload-me iso-lazy-load aspect\" src=\"data:image\/svg+xml,%3Csvg%20xmlns%3D&#39;http%3A%2F%2Fwww.w3.org%2F2000%2Fsvg&#39;%20viewBox%3D&#39;0%200%20600%20600&#39;%2F%3E\" data-src=\"https:\/\/cacauet.net\/wp-content\/uploads\/2023\/01\/CRECPANXA-scaled-e1692442064371-600x600.jpg\" data-srcset=\"https:\/\/cacauet.net\/wp-content\/uploads\/2023\/01\/CRECPANXA-scaled-e1692442064371-600x600.jpg 600w\" loading=\"eager\" style=\"--ratio: 600 \/ 600\" sizes=\"(max-width: 600px) 100vw, 600px\" alt=\"\" width=\"600\" height=\"600\"  \/><span class=\"gallery-rollover\"><span class=\"gallery-zoom-ico icomoon-the7-font-the7-zoom-06\"><span><\/span><\/span><\/span><\/a><\/figure><\/div><div class=\"wf-cell\" data-post-id=\"2261\" data-date=\"2023-01-09T17:09:53+00:00\" data-name=\"Crec Empassa\"><figure class=\"post visible\"><a href=\"https:\/\/cacauet.net\/wp-content\/uploads\/2023\/01\/CRECEMPASSA-rotated.jpg\" class=\"rollover dt-pswp-item layzr-bg\" data-large_image_width=\"4640\" data-large_image_height=\"2610\" data-dt-img-description=\"\" title=\"Crec Empassa\"><img class=\"preload-me iso-lazy-load aspect\" src=\"data:image\/svg+xml,%3Csvg%20xmlns%3D&#39;http%3A%2F%2Fwww.w3.org%2F2000%2Fsvg&#39;%20viewBox%3D&#39;0%200%20768%20768&#39;%2F%3E\" data-src=\"https:\/\/cacauet.net\/wp-content\/uploads\/2023\/01\/CRECEMPASSA-rotated-768x768.jpg\" data-srcset=\"https:\/\/cacauet.net\/wp-content\/uploads\/2023\/01\/CRECEMPASSA-rotated-768x768.jpg 768w, https:\/\/cacauet.net\/wp-content\/uploads\/2023\/01\/CRECEMPASSA-rotated-1152x1152.jpg 1152w\" loading=\"eager\" style=\"--ratio: 768 \/ 768\" sizes=\"(max-width: 768px) 100vw, 768px\" alt=\"\" width=\"768\" height=\"768\"  \/><span class=\"gallery-rollover\"><span class=\"gallery-zoom-ico icomoon-the7-font-the7-zoom-06\"><span><\/span><\/span><\/span><\/a><\/figure><\/div><\/div><!-- iso-container|iso-grid --><\/div>[\/vc_column][\/vc_row]<\/p>\n<\/section>","protected":false},"excerpt":{"rendered":"<p>[vc_row][vc_column][\/vc_column][\/vc_row][vc_row][vc_column][vc_column_text] Adequado para espacios interiores que se puedan oscurecer bien. A partir de 5 a\u00f1os [\/vc_column_text][vc_btn title=\u00bbDescarga el dosier\u00bb link=\u00bburl:https%3A%2F%2Fcacauet.net%2Fwp-content%2Fuploads%2F2023%2F08%2FDossier-El-cocodril-Crec.pdf|title:Dosier%20El%20cocodrilo%20Crec|target:_blank|\u00bb][\/vc_column][\/vc_row]<\/p>\n","protected":false},"author":1,"featured_media":0,"parent":0,"menu_order":0,"comment_status":"closed","ping_status":"closed","template":"","meta":[],"_links":{"self":[{"href":"https:\/\/cacauet.net\/es\/wp-json\/wp\/v2\/pages\/2573"}],"collection":[{"href":"https:\/\/cacauet.net\/es\/wp-json\/wp\/v2\/pages"}],"about":[{"href":"https:\/\/cacauet.net\/es\/wp-json\/wp\/v2\/types\/page"}],"author":[{"embeddable":true,"href":"https:\/\/cacauet.net\/es\/wp-json\/wp\/v2\/users\/1"}],"replies":[{"embeddable":true,"href":"https:\/\/cacauet.net\/es\/wp-json\/wp\/v2\/comments?post=2573"}],"version-history":[{"count":2,"href":"https:\/\/cacauet.net\/es\/wp-json\/wp\/v2\/pages\/2573\/revisions"}],"predecessor-version":[{"id":2575,"href":"https:\/\/cacauet.net\/es\/wp-json\/wp\/v2\/pages\/2573\/revisions\/2575"}],"wp:attachment":[{"href":"https:\/\/cacauet.net\/es\/wp-json\/wp\/v2\/media?parent=2573"}],"curies":[{"name":"wp","href":"https:\/\/api.w.org\/{rel}","templated":true}]}}