{"id":2570,"date":"2022-04-05T13:25:04","date_gmt":"2022-04-05T13:25:04","guid":{"rendered":"https:\/\/cacauet.net\/en-medio-del-bosque"},"modified":"2025-05-02T09:11:10","modified_gmt":"2025-05-02T09:11:10","slug":"en-medio-del-bosque","status":"publish","type":"page","link":"https:\/\/cacauet.net\/es\/en-medio-del-bosque","title":{"rendered":"En medio del bosque."},"content":{"rendered":"<section class=\"wpb-content-wrapper\"><p>[vc_row][vc_column][vc_column_text]<\/p>\n<h2 class=\"wp-block-preformatted\">En medio del bosque.<\/h2>\n<h3 class=\"has-text-align-left\"><strong>Con t\u00edteres y canciones<\/strong><\/h3>\n<p>Cuando el bosque se despierta, las flores, los olores, los sonidos, todo un grupo de animalitos se encuentran para celebrar juntos un nuevo d\u00eda. \u00bfA qu\u00e9 jugar\u00e1n? Da igual, porque cuando est\u00e1n juntos es cuando mejor se lo pasan. Versi\u00f3n del cuento El conillet que volia pa de pessic adaptado para sesi\u00f3n del cuento con t\u00edteres.<\/p>\n<div id=\"mjawndcwnte5mq\">\n<div><\/div>\n<\/div>\n<p>[\/vc_column_text]<style type=\"text\/css\" data-type=\"the7_shortcodes-inline-css\">.gallery-shortcode.gallery-masonry-shortcode-id-8bbe210685a58f609f743da67fa3ff50 figure,\n.gallery-shortcode.gallery-masonry-shortcode-id-8bbe210685a58f609f743da67fa3ff50 .rollover,\n.gallery-shortcode.gallery-masonry-shortcode-id-8bbe210685a58f609f743da67fa3ff50 img,\n.gallery-shortcode.gallery-masonry-shortcode-id-8bbe210685a58f609f743da67fa3ff50 .gallery-rollover {\n  border-radius: 0px;\n}\n.gallery-shortcode.gallery-masonry-shortcode-id-8bbe210685a58f609f743da67fa3ff50.enable-bg-rollover .gallery-rollover {\n  background: -webkit-linear-gradient();\n  background: linear-gradient();\n}\n.gallery-shortcode.gallery-masonry-shortcode-id-8bbe210685a58f609f743da67fa3ff50.enable-bg-rollover.hover-scale figure .rollover:after {\n  background: -webkit-linear-gradient();\n  background: linear-gradient();\n}\n.gallery-shortcode.gallery-masonry-shortcode-id-8bbe210685a58f609f743da67fa3ff50 .gallery-zoom-ico {\n  width: 44px;\n  height: 44px;\n  line-height: 44px;\n  border-radius: 100px;\n  margin: -22px 0 0 -22px;\n  border-width: 0px;\n  color: #ffffff;\n}\n.dt-icon-bg-on.gallery-shortcode.gallery-masonry-shortcode-id-8bbe210685a58f609f743da67fa3ff50 .gallery-zoom-ico {\n  background: rgba(255,255,255,0.3);\n  box-shadow: none;\n}\n.gallery-shortcode.gallery-masonry-shortcode-id-8bbe210685a58f609f743da67fa3ff50 .gallery-zoom-ico:before,\n.gallery-shortcode.gallery-masonry-shortcode-id-8bbe210685a58f609f743da67fa3ff50 .gallery-zoom-ico span {\n  font-size: 32px;\n  line-height: 44px;\n  color: #ffffff;\n}\n.gallery-shortcode.gallery-masonry-shortcode-id-8bbe210685a58f609f743da67fa3ff50:not(.resize-by-browser-width) .dt-css-grid {\n  grid-row-gap: 10px;\n  grid-column-gap: 10px;\n  grid-template-columns: repeat(auto-fill,minmax(,1fr));\n}\n.gallery-shortcode.gallery-masonry-shortcode-id-8bbe210685a58f609f743da67fa3ff50:not(.resize-by-browser-width) .dt-css-grid .double-width {\n  grid-column: span 2;\n}\n.cssgridlegacy.no-cssgrid .gallery-shortcode.gallery-masonry-shortcode-id-8bbe210685a58f609f743da67fa3ff50:not(.resize-by-browser-width) .dt-css-grid,\n.no-cssgridlegacy.no-cssgrid .gallery-shortcode.gallery-masonry-shortcode-id-8bbe210685a58f609f743da67fa3ff50:not(.resize-by-browser-width) .dt-css-grid {\n  display: flex;\n  flex-flow: row wrap;\n  margin: -5px;\n}\n.cssgridlegacy.no-cssgrid .gallery-shortcode.gallery-masonry-shortcode-id-8bbe210685a58f609f743da67fa3ff50:not(.resize-by-browser-width) .dt-css-grid .wf-cell,\n.no-cssgridlegacy.no-cssgrid .gallery-shortcode.gallery-masonry-shortcode-id-8bbe210685a58f609f743da67fa3ff50:not(.resize-by-browser-width) .dt-css-grid .wf-cell {\n  flex: 1 0 ;\n  max-width: 100%;\n  padding: 5px;\n  box-sizing: border-box;\n}\n.gallery-shortcode.gallery-masonry-shortcode-id-8bbe210685a58f609f743da67fa3ff50.resize-by-browser-width .dt-css-grid {\n  grid-template-columns: repeat(6,1fr);\n  grid-template-rows: auto;\n  grid-column-gap: 10px;\n  grid-row-gap: 10px;\n}\n.gallery-shortcode.gallery-masonry-shortcode-id-8bbe210685a58f609f743da67fa3ff50.resize-by-browser-width .dt-css-grid .double-width {\n  grid-column: span 2;\n}\n.cssgridlegacy.no-cssgrid .gallery-shortcode.gallery-masonry-shortcode-id-8bbe210685a58f609f743da67fa3ff50.resize-by-browser-width .dt-css-grid {\n  margin: -5px;\n}\n.cssgridlegacy.no-cssgrid .gallery-shortcode.gallery-masonry-shortcode-id-8bbe210685a58f609f743da67fa3ff50.resize-by-browser-width .dt-css-grid .wf-cell {\n  width: 16.666666666667%;\n  padding: 5px;\n}\n.cssgridlegacy.no-cssgrid .gallery-shortcode.gallery-masonry-shortcode-id-8bbe210685a58f609f743da67fa3ff50.resize-by-browser-width .dt-css-grid .wf-cell.double-width {\n  width: calc(16.666666666667%) * 2;\n}\n.gallery-shortcode.gallery-masonry-shortcode-id-8bbe210685a58f609f743da67fa3ff50.resize-by-browser-width:not(.centered-layout-list):not(.content-bg-on) .dt-css-grid {\n  grid-row-gap: 10px - ;\n}\n@media screen and (max-width: 1199px) {\n  .gallery-shortcode.gallery-masonry-shortcode-id-8bbe210685a58f609f743da67fa3ff50.resize-by-browser-width .dt-css-grid {\n    grid-template-columns: repeat(4,1fr);\n  }\n  .cssgridlegacy.no-cssgrid .gallery-shortcode.gallery-masonry-shortcode-id-8bbe210685a58f609f743da67fa3ff50.resize-by-browser-width .dt-css-grid .wf-cell,\n  .no-cssgridlegacy.no-cssgrid .gallery-shortcode.gallery-masonry-shortcode-id-8bbe210685a58f609f743da67fa3ff50.resize-by-browser-width .dt-css-grid .wf-cell {\n    width: 25%;\n  }\n  .cssgridlegacy.no-cssgrid .gallery-shortcode.gallery-masonry-shortcode-id-8bbe210685a58f609f743da67fa3ff50.resize-by-browser-width .dt-css-grid .wf-cell.double-width,\n  .no-cssgridlegacy.no-cssgrid .gallery-shortcode.gallery-masonry-shortcode-id-8bbe210685a58f609f743da67fa3ff50.resize-by-browser-width .dt-css-grid .wf-cell.double-width {\n    width: calc(25%)*2;\n  }\n}\n@media screen and (max-width: 991px) {\n  .gallery-shortcode.gallery-masonry-shortcode-id-8bbe210685a58f609f743da67fa3ff50.resize-by-browser-width .dt-css-grid {\n    grid-template-columns: repeat(3,1fr);\n  }\n  .cssgridlegacy.no-cssgrid .gallery-shortcode.gallery-masonry-shortcode-id-8bbe210685a58f609f743da67fa3ff50.resize-by-browser-width .dt-css-grid .wf-cell,\n  .no-cssgridlegacy.no-cssgrid .gallery-shortcode.gallery-masonry-shortcode-id-8bbe210685a58f609f743da67fa3ff50.resize-by-browser-width .dt-css-grid .wf-cell {\n    width: 33.333333333333%;\n  }\n  .cssgridlegacy.no-cssgrid .gallery-shortcode.gallery-masonry-shortcode-id-8bbe210685a58f609f743da67fa3ff50.resize-by-browser-width .dt-css-grid .wf-cell.double-width,\n  .no-cssgridlegacy.no-cssgrid .gallery-shortcode.gallery-masonry-shortcode-id-8bbe210685a58f609f743da67fa3ff50.resize-by-browser-width .dt-css-grid .wf-cell.double-width {\n    width: calc(33.333333333333%)*2;\n  }\n}\n@media screen and (max-width: 767px) {\n  .gallery-shortcode.gallery-masonry-shortcode-id-8bbe210685a58f609f743da67fa3ff50.resize-by-browser-width .dt-css-grid {\n    grid-template-columns: repeat(2,1fr);\n  }\n  .cssgridlegacy.no-cssgrid .gallery-shortcode.gallery-masonry-shortcode-id-8bbe210685a58f609f743da67fa3ff50.resize-by-browser-width .dt-css-grid .wf-cell,\n  .no-cssgridlegacy.no-cssgrid .gallery-shortcode.gallery-masonry-shortcode-id-8bbe210685a58f609f743da67fa3ff50.resize-by-browser-width .dt-css-grid .wf-cell {\n    width: 50%;\n  }\n  .cssgridlegacy.no-cssgrid .gallery-shortcode.gallery-masonry-shortcode-id-8bbe210685a58f609f743da67fa3ff50.resize-by-browser-width .dt-css-grid .wf-cell.double-width,\n  .no-cssgridlegacy.no-cssgrid .gallery-shortcode.gallery-masonry-shortcode-id-8bbe210685a58f609f743da67fa3ff50.resize-by-browser-width .dt-css-grid .wf-cell.double-width {\n    width: calc(50%)*2;\n  }\n}\n<\/style><div class=\"gallery-shortcode dt-gallery-container gallery-masonry-shortcode-id-8bbe210685a58f609f743da67fa3ff50 mode-masonry jquery-filter dt-icon-bg-off quick-scale-img enable-bg-rollover resize-by-browser-width  hover-fade loading-effect-none description-on-hover\" data-padding=\"5px\" data-cur-page=\"1\" data-post-limit=\"-1\" data-pagination-mode=\"none\" data-desktop-columns-num=\"6\" data-v-tablet-columns-num=\"3\" data-h-tablet-columns-num=\"4\" data-phone-columns-num=\"2\" data-width=\"0px\" data-columns=\"0\"><div class=\"iso-container\" ><\/div><!-- iso-container|iso-grid --><\/div>[\/vc_column][\/vc_row][vc_row][vc_column][vc_single_image image=\u00bb2317&#8243; img_size=\u00bb1200&#215;600&#8243;][\/vc_column][\/vc_row]<\/p>\n<\/section>","protected":false},"excerpt":{"rendered":"<p>[vc_row][vc_column][vc_column_text] En medio del bosque. Con t\u00edteres y canciones Cuando el bosque se despierta, las flores, los olores, los sonidos, todo un grupo de animalitos se encuentran para celebrar juntos un nuevo d\u00eda. \u00bfA qu\u00e9 jugar\u00e1n? Da igual, porque cuando est\u00e1n juntos es cuando mejor se lo pasan. Versi\u00f3n del cuento El conillet que volia&hellip;<\/p>\n","protected":false},"author":2,"featured_media":0,"parent":0,"menu_order":0,"comment_status":"closed","ping_status":"closed","template":"","meta":[],"_links":{"self":[{"href":"https:\/\/cacauet.net\/es\/wp-json\/wp\/v2\/pages\/2570"}],"collection":[{"href":"https:\/\/cacauet.net\/es\/wp-json\/wp\/v2\/pages"}],"about":[{"href":"https:\/\/cacauet.net\/es\/wp-json\/wp\/v2\/types\/page"}],"author":[{"embeddable":true,"href":"https:\/\/cacauet.net\/es\/wp-json\/wp\/v2\/users\/2"}],"replies":[{"embeddable":true,"href":"https:\/\/cacauet.net\/es\/wp-json\/wp\/v2\/comments?post=2570"}],"version-history":[{"count":5,"href":"https:\/\/cacauet.net\/es\/wp-json\/wp\/v2\/pages\/2570\/revisions"}],"predecessor-version":[{"id":2979,"href":"https:\/\/cacauet.net\/es\/wp-json\/wp\/v2\/pages\/2570\/revisions\/2979"}],"wp:attachment":[{"href":"https:\/\/cacauet.net\/es\/wp-json\/wp\/v2\/media?parent=2570"}],"curies":[{"name":"wp","href":"https:\/\/api.w.org\/{rel}","templated":true}]}}