{"id":2565,"date":"2018-09-22T10:00:20","date_gmt":"2018-09-22T10:00:20","guid":{"rendered":"https:\/\/cacauet.net\/cacauet-teatre"},"modified":"2025-10-01T09:08:38","modified_gmt":"2025-10-01T09:08:38","slug":"cacauet-teatre","status":"publish","type":"page","link":"https:\/\/cacauet.net\/es","title":{"rendered":"Cacauet teatre"},"content":{"rendered":"<section class=\"wpb-content-wrapper\"><p>[vc_row][vc_column]<style type=\"text\/css\" data-type=\"the7_shortcodes-inline-css\">.gallery-carousel-shortcode.gallery-carousel-shortcode-id-edee9724e6188532563899d458dad450 .owl-nav a {\n  width: 36px;\n  height: 36px;\n  border-radius: 500px;\n}\n.dt-arrow-border-on.gallery-carousel-shortcode.gallery-carousel-shortcode-id-edee9724e6188532563899d458dad450 .owl-nav a:not(:hover):before {\n  border-width: 0px;\n}\n.dt-arrow-hover-border-on.gallery-carousel-shortcode.gallery-carousel-shortcode-id-edee9724e6188532563899d458dad450 .owl-nav a:hover:after {\n  border-width: 0px;\n}\n.gallery-carousel-shortcode.gallery-carousel-shortcode-id-edee9724e6188532563899d458dad450 .owl-nav a.owl-prev {\n  top: 50%;\n  transform: translateY(calc(-50% + 0px));\n  left: -43px;\n}\n@media all and (-ms-high-contrast: none) {\n  .gallery-carousel-shortcode.gallery-carousel-shortcode-id-edee9724e6188532563899d458dad450 .owl-nav a.owl-prev {\n    transform: translateY(-50%);\n    margin-top: 0px;\n  }\n}\n.gallery-carousel-shortcode.gallery-carousel-shortcode-id-edee9724e6188532563899d458dad450 .owl-nav a.owl-prev i {\n  padding: 0px 0px 0px 0px;\n}\n.gallery-carousel-shortcode.gallery-carousel-shortcode-id-edee9724e6188532563899d458dad450 .owl-nav a.owl-next {\n  top: 50%;\n  transform: translateY(calc(-50% + 0px));\n  right: -43px;\n}\n@media all and (-ms-high-contrast: none) {\n  .gallery-carousel-shortcode.gallery-carousel-shortcode-id-edee9724e6188532563899d458dad450 .owl-nav a.owl-next {\n    transform: translateY(-50%);\n    margin-top: 0px;\n  }\n}\n.gallery-carousel-shortcode.gallery-carousel-shortcode-id-edee9724e6188532563899d458dad450 .owl-nav a.owl-next i {\n  padding: 0px 0px 0px 0px;\n}\n.gallery-carousel-shortcode.gallery-carousel-shortcode-id-edee9724e6188532563899d458dad450 .owl-nav i {\n  font-size: 18px;\n}\n.gallery-carousel-shortcode.gallery-carousel-shortcode-id-edee9724e6188532563899d458dad450 .owl-nav a:not(:hover) i,\n.gallery-carousel-shortcode.gallery-carousel-shortcode-id-edee9724e6188532563899d458dad450 .owl-nav a:not(:hover) i:before {\n  color: #ffffff;\n  background: none;\n}\n.gallery-carousel-shortcode.gallery-carousel-shortcode-id-edee9724e6188532563899d458dad450 .owl-nav a:hover i,\n.gallery-carousel-shortcode.gallery-carousel-shortcode-id-edee9724e6188532563899d458dad450 .owl-nav a:hover i:before {\n  color: rgba(255,255,255,0.75);\n  background: none;\n}\n.gallery-carousel-shortcode.gallery-carousel-shortcode-id-edee9724e6188532563899d458dad450 .owl-dots {\n  top: calc(100% + 20px);\n  left: 50%;\n  transform: translateX(calc(-50% + 0px));\n}\n@media all and (-ms-high-contrast: none) {\n  .gallery-carousel-shortcode.gallery-carousel-shortcode-id-edee9724e6188532563899d458dad450 .owl-dots {\n    transform: translateX(-50%);\n    margin-left: 0px;\n  }\n}\n.gallery-carousel-shortcode.gallery-carousel-shortcode-id-edee9724e6188532563899d458dad450 .owl-dot {\n  width: 10px;\n  height: 10px;\n  margin: 0 8px;\n}\n@media screen and (max-width: 778px) {\n  .gallery-carousel-shortcode.gallery-carousel-shortcode-id-edee9724e6188532563899d458dad450.hide-arrows .owl-nav a {\n    display: none;\n  }\n}\n@media screen and (max-width: 778px) {\n  .gallery-carousel-shortcode.gallery-carousel-shortcode-id-edee9724e6188532563899d458dad450.reposition-arrows .owl-nav .owl-prev {\n    top: 50%;\n    transform: translateY(calc(-50% + 0px));\n    left: 10px;\n  }\n  .gallery-carousel-shortcode.gallery-carousel-shortcode-id-edee9724e6188532563899d458dad450.reposition-arrows .owl-nav .owl-next {\n    top: 50%;\n    transform: translateY(calc(-50% + 0px));\n    right: 10px;\n  }\n}\n@media screen and (max-width: 778px) and all and (-ms-high-contrast: none) {\n  .gallery-carousel-shortcode.gallery-carousel-shortcode-id-edee9724e6188532563899d458dad450.reposition-arrows .owl-nav .owl-prev {\n    transform: translateY(-50%);\n    margin-top: 0px;\n  }\n}\n@media screen and (max-width: 778px) and all and (-ms-high-contrast: none) {\n  .gallery-carousel-shortcode.gallery-carousel-shortcode-id-edee9724e6188532563899d458dad450.reposition-arrows .owl-nav .owl-next {\n    transform: translateY(-50%);\n    margin-top: 0px;\n  }\n}\n.gallery-carousel-shortcode.gallery-carousel-shortcode-id-edee9724e6188532563899d458dad450 figure,\n.gallery-carousel-shortcode.gallery-carousel-shortcode-id-edee9724e6188532563899d458dad450 .rollover,\n.gallery-carousel-shortcode.gallery-carousel-shortcode-id-edee9724e6188532563899d458dad450 img,\n.gallery-carousel-shortcode.gallery-carousel-shortcode-id-edee9724e6188532563899d458dad450 .gallery-rollover {\n  border-radius: 0px;\n}\n.gallery-carousel-shortcode.gallery-carousel-shortcode-id-edee9724e6188532563899d458dad450.enable-bg-rollover .gallery-rollover {\n  background: -webkit-linear-gradient();\n  background: linear-gradient();\n}\n.gallery-carousel-shortcode.gallery-carousel-shortcode-id-edee9724e6188532563899d458dad450.enable-img-shadow .owl-stage-outer {\n  padding: 14px 0;\n}\n.gallery-carousel-shortcode.gallery-carousel-shortcode-id-edee9724e6188532563899d458dad450.enable-bg-rollover.hover-scale figure .rollover:after {\n  background: -webkit-linear-gradient();\n  background: linear-gradient();\n}\n.gallery-carousel-shortcode.gallery-carousel-shortcode-id-edee9724e6188532563899d458dad450.gallery-shortcode .gallery-zoom-ico {\n  width: 44px;\n  height: 44px;\n  line-height: 44px;\n  border-radius: 100px;\n  margin: -22px 0 0 -22px;\n  border-width: 0px;\n}\n.dt-icon-bg-on.gallery-carousel-shortcode.gallery-carousel-shortcode-id-edee9724e6188532563899d458dad450.gallery-shortcode .gallery-zoom-ico {\n  background: rgba(255,255,255,0.3);\n  box-shadow: none;\n}\n.gallery-carousel-shortcode.gallery-carousel-shortcode-id-edee9724e6188532563899d458dad450.gallery-shortcode .gallery-zoom-ico:before,\n.gallery-carousel-shortcode.gallery-carousel-shortcode-id-edee9724e6188532563899d458dad450.gallery-shortcode .gallery-zoom-ico span {\n  font-size: 32px;\n  line-height: 44px;\n  color: #ffffff;\n  background: none;\n}\n<\/style><div class=\"owl-carousel gallery-carousel-shortcode gallery-shortcode  dt-gallery-container dt-owl-carousel-call gallery-carousel-shortcode-id-edee9724e6188532563899d458dad450 quick-scale-img enable-bg-rollover meta-info-off dt-arrow-border-on dt-arrow-hover-border-on bullets-small-dot-stroke reposition-arrows dt-icon-bg-off arrows-bg-on disable-arrows-hover-bg arrows-hover-bg-on  hover-fade \" data-scroll-mode=\"1\" data-col-num=\"1\" data-wide-col-num=\"1\" data-laptop-col=\"1\" data-h-tablet-columns-num=\"1\" data-v-tablet-columns-num=\"1\" data-phone-columns-num=\"1\" data-col-gap=\"10\" data-stage-padding=\"0\" data-speed=\"600\" data-autoplay=\"true\" data-autoplay_speed=\"6000\" data-arrows=\"false\" data-bullet=\"false\" data-next-icon=\"icon-ar-017-r\" data-prev-icon=\"icon-ar-017-l\" data-img-shadow-size=\"12px\" data-img-shadow-spread=\"3px\"><div data-post-id=\"3378\" data-date=\"2025-09-28T12:24:29+00:00\" data-name=\"Historia_Mida_CacauetTeatre\"><figure class=\"post\"><a href=\"https:\/\/cacauet.net\/wp-content\/uploads\/2025\/09\/Historia_Mida_CacauetTeatre.jpg\" class=\"rollover dt-pswp-item layzr-bg\" data-large_image_width=\"1800\" data-large_image_height=\"1012\" data-dt-img-description=\"\" title=\"Historia_Mida_CacauetTeatre\"><img class=\"preload-me owl-lazy-load aspect\" src=\"data:image\/svg+xml,%3Csvg%20xmlns%3D&#39;http%3A%2F%2Fwww.w3.org%2F2000%2Fsvg&#39;%20viewBox%3D&#39;0%200%201799%201012&#39;%2F%3E\" data-src=\"https:\/\/cacauet.net\/wp-content\/uploads\/2025\/09\/Historia_Mida_CacauetTeatre.jpg\" data-srcset=\"https:\/\/cacauet.net\/wp-content\/uploads\/2025\/09\/Historia_Mida_CacauetTeatre.jpg 1799w\" loading=\"eager\" style=\"--ratio: 1799 \/ 1012\" sizes=\"(max-width: 1799px) 100vw, 1799px\" alt=\"\" width=\"1799\" height=\"1012\"  \/><span class=\"gallery-rollover\"><\/span><\/a><\/figure><\/div><div data-post-id=\"2283\" data-date=\"2023-08-14T07:27:47+00:00\" data-name=\"Cacauet teatre\"><figure class=\"post\"><a href=\"https:\/\/cacauet.net\/wp-content\/uploads\/2023\/08\/vol_papallones_7.jpg\" class=\"rollover dt-pswp-item layzr-bg\" data-large_image_width=\"1800\" data-large_image_height=\"1200\" data-dt-img-description=\"\" title=\"Cacauet teatre\"><img class=\"preload-me owl-lazy-load aspect\" src=\"data:image\/svg+xml,%3Csvg%20xmlns%3D&#39;http%3A%2F%2Fwww.w3.org%2F2000%2Fsvg&#39;%20viewBox%3D&#39;0%200%201799%201012&#39;%2F%3E\" data-src=\"https:\/\/cacauet.net\/wp-content\/uploads\/2023\/08\/vol_papallones_7-1799x1012.jpg\" data-srcset=\"https:\/\/cacauet.net\/wp-content\/uploads\/2023\/08\/vol_papallones_7-1799x1012.jpg 1799w, https:\/\/cacauet.net\/wp-content\/uploads\/2023\/08\/vol_papallones_7-1800x1012.jpg 1800w\" loading=\"eager\" style=\"--ratio: 1799 \/ 1012\" sizes=\"(max-width: 1799px) 100vw, 1799px\" alt=\"\" width=\"1799\" height=\"1012\"  \/><span class=\"gallery-rollover\"><\/span><\/a><\/figure><\/div><div data-post-id=\"2287\" data-date=\"2023-08-14T07:27:50+00:00\" data-name=\"vol_papallones_9\"><figure class=\"post\"><a href=\"https:\/\/cacauet.net\/wp-content\/uploads\/2023\/08\/vol_papallones_9.jpg\" class=\"rollover dt-pswp-item layzr-bg\" data-large_image_width=\"1920\" data-large_image_height=\"1280\" data-dt-img-description=\"\" title=\"vol_papallones_9\"><img class=\"preload-me owl-lazy-load aspect\" src=\"data:image\/svg+xml,%3Csvg%20xmlns%3D&#39;http%3A%2F%2Fwww.w3.org%2F2000%2Fsvg&#39;%20viewBox%3D&#39;0%200%201920%201080&#39;%2F%3E\" data-src=\"https:\/\/cacauet.net\/wp-content\/uploads\/2023\/08\/vol_papallones_9-1920x1080.jpg\" data-srcset=\"https:\/\/cacauet.net\/wp-content\/uploads\/2023\/08\/vol_papallones_9-1920x1080.jpg 1920w\" loading=\"eager\" style=\"--ratio: 1920 \/ 1080\" sizes=\"(max-width: 1920px) 100vw, 1920px\" alt=\"\" width=\"1920\" height=\"1080\"  \/><span class=\"gallery-rollover\"><\/span><\/a><\/figure><\/div><div data-post-id=\"2277\" data-date=\"2023-08-14T07:27:42+00:00\" data-name=\"Cacauet teatre\"><figure class=\"post\"><a href=\"https:\/\/cacauet.net\/wp-content\/uploads\/2023\/08\/vol_papallones_4.jpg\" class=\"rollover dt-pswp-item layzr-bg\" data-large_image_width=\"1800\" data-large_image_height=\"1200\" data-dt-img-description=\"\" title=\"Cacauet teatre\"><img class=\"preload-me owl-lazy-load aspect\" src=\"data:image\/svg+xml,%3Csvg%20xmlns%3D&#39;http%3A%2F%2Fwww.w3.org%2F2000%2Fsvg&#39;%20viewBox%3D&#39;0%200%201799%201012&#39;%2F%3E\" data-src=\"https:\/\/cacauet.net\/wp-content\/uploads\/2023\/08\/vol_papallones_4-1799x1012.jpg\" data-srcset=\"https:\/\/cacauet.net\/wp-content\/uploads\/2023\/08\/vol_papallones_4-1799x1012.jpg 1799w, https:\/\/cacauet.net\/wp-content\/uploads\/2023\/08\/vol_papallones_4-1800x1012.jpg 1800w\" loading=\"eager\" style=\"--ratio: 1799 \/ 1012\" sizes=\"(max-width: 1799px) 100vw, 1799px\" alt=\"\" width=\"1799\" height=\"1012\"  \/><span class=\"gallery-rollover\"><\/span><\/a><\/figure><\/div><div data-post-id=\"2293\" data-date=\"2023-08-14T07:27:57+00:00\" data-name=\"Cacauet teatre\"><figure class=\"post\"><a href=\"https:\/\/cacauet.net\/wp-content\/uploads\/2023\/08\/vol_papallones_12.jpg\" class=\"rollover dt-pswp-item layzr-bg\" data-large_image_width=\"1800\" data-large_image_height=\"1200\" data-dt-img-description=\"\" title=\"Cacauet teatre\"><img class=\"preload-me owl-lazy-load aspect\" src=\"data:image\/svg+xml,%3Csvg%20xmlns%3D&#39;http%3A%2F%2Fwww.w3.org%2F2000%2Fsvg&#39;%20viewBox%3D&#39;0%200%201799%201012&#39;%2F%3E\" data-src=\"https:\/\/cacauet.net\/wp-content\/uploads\/2023\/08\/vol_papallones_12-1799x1012.jpg\" data-srcset=\"https:\/\/cacauet.net\/wp-content\/uploads\/2023\/08\/vol_papallones_12-1799x1012.jpg 1799w, https:\/\/cacauet.net\/wp-content\/uploads\/2023\/08\/vol_papallones_12-1800x1012.jpg 1800w\" loading=\"eager\" style=\"--ratio: 1799 \/ 1012\" sizes=\"(max-width: 1799px) 100vw, 1799px\" alt=\"\" width=\"1799\" height=\"1012\"  \/><span class=\"gallery-rollover\"><\/span><\/a><\/figure><\/div><div data-post-id=\"2285\" data-date=\"2023-08-14T07:27:49+00:00\" data-name=\"vol_papallones_8\"><figure class=\"post\"><a href=\"https:\/\/cacauet.net\/wp-content\/uploads\/2023\/08\/vol_papallones_8.jpg\" class=\"rollover dt-pswp-item layzr-bg\" data-large_image_width=\"1920\" data-large_image_height=\"1280\" data-dt-img-description=\"\" title=\"vol_papallones_8\"><img class=\"preload-me owl-lazy-load aspect\" src=\"data:image\/svg+xml,%3Csvg%20xmlns%3D&#39;http%3A%2F%2Fwww.w3.org%2F2000%2Fsvg&#39;%20viewBox%3D&#39;0%200%201920%201080&#39;%2F%3E\" data-src=\"https:\/\/cacauet.net\/wp-content\/uploads\/2023\/08\/vol_papallones_8-1920x1080.jpg\" data-srcset=\"https:\/\/cacauet.net\/wp-content\/uploads\/2023\/08\/vol_papallones_8-1920x1080.jpg 1920w\" loading=\"eager\" style=\"--ratio: 1920 \/ 1080\" sizes=\"(max-width: 1920px) 100vw, 1920px\" alt=\"\" width=\"1920\" height=\"1080\"  \/><span class=\"gallery-rollover\"><\/span><\/a><\/figure><\/div><div data-post-id=\"2289\" data-date=\"2023-08-14T07:27:52+00:00\" data-name=\"Cacauet teatre\"><figure class=\"post\"><a href=\"https:\/\/cacauet.net\/wp-content\/uploads\/2023\/08\/vol_papallones_10-e1692003458654.jpg\" class=\"rollover dt-pswp-item layzr-bg\" data-large_image_width=\"1200\" data-large_image_height=\"800\" data-dt-img-description=\"\" title=\"Cacauet teatre\"><img class=\"preload-me owl-lazy-load aspect\" src=\"data:image\/svg+xml,%3Csvg%20xmlns%3D&#39;http%3A%2F%2Fwww.w3.org%2F2000%2Fsvg&#39;%20viewBox%3D&#39;0%200%201200%20675&#39;%2F%3E\" data-src=\"https:\/\/cacauet.net\/wp-content\/uploads\/2023\/08\/vol_papallones_10-e1692003458654-1200x675.jpg\" data-srcset=\"https:\/\/cacauet.net\/wp-content\/uploads\/2023\/08\/vol_papallones_10-e1692003458654-1200x675.jpg 1200w\" loading=\"eager\" style=\"--ratio: 1200 \/ 675\" sizes=\"(max-width: 1200px) 100vw, 1200px\" alt=\"\" width=\"1200\" height=\"675\"  \/><span class=\"gallery-rollover\"><\/span><\/a><\/figure><\/div><div data-post-id=\"2415\" data-date=\"2023-08-20T21:30:52+00:00\" data-name=\"1692539027139\"><figure class=\"post\"><a href=\"https:\/\/cacauet.net\/wp-content\/uploads\/2023\/08\/1692539027139.webp\" class=\"rollover dt-pswp-item layzr-bg\" data-large_image_width=\"1440\" data-large_image_height=\"959\" data-dt-img-description=\"\" title=\"1692539027139\"><img class=\"preload-me owl-lazy-load aspect\" src=\"data:image\/svg+xml,%3Csvg%20xmlns%3D&#39;http%3A%2F%2Fwww.w3.org%2F2000%2Fsvg&#39;%20viewBox%3D&#39;0%200%201440%20810&#39;%2F%3E\" data-src=\"https:\/\/cacauet.net\/wp-content\/uploads\/2023\/08\/1692539027139-1440x810.webp\" data-srcset=\"https:\/\/cacauet.net\/wp-content\/uploads\/2023\/08\/1692539027139-1440x810.webp 1440w\" loading=\"eager\" style=\"--ratio: 1440 \/ 810\" sizes=\"(max-width: 1440px) 100vw, 1440px\" alt=\"\" width=\"1440\" height=\"810\"  \/><span class=\"gallery-rollover\"><\/span><\/a><\/figure><\/div><div data-post-id=\"2351\" data-date=\"2023-08-20T21:28:56+00:00\" data-name=\"1692539027085\"><figure class=\"post\"><a href=\"https:\/\/cacauet.net\/wp-content\/uploads\/2023\/08\/1692539027085.webp\" class=\"rollover dt-pswp-item layzr-bg\" data-large_image_width=\"1024\" data-large_image_height=\"767\" data-dt-img-description=\"\" title=\"1692539027085\"><img class=\"preload-me owl-lazy-load aspect\" src=\"data:image\/svg+xml,%3Csvg%20xmlns%3D&#39;http%3A%2F%2Fwww.w3.org%2F2000%2Fsvg&#39;%20viewBox%3D&#39;0%200%201024%20576&#39;%2F%3E\" data-src=\"https:\/\/cacauet.net\/wp-content\/uploads\/2023\/08\/1692539027085-1024x576.webp\" data-srcset=\"https:\/\/cacauet.net\/wp-content\/uploads\/2023\/08\/1692539027085-1024x576.webp 1024w\" loading=\"eager\" style=\"--ratio: 1024 \/ 576\" sizes=\"(max-width: 1024px) 100vw, 1024px\" alt=\"\" width=\"1024\" height=\"576\"  \/><span class=\"gallery-rollover\"><\/span><\/a><\/figure><\/div><div data-post-id=\"2355\" data-date=\"2023-08-20T21:28:59+00:00\" data-name=\"1692539027250\"><figure class=\"post\"><a href=\"https:\/\/cacauet.net\/wp-content\/uploads\/2023\/08\/1692539027250.webp\" class=\"rollover dt-pswp-item layzr-bg\" data-large_image_width=\"1440\" data-large_image_height=\"809\" data-dt-img-description=\"\" title=\"1692539027250\"><img class=\"preload-me owl-lazy-load aspect\" src=\"data:image\/svg+xml,%3Csvg%20xmlns%3D&#39;http%3A%2F%2Fwww.w3.org%2F2000%2Fsvg&#39;%20viewBox%3D&#39;0%200%201438%20809&#39;%2F%3E\" data-src=\"https:\/\/cacauet.net\/wp-content\/uploads\/2023\/08\/1692539027250-1438x809.webp\" data-srcset=\"https:\/\/cacauet.net\/wp-content\/uploads\/2023\/08\/1692539027250-1438x809.webp 1438w\" loading=\"eager\" style=\"--ratio: 1438 \/ 809\" sizes=\"(max-width: 1438px) 100vw, 1438px\" alt=\"\" width=\"1438\" height=\"809\"  \/><span class=\"gallery-rollover\"><\/span><\/a><\/figure><\/div><div data-post-id=\"2363\" data-date=\"2023-08-20T21:29:04+00:00\" data-name=\"1692539027461\"><figure class=\"post\"><a href=\"https:\/\/cacauet.net\/wp-content\/uploads\/2023\/08\/1692539027461.webp\" class=\"rollover dt-pswp-item layzr-bg\" data-large_image_width=\"1090\" data-large_image_height=\"697\" data-dt-img-description=\"\" title=\"1692539027461\"><img class=\"preload-me owl-lazy-load aspect\" src=\"data:image\/svg+xml,%3Csvg%20xmlns%3D&#39;http%3A%2F%2Fwww.w3.org%2F2000%2Fsvg&#39;%20viewBox%3D&#39;0%200%201089%20613&#39;%2F%3E\" data-src=\"https:\/\/cacauet.net\/wp-content\/uploads\/2023\/08\/1692539027461-1089x613.webp\" data-srcset=\"https:\/\/cacauet.net\/wp-content\/uploads\/2023\/08\/1692539027461-1089x613.webp 1089w, https:\/\/cacauet.net\/wp-content\/uploads\/2023\/08\/1692539027461-1090x613.webp 1090w\" loading=\"eager\" style=\"--ratio: 1089 \/ 613\" sizes=\"(max-width: 1089px) 100vw, 1089px\" alt=\"\" width=\"1089\" height=\"613\"  \/><span class=\"gallery-rollover\"><\/span><\/a><\/figure><\/div><div data-post-id=\"2373\" data-date=\"2023-08-20T21:29:09+00:00\" data-name=\"1692539027591\"><figure class=\"post\"><a href=\"https:\/\/cacauet.net\/wp-content\/uploads\/2023\/08\/1692539027591.jpg\" class=\"rollover dt-pswp-item layzr-bg\" data-large_image_width=\"1440\" data-large_image_height=\"1076\" data-dt-img-description=\"\" title=\"1692539027591\"><img class=\"preload-me owl-lazy-load aspect\" src=\"data:image\/svg+xml,%3Csvg%20xmlns%3D&#39;http%3A%2F%2Fwww.w3.org%2F2000%2Fsvg&#39;%20viewBox%3D&#39;0%200%201440%20810&#39;%2F%3E\" data-src=\"https:\/\/cacauet.net\/wp-content\/uploads\/2023\/08\/1692539027591-1440x810.jpg\" data-srcset=\"https:\/\/cacauet.net\/wp-content\/uploads\/2023\/08\/1692539027591-1440x810.jpg 1440w\" loading=\"eager\" style=\"--ratio: 1440 \/ 810\" sizes=\"(max-width: 1440px) 100vw, 1440px\" alt=\"\" width=\"1440\" height=\"810\"  \/><span class=\"gallery-rollover\"><\/span><\/a><\/figure><\/div><\/div>[vc_empty_space][\/vc_column][\/vc_row][vc_row][vc_column][vc_column_text]<\/p>\n<h2>Cacauet teatre<\/h2>\n<p>Somos una compa\u00f1ia de teatro y ofrecemos espect\u00e1culos para todos los p\u00fablicos, en especial para el p\u00fablico familiar. Nuestras herramientas son la manipulaci\u00f3n de t\u00edteres y objetos, el teatro de luz y sombras, el gesto, la voz y la m\u00fasica en directo.<\/p>\n<p>Una actriz, un m\u00fasico, una artista pl\u00e1stica y otros profesionales imprescindibles que colaboren en los diversos proyectos.<\/p>\n<p>Queremos ofrecer propuestas creativas y originales. Nos arriesgamos con un lenguaje multidisciplinar, el trabajo con los materiales, la luz y la sombra, la voz y la m\u00fasica. Valoramos nuestra libertad en todo el proceso creativo y la cercan\u00eda con el p\u00fablico.<\/p>\n<p>Desde sus inicios Cacauet teatre tambi\u00e9n ofrece sesiones muy trabajadas de narraci\u00f3n oral y talleres creativos.[\/vc_column_text][\/vc_column][\/vc_row]<\/p>\n<\/section>","protected":false},"excerpt":{"rendered":"<p>[vc_row][vc_column][vc_empty_space][\/vc_column][\/vc_row][vc_row][vc_column][vc_column_text] Cacauet teatre Somos una compa\u00f1ia de teatro y ofrecemos espect\u00e1culos para todos los p\u00fablicos, en especial para el p\u00fablico familiar. Nuestras herramientas son la manipulaci\u00f3n de t\u00edteres y objetos, el teatro de luz y sombras, el gesto, la voz y la m\u00fasica en directo. Una actriz, un m\u00fasico, una artista pl\u00e1stica y otros profesionales&hellip;<\/p>\n","protected":false},"author":1,"featured_media":0,"parent":0,"menu_order":0,"comment_status":"closed","ping_status":"closed","template":"","meta":[],"_links":{"self":[{"href":"https:\/\/cacauet.net\/es\/wp-json\/wp\/v2\/pages\/2565"}],"collection":[{"href":"https:\/\/cacauet.net\/es\/wp-json\/wp\/v2\/pages"}],"about":[{"href":"https:\/\/cacauet.net\/es\/wp-json\/wp\/v2\/types\/page"}],"author":[{"embeddable":true,"href":"https:\/\/cacauet.net\/es\/wp-json\/wp\/v2\/users\/1"}],"replies":[{"embeddable":true,"href":"https:\/\/cacauet.net\/es\/wp-json\/wp\/v2\/comments?post=2565"}],"version-history":[{"count":6,"href":"https:\/\/cacauet.net\/es\/wp-json\/wp\/v2\/pages\/2565\/revisions"}],"predecessor-version":[{"id":3387,"href":"https:\/\/cacauet.net\/es\/wp-json\/wp\/v2\/pages\/2565\/revisions\/3387"}],"wp:attachment":[{"href":"https:\/\/cacauet.net\/es\/wp-json\/wp\/v2\/media?parent=2565"}],"curies":[{"name":"wp","href":"https:\/\/api.w.org\/{rel}","templated":true}]}}